{"id":1114,"date":"2022-11-18T12:35:11","date_gmt":"2022-11-18T12:35:11","guid":{"rendered":"https:\/\/teszt.ferenczykollegium.hu\/?page_id=1114"},"modified":"2025-11-11T13:52:56","modified_gmt":"2025-11-11T12:52:56","slug":"galeria2","status":"publish","type":"page","link":"https:\/\/ferenczykollegium.hu\/?page_id=1114","title":{"rendered":"Gal\u00e9ri\u00e1k"},"content":{"rendered":"\n<figure class=\"wp-block-image size-large is-resized\"><img loading=\"lazy\" decoding=\"async\" width=\"768\" height=\"1024\" src=\"https:\/\/ferenczykollegium.hu\/wp-content\/uploads\/2025\/11\/Udvozlet-768x1024.jpeg\" alt=\"\" class=\"wp-image-2611\" style=\"width:392px;height:auto\" srcset=\"https:\/\/ferenczykollegium.hu\/wp-content\/uploads\/2025\/11\/Udvozlet-768x1024.jpeg 768w, https:\/\/ferenczykollegium.hu\/wp-content\/uploads\/2025\/11\/Udvozlet-225x300.jpeg 225w, https:\/\/ferenczykollegium.hu\/wp-content\/uploads\/2025\/11\/Udvozlet-1152x1536.jpeg 1152w, https:\/\/ferenczykollegium.hu\/wp-content\/uploads\/2025\/11\/Udvozlet.jpeg 1536w\" sizes=\"auto, (max-width: 768px) 100vw, 768px\" \/><\/figure>\n\n\n\n<p class=\"has-vivid-cyan-blue-color has-pale-cyan-blue-background-color has-text-color has-background has-link-color wp-elements-a13a7795a7b983a8b4802e6f6f9e9323\">Tov\u00e1bbi k\u00e9peink az &#8222;Esem\u00e9nyeink&#8221; \u00e9s a &#8222;Gal\u00e9ri\u00e1k\/k\u00e9pek&#8221; men\u00fcben tal\u00e1lhat\u00f3k!<\/p>\n\n\n\n<p><\/p>\n","protected":false},"excerpt":{"rendered":"<p>Tov\u00e1bbi k\u00e9peink az &#8222;Esem\u00e9nyeink&#8221; \u00e9s a &#8222;Gal\u00e9ri\u00e1k\/k\u00e9pek&#8221; men\u00fcben tal\u00e1lhat\u00f3k!<\/p>\n","protected":false},"author":1,"featured_media":0,"parent":0,"menu_order":0,"comment_status":"closed","ping_status":"closed","template":"","meta":{"ngg_post_thumbnail":0,"_mc_calendar":[],"footnotes":""},"class_list":["post-1114","page","type-page","status-publish","hentry"],"yoast_head":"<!-- This site is optimized with the Yoast SEO plugin v27.2 - https:\/\/yoast.com\/product\/yoast-seo-wordpress\/ -->\n<title>Gal\u00e9ri\u00e1k - Ferenczy No\u00e9mi K\u00f6z\u00e9piskolai Le\u00e1nykoll\u00e9gium<\/title>\n<meta name=\"robots\" content=\"index, follow, max-snippet:-1, max-image-preview:large, max-video-preview:-1\" \/>\n<link rel=\"canonical\" href=\"https:\/\/ferenczykollegium.hu\/?page_id=1114\" \/>\n<meta property=\"og:locale\" content=\"hu_HU\" \/>\n<meta property=\"og:type\" content=\"article\" \/>\n<meta property=\"og:title\" content=\"Gal\u00e9ri\u00e1k - Ferenczy No\u00e9mi K\u00f6z\u00e9piskolai Le\u00e1nykoll\u00e9gium\" \/>\n<meta property=\"og:description\" content=\"Tov\u00e1bbi k\u00e9peink az &#8222;Esem\u00e9nyeink&#8221; \u00e9s a &#8222;Gal\u00e9ri\u00e1k\/k\u00e9pek&#8221; men\u00fcben tal\u00e1lhat\u00f3k!\" \/>\n<meta property=\"og:url\" content=\"https:\/\/ferenczykollegium.hu\/?page_id=1114\" \/>\n<meta property=\"og:site_name\" content=\"Ferenczy No\u00e9mi K\u00f6z\u00e9piskolai Le\u00e1nykoll\u00e9gium\" \/>\n<meta property=\"article:publisher\" content=\"https:\/\/www.facebook.com\/ferenczynoemi.kozepiskolaikollegium\" \/>\n<meta property=\"article:modified_time\" content=\"2025-11-11T12:52:56+00:00\" \/>\n<meta property=\"og:image\" content=\"https:\/\/ferenczykollegium.hu\/wp-content\/uploads\/2025\/11\/Udvozlet.jpeg\" \/>\n\t<meta property=\"og:image:width\" content=\"1536\" \/>\n\t<meta property=\"og:image:height\" content=\"2048\" \/>\n\t<meta property=\"og:image:type\" content=\"image\/jpeg\" \/>\n<meta name=\"twitter:card\" content=\"summary_large_image\" \/>\n<meta name=\"twitter:label1\" content=\"Becs\u00fclt olvas\u00e1si id\u0151\" \/>\n\t<meta name=\"twitter:data1\" content=\"1 perc\" \/>\n<script type=\"application\/ld+json\" class=\"yoast-schema-graph\">{\"@context\":\"https:\/\/schema.org\",\"@graph\":[{\"@type\":\"WebPage\",\"@id\":\"https:\/\/ferenczykollegium.hu\/?page_id=1114\",\"url\":\"https:\/\/ferenczykollegium.hu\/?page_id=1114\",\"name\":\"Gal\u00e9ri\u00e1k - Ferenczy No\u00e9mi K\u00f6z\u00e9piskolai Le\u00e1nykoll\u00e9gium\",\"isPartOf\":{\"@id\":\"https:\/\/ferenczykollegium.hu\/#website\"},\"primaryImageOfPage\":{\"@id\":\"https:\/\/ferenczykollegium.hu\/?page_id=1114#primaryimage\"},\"image\":{\"@id\":\"https:\/\/ferenczykollegium.hu\/?page_id=1114#primaryimage\"},\"thumbnailUrl\":\"https:\/\/ferenczykollegium.hu\/wp-content\/uploads\/2025\/11\/Udvozlet-768x1024.jpeg\",\"datePublished\":\"2022-11-18T12:35:11+00:00\",\"dateModified\":\"2025-11-11T12:52:56+00:00\",\"inLanguage\":\"hu\",\"potentialAction\":[{\"@type\":\"ReadAction\",\"target\":[\"https:\/\/ferenczykollegium.hu\/?page_id=1114\"]}]},{\"@type\":\"ImageObject\",\"inLanguage\":\"hu\",\"@id\":\"https:\/\/ferenczykollegium.hu\/?page_id=1114#primaryimage\",\"url\":\"https:\/\/ferenczykollegium.hu\/wp-content\/uploads\/2025\/11\/Udvozlet.jpeg\",\"contentUrl\":\"https:\/\/ferenczykollegium.hu\/wp-content\/uploads\/2025\/11\/Udvozlet.jpeg\",\"width\":1536,\"height\":2048},{\"@type\":\"WebSite\",\"@id\":\"https:\/\/ferenczykollegium.hu\/#website\",\"url\":\"https:\/\/ferenczykollegium.hu\/\",\"name\":\"Ferenczy No\u00e9mi K\u00f6z\u00e9piskolai Le\u00e1nykoll\u00e9gium\",\"description\":\"\",\"potentialAction\":[{\"@type\":\"SearchAction\",\"target\":{\"@type\":\"EntryPoint\",\"urlTemplate\":\"https:\/\/ferenczykollegium.hu\/?s={search_term_string}\"},\"query-input\":{\"@type\":\"PropertyValueSpecification\",\"valueRequired\":true,\"valueName\":\"search_term_string\"}}],\"inLanguage\":\"hu\"}]}<\/script>\n<!-- \/ Yoast SEO plugin. -->","yoast_head_json":{"title":"Gal\u00e9ri\u00e1k - Ferenczy No\u00e9mi K\u00f6z\u00e9piskolai Le\u00e1nykoll\u00e9gium","robots":{"index":"index","follow":"follow","max-snippet":"max-snippet:-1","max-image-preview":"max-image-preview:large","max-video-preview":"max-video-preview:-1"},"canonical":"https:\/\/ferenczykollegium.hu\/?page_id=1114","og_locale":"hu_HU","og_type":"article","og_title":"Gal\u00e9ri\u00e1k - Ferenczy No\u00e9mi K\u00f6z\u00e9piskolai Le\u00e1nykoll\u00e9gium","og_description":"Tov\u00e1bbi k\u00e9peink az &#8222;Esem\u00e9nyeink&#8221; \u00e9s a &#8222;Gal\u00e9ri\u00e1k\/k\u00e9pek&#8221; men\u00fcben tal\u00e1lhat\u00f3k!","og_url":"https:\/\/ferenczykollegium.hu\/?page_id=1114","og_site_name":"Ferenczy No\u00e9mi K\u00f6z\u00e9piskolai Le\u00e1nykoll\u00e9gium","article_publisher":"https:\/\/www.facebook.com\/ferenczynoemi.kozepiskolaikollegium","article_modified_time":"2025-11-11T12:52:56+00:00","og_image":[{"width":1536,"height":2048,"url":"https:\/\/ferenczykollegium.hu\/wp-content\/uploads\/2025\/11\/Udvozlet.jpeg","type":"image\/jpeg"}],"twitter_card":"summary_large_image","twitter_misc":{"Becs\u00fclt olvas\u00e1si id\u0151":"1 perc"},"schema":{"@context":"https:\/\/schema.org","@graph":[{"@type":"WebPage","@id":"https:\/\/ferenczykollegium.hu\/?page_id=1114","url":"https:\/\/ferenczykollegium.hu\/?page_id=1114","name":"Gal\u00e9ri\u00e1k - Ferenczy No\u00e9mi K\u00f6z\u00e9piskolai Le\u00e1nykoll\u00e9gium","isPartOf":{"@id":"https:\/\/ferenczykollegium.hu\/#website"},"primaryImageOfPage":{"@id":"https:\/\/ferenczykollegium.hu\/?page_id=1114#primaryimage"},"image":{"@id":"https:\/\/ferenczykollegium.hu\/?page_id=1114#primaryimage"},"thumbnailUrl":"https:\/\/ferenczykollegium.hu\/wp-content\/uploads\/2025\/11\/Udvozlet-768x1024.jpeg","datePublished":"2022-11-18T12:35:11+00:00","dateModified":"2025-11-11T12:52:56+00:00","inLanguage":"hu","potentialAction":[{"@type":"ReadAction","target":["https:\/\/ferenczykollegium.hu\/?page_id=1114"]}]},{"@type":"ImageObject","inLanguage":"hu","@id":"https:\/\/ferenczykollegium.hu\/?page_id=1114#primaryimage","url":"https:\/\/ferenczykollegium.hu\/wp-content\/uploads\/2025\/11\/Udvozlet.jpeg","contentUrl":"https:\/\/ferenczykollegium.hu\/wp-content\/uploads\/2025\/11\/Udvozlet.jpeg","width":1536,"height":2048},{"@type":"WebSite","@id":"https:\/\/ferenczykollegium.hu\/#website","url":"https:\/\/ferenczykollegium.hu\/","name":"Ferenczy No\u00e9mi K\u00f6z\u00e9piskolai Le\u00e1nykoll\u00e9gium","description":"","potentialAction":[{"@type":"SearchAction","target":{"@type":"EntryPoint","urlTemplate":"https:\/\/ferenczykollegium.hu\/?s={search_term_string}"},"query-input":{"@type":"PropertyValueSpecification","valueRequired":true,"valueName":"search_term_string"}}],"inLanguage":"hu"}]}},"_links":{"self":[{"href":"https:\/\/ferenczykollegium.hu\/index.php?rest_route=\/wp\/v2\/pages\/1114","targetHints":{"allow":["GET"]}}],"collection":[{"href":"https:\/\/ferenczykollegium.hu\/index.php?rest_route=\/wp\/v2\/pages"}],"about":[{"href":"https:\/\/ferenczykollegium.hu\/index.php?rest_route=\/wp\/v2\/types\/page"}],"author":[{"embeddable":true,"href":"https:\/\/ferenczykollegium.hu\/index.php?rest_route=\/wp\/v2\/users\/1"}],"replies":[{"embeddable":true,"href":"https:\/\/ferenczykollegium.hu\/index.php?rest_route=%2Fwp%2Fv2%2Fcomments&post=1114"}],"version-history":[{"count":55,"href":"https:\/\/ferenczykollegium.hu\/index.php?rest_route=\/wp\/v2\/pages\/1114\/revisions"}],"predecessor-version":[{"id":2614,"href":"https:\/\/ferenczykollegium.hu\/index.php?rest_route=\/wp\/v2\/pages\/1114\/revisions\/2614"}],"wp:attachment":[{"href":"https:\/\/ferenczykollegium.hu\/index.php?rest_route=%2Fwp%2Fv2%2Fmedia&parent=1114"}],"curies":[{"name":"wp","href":"https:\/\/api.w.org\/{rel}","templated":true}]}}