{"id":1459,"date":"2023-11-27T11:33:40","date_gmt":"2023-11-27T11:33:40","guid":{"rendered":"https:\/\/teszt.ferenczykollegium.hu\/?page_id=1459"},"modified":"2023-11-27T11:33:40","modified_gmt":"2023-11-27T11:33:40","slug":"nevado-2023","status":"publish","type":"page","link":"https:\/\/ferenczykollegium.hu\/?page_id=1459","title":{"rendered":"N\u00e9vad\u00f3 2023"},"content":{"rendered":"ngg_shortcode_0_placeholder\n","protected":false},"excerpt":{"rendered":"","protected":false},"author":1,"featured_media":0,"parent":0,"menu_order":0,"comment_status":"closed","ping_status":"closed","template":"","meta":{"ngg_post_thumbnail":0,"_mc_calendar":[],"footnotes":""},"class_list":["post-1459","page","type-page","status-publish","hentry"],"yoast_head":"<!-- This site is optimized with the Yoast SEO plugin v27.2 - https:\/\/yoast.com\/product\/yoast-seo-wordpress\/ -->\n<title>N\u00e9vad\u00f3 2023 - Ferenczy No\u00e9mi K\u00f6z\u00e9piskolai Le\u00e1nykoll\u00e9gium<\/title>\n<meta name=\"robots\" content=\"index, follow, max-snippet:-1, max-image-preview:large, max-video-preview:-1\" \/>\n<link rel=\"canonical\" href=\"https:\/\/ferenczykollegium.hu\/?page_id=1459\" \/>\n<meta property=\"og:locale\" content=\"hu_HU\" \/>\n<meta property=\"og:type\" content=\"article\" \/>\n<meta property=\"og:title\" content=\"N\u00e9vad\u00f3 2023 - Ferenczy No\u00e9mi K\u00f6z\u00e9piskolai Le\u00e1nykoll\u00e9gium\" \/>\n<meta property=\"og:url\" content=\"https:\/\/ferenczykollegium.hu\/?page_id=1459\" \/>\n<meta property=\"og:site_name\" content=\"Ferenczy No\u00e9mi K\u00f6z\u00e9piskolai Le\u00e1nykoll\u00e9gium\" \/>\n<meta property=\"article:publisher\" content=\"https:\/\/www.facebook.com\/ferenczynoemi.kozepiskolaikollegium\" \/>\n<meta name=\"twitter:card\" content=\"summary_large_image\" \/>\n<script type=\"application\/ld+json\" class=\"yoast-schema-graph\">{\"@context\":\"https:\/\/schema.org\",\"@graph\":[{\"@type\":\"WebPage\",\"@id\":\"https:\/\/ferenczykollegium.hu\/?page_id=1459\",\"url\":\"https:\/\/ferenczykollegium.hu\/?page_id=1459\",\"name\":\"N\u00e9vad\u00f3 2023 - Ferenczy No\u00e9mi K\u00f6z\u00e9piskolai Le\u00e1nykoll\u00e9gium\",\"isPartOf\":{\"@id\":\"https:\/\/ferenczykollegium.hu\/#website\"},\"datePublished\":\"2023-11-27T11:33:40+00:00\",\"inLanguage\":\"hu\",\"potentialAction\":[{\"@type\":\"ReadAction\",\"target\":[\"https:\/\/ferenczykollegium.hu\/?page_id=1459\"]}]},{\"@type\":\"WebSite\",\"@id\":\"https:\/\/ferenczykollegium.hu\/#website\",\"url\":\"https:\/\/ferenczykollegium.hu\/\",\"name\":\"Ferenczy No\u00e9mi K\u00f6z\u00e9piskolai Le\u00e1nykoll\u00e9gium\",\"description\":\"\",\"potentialAction\":[{\"@type\":\"SearchAction\",\"target\":{\"@type\":\"EntryPoint\",\"urlTemplate\":\"https:\/\/ferenczykollegium.hu\/?s={search_term_string}\"},\"query-input\":{\"@type\":\"PropertyValueSpecification\",\"valueRequired\":true,\"valueName\":\"search_term_string\"}}],\"inLanguage\":\"hu\"}]}<\/script>\n<!-- \/ Yoast SEO plugin. -->","yoast_head_json":{"title":"N\u00e9vad\u00f3 2023 - Ferenczy No\u00e9mi K\u00f6z\u00e9piskolai Le\u00e1nykoll\u00e9gium","robots":{"index":"index","follow":"follow","max-snippet":"max-snippet:-1","max-image-preview":"max-image-preview:large","max-video-preview":"max-video-preview:-1"},"canonical":"https:\/\/ferenczykollegium.hu\/?page_id=1459","og_locale":"hu_HU","og_type":"article","og_title":"N\u00e9vad\u00f3 2023 - Ferenczy No\u00e9mi K\u00f6z\u00e9piskolai Le\u00e1nykoll\u00e9gium","og_url":"https:\/\/ferenczykollegium.hu\/?page_id=1459","og_site_name":"Ferenczy No\u00e9mi K\u00f6z\u00e9piskolai Le\u00e1nykoll\u00e9gium","article_publisher":"https:\/\/www.facebook.com\/ferenczynoemi.kozepiskolaikollegium","twitter_card":"summary_large_image","schema":{"@context":"https:\/\/schema.org","@graph":[{"@type":"WebPage","@id":"https:\/\/ferenczykollegium.hu\/?page_id=1459","url":"https:\/\/ferenczykollegium.hu\/?page_id=1459","name":"N\u00e9vad\u00f3 2023 - Ferenczy No\u00e9mi K\u00f6z\u00e9piskolai Le\u00e1nykoll\u00e9gium","isPartOf":{"@id":"https:\/\/ferenczykollegium.hu\/#website"},"datePublished":"2023-11-27T11:33:40+00:00","inLanguage":"hu","potentialAction":[{"@type":"ReadAction","target":["https:\/\/ferenczykollegium.hu\/?page_id=1459"]}]},{"@type":"WebSite","@id":"https:\/\/ferenczykollegium.hu\/#website","url":"https:\/\/ferenczykollegium.hu\/","name":"Ferenczy No\u00e9mi K\u00f6z\u00e9piskolai Le\u00e1nykoll\u00e9gium","description":"","potentialAction":[{"@type":"SearchAction","target":{"@type":"EntryPoint","urlTemplate":"https:\/\/ferenczykollegium.hu\/?s={search_term_string}"},"query-input":{"@type":"PropertyValueSpecification","valueRequired":true,"valueName":"search_term_string"}}],"inLanguage":"hu"}]}},"_links":{"self":[{"href":"https:\/\/ferenczykollegium.hu\/index.php?rest_route=\/wp\/v2\/pages\/1459","targetHints":{"allow":["GET"]}}],"collection":[{"href":"https:\/\/ferenczykollegium.hu\/index.php?rest_route=\/wp\/v2\/pages"}],"about":[{"href":"https:\/\/ferenczykollegium.hu\/index.php?rest_route=\/wp\/v2\/types\/page"}],"author":[{"embeddable":true,"href":"https:\/\/ferenczykollegium.hu\/index.php?rest_route=\/wp\/v2\/users\/1"}],"replies":[{"embeddable":true,"href":"https:\/\/ferenczykollegium.hu\/index.php?rest_route=%2Fwp%2Fv2%2Fcomments&post=1459"}],"version-history":[{"count":0,"href":"https:\/\/ferenczykollegium.hu\/index.php?rest_route=\/wp\/v2\/pages\/1459\/revisions"}],"wp:attachment":[{"href":"https:\/\/ferenczykollegium.hu\/index.php?rest_route=%2Fwp%2Fv2%2Fmedia&parent=1459"}],"curies":[{"name":"wp","href":"https:\/\/api.w.org\/{rel}","templated":true}]}}