{"id":1503,"date":"2023-12-06T10:47:03","date_gmt":"2023-12-06T10:47:03","guid":{"rendered":"https:\/\/teszt.ferenczykollegium.hu\/?page_id=1503"},"modified":"2024-01-24T12:42:18","modified_gmt":"2024-01-24T12:42:18","slug":"2024-2025","status":"publish","type":"page","link":"https:\/\/ferenczykollegium.hu\/?page_id=1503","title":{"rendered":"2024\/2025"},"content":{"rendered":"\n<p>A koll\u00e9giumba val\u00f3 jelentkez\u00e9s a 2024\/2025-\u00f6s tan\u00e9vre a k\u00f6z\u00e9piskolai felv\u00e9telivel egyid\u0151ben elindul. A jelentkez\u00e9si lap az al\u00e1bbiakban let\u00f6lthet\u0151:<\/p>\n\n\n\n<p><a href=\"https:\/\/teszt.ferenczykollegium.hu\/wp-content\/uploads\/2023\/12\/Felveteli-Kerelem-2024-2025.pdf\" target=\"_blank\" rel=\"noreferrer noopener\">Felv\u00e9teli k\u00e9relem 2024-2025<\/a><\/p>\n\n\n\n<p><a href=\"https:\/\/teszt.ferenczykollegium.hu\/wp-content\/uploads\/2024\/01\/Lemondo-Nyilatkozat.pdf\" target=\"_blank\" rel=\"noreferrer noopener\">Lemond\u00f3 Nyilatkozat<\/a><\/p>\n","protected":false},"excerpt":{"rendered":"<p>A koll\u00e9giumba val\u00f3 jelentkez\u00e9s a 2024\/2025-\u00f6s tan\u00e9vre a k\u00f6z\u00e9piskolai felv\u00e9telivel egyid\u0151ben elindul. A jelentkez\u00e9si lap az al\u00e1bbiakban let\u00f6lthet\u0151: Felv\u00e9teli k\u00e9relem 2024-2025 Lemond\u00f3 Nyilatkozat<\/p>\n","protected":false},"author":1,"featured_media":0,"parent":0,"menu_order":0,"comment_status":"closed","ping_status":"closed","template":"","meta":{"ngg_post_thumbnail":0,"_mc_calendar":[],"footnotes":""},"class_list":["post-1503","page","type-page","status-publish","hentry"],"yoast_head":"<!-- This site is optimized with the Yoast SEO plugin v27.2 - https:\/\/yoast.com\/product\/yoast-seo-wordpress\/ -->\n<title>2024\/2025 - Ferenczy No\u00e9mi K\u00f6z\u00e9piskolai Le\u00e1nykoll\u00e9gium<\/title>\n<meta name=\"robots\" content=\"index, follow, max-snippet:-1, max-image-preview:large, max-video-preview:-1\" \/>\n<link rel=\"canonical\" href=\"https:\/\/ferenczykollegium.hu\/?page_id=1503\" \/>\n<meta property=\"og:locale\" content=\"hu_HU\" \/>\n<meta property=\"og:type\" content=\"article\" \/>\n<meta property=\"og:title\" content=\"2024\/2025 - Ferenczy No\u00e9mi K\u00f6z\u00e9piskolai Le\u00e1nykoll\u00e9gium\" \/>\n<meta property=\"og:description\" content=\"A koll\u00e9giumba val\u00f3 jelentkez\u00e9s a 2024\/2025-\u00f6s tan\u00e9vre a k\u00f6z\u00e9piskolai felv\u00e9telivel egyid\u0151ben elindul. A jelentkez\u00e9si lap az al\u00e1bbiakban let\u00f6lthet\u0151: Felv\u00e9teli k\u00e9relem 2024-2025 Lemond\u00f3 Nyilatkozat\" \/>\n<meta property=\"og:url\" content=\"https:\/\/ferenczykollegium.hu\/?page_id=1503\" \/>\n<meta property=\"og:site_name\" content=\"Ferenczy No\u00e9mi K\u00f6z\u00e9piskolai Le\u00e1nykoll\u00e9gium\" \/>\n<meta property=\"article:publisher\" content=\"https:\/\/www.facebook.com\/ferenczynoemi.kozepiskolaikollegium\" \/>\n<meta property=\"article:modified_time\" content=\"2024-01-24T12:42:18+00:00\" \/>\n<meta name=\"twitter:card\" content=\"summary_large_image\" \/>\n<meta name=\"twitter:label1\" content=\"Becs\u00fclt olvas\u00e1si id\u0151\" \/>\n\t<meta name=\"twitter:data1\" content=\"1 perc\" \/>\n<script type=\"application\/ld+json\" class=\"yoast-schema-graph\">{\"@context\":\"https:\/\/schema.org\",\"@graph\":[{\"@type\":\"WebPage\",\"@id\":\"https:\/\/ferenczykollegium.hu\/?page_id=1503\",\"url\":\"https:\/\/ferenczykollegium.hu\/?page_id=1503\",\"name\":\"2024\/2025 - Ferenczy No\u00e9mi K\u00f6z\u00e9piskolai Le\u00e1nykoll\u00e9gium\",\"isPartOf\":{\"@id\":\"https:\/\/ferenczykollegium.hu\/#website\"},\"datePublished\":\"2023-12-06T10:47:03+00:00\",\"dateModified\":\"2024-01-24T12:42:18+00:00\",\"inLanguage\":\"hu\",\"potentialAction\":[{\"@type\":\"ReadAction\",\"target\":[\"https:\/\/ferenczykollegium.hu\/?page_id=1503\"]}]},{\"@type\":\"WebSite\",\"@id\":\"https:\/\/ferenczykollegium.hu\/#website\",\"url\":\"https:\/\/ferenczykollegium.hu\/\",\"name\":\"Ferenczy No\u00e9mi K\u00f6z\u00e9piskolai Le\u00e1nykoll\u00e9gium\",\"description\":\"\",\"potentialAction\":[{\"@type\":\"SearchAction\",\"target\":{\"@type\":\"EntryPoint\",\"urlTemplate\":\"https:\/\/ferenczykollegium.hu\/?s={search_term_string}\"},\"query-input\":{\"@type\":\"PropertyValueSpecification\",\"valueRequired\":true,\"valueName\":\"search_term_string\"}}],\"inLanguage\":\"hu\"}]}<\/script>\n<!-- \/ Yoast SEO plugin. -->","yoast_head_json":{"title":"2024\/2025 - Ferenczy No\u00e9mi K\u00f6z\u00e9piskolai Le\u00e1nykoll\u00e9gium","robots":{"index":"index","follow":"follow","max-snippet":"max-snippet:-1","max-image-preview":"max-image-preview:large","max-video-preview":"max-video-preview:-1"},"canonical":"https:\/\/ferenczykollegium.hu\/?page_id=1503","og_locale":"hu_HU","og_type":"article","og_title":"2024\/2025 - Ferenczy No\u00e9mi K\u00f6z\u00e9piskolai Le\u00e1nykoll\u00e9gium","og_description":"A koll\u00e9giumba val\u00f3 jelentkez\u00e9s a 2024\/2025-\u00f6s tan\u00e9vre a k\u00f6z\u00e9piskolai felv\u00e9telivel egyid\u0151ben elindul. A jelentkez\u00e9si lap az al\u00e1bbiakban let\u00f6lthet\u0151: Felv\u00e9teli k\u00e9relem 2024-2025 Lemond\u00f3 Nyilatkozat","og_url":"https:\/\/ferenczykollegium.hu\/?page_id=1503","og_site_name":"Ferenczy No\u00e9mi K\u00f6z\u00e9piskolai Le\u00e1nykoll\u00e9gium","article_publisher":"https:\/\/www.facebook.com\/ferenczynoemi.kozepiskolaikollegium","article_modified_time":"2024-01-24T12:42:18+00:00","twitter_card":"summary_large_image","twitter_misc":{"Becs\u00fclt olvas\u00e1si id\u0151":"1 perc"},"schema":{"@context":"https:\/\/schema.org","@graph":[{"@type":"WebPage","@id":"https:\/\/ferenczykollegium.hu\/?page_id=1503","url":"https:\/\/ferenczykollegium.hu\/?page_id=1503","name":"2024\/2025 - Ferenczy No\u00e9mi K\u00f6z\u00e9piskolai Le\u00e1nykoll\u00e9gium","isPartOf":{"@id":"https:\/\/ferenczykollegium.hu\/#website"},"datePublished":"2023-12-06T10:47:03+00:00","dateModified":"2024-01-24T12:42:18+00:00","inLanguage":"hu","potentialAction":[{"@type":"ReadAction","target":["https:\/\/ferenczykollegium.hu\/?page_id=1503"]}]},{"@type":"WebSite","@id":"https:\/\/ferenczykollegium.hu\/#website","url":"https:\/\/ferenczykollegium.hu\/","name":"Ferenczy No\u00e9mi K\u00f6z\u00e9piskolai Le\u00e1nykoll\u00e9gium","description":"","potentialAction":[{"@type":"SearchAction","target":{"@type":"EntryPoint","urlTemplate":"https:\/\/ferenczykollegium.hu\/?s={search_term_string}"},"query-input":{"@type":"PropertyValueSpecification","valueRequired":true,"valueName":"search_term_string"}}],"inLanguage":"hu"}]}},"_links":{"self":[{"href":"https:\/\/ferenczykollegium.hu\/index.php?rest_route=\/wp\/v2\/pages\/1503","targetHints":{"allow":["GET"]}}],"collection":[{"href":"https:\/\/ferenczykollegium.hu\/index.php?rest_route=\/wp\/v2\/pages"}],"about":[{"href":"https:\/\/ferenczykollegium.hu\/index.php?rest_route=\/wp\/v2\/types\/page"}],"author":[{"embeddable":true,"href":"https:\/\/ferenczykollegium.hu\/index.php?rest_route=\/wp\/v2\/users\/1"}],"replies":[{"embeddable":true,"href":"https:\/\/ferenczykollegium.hu\/index.php?rest_route=%2Fwp%2Fv2%2Fcomments&post=1503"}],"version-history":[{"count":3,"href":"https:\/\/ferenczykollegium.hu\/index.php?rest_route=\/wp\/v2\/pages\/1503\/revisions"}],"predecessor-version":[{"id":1552,"href":"https:\/\/ferenczykollegium.hu\/index.php?rest_route=\/wp\/v2\/pages\/1503\/revisions\/1552"}],"wp:attachment":[{"href":"https:\/\/ferenczykollegium.hu\/index.php?rest_route=%2Fwp%2Fv2%2Fmedia&parent=1503"}],"curies":[{"name":"wp","href":"https:\/\/api.w.org\/{rel}","templated":true}]}}