{"id":1859,"date":"2025-02-26T10:17:51","date_gmt":"2025-02-26T10:17:51","guid":{"rendered":"https:\/\/teszt.ferenczykollegium.hu\/?page_id=1859"},"modified":"2025-02-27T13:19:41","modified_gmt":"2025-02-27T13:19:41","slug":"kepek-2018","status":"publish","type":"page","link":"https:\/\/ferenczykollegium.hu\/?page_id=1859","title":{"rendered":"K\u00e9pek 2018"},"content":{"rendered":"\n<figure class=\"wp-block-image size-large\"><img loading=\"lazy\" decoding=\"async\" width=\"576\" height=\"1024\" src=\"https:\/\/teszt.ferenczykollegium.hu\/wp-content\/uploads\/2025\/02\/20190429_180516-576x1024.jpg\" alt=\"\" class=\"wp-image-1900\" srcset=\"https:\/\/ferenczykollegium.hu\/wp-content\/uploads\/2025\/02\/20190429_180516-576x1024.jpg 576w, https:\/\/ferenczykollegium.hu\/wp-content\/uploads\/2025\/02\/20190429_180516-169x300.jpg 169w, https:\/\/ferenczykollegium.hu\/wp-content\/uploads\/2025\/02\/20190429_180516-768x1365.jpg 768w, https:\/\/ferenczykollegium.hu\/wp-content\/uploads\/2025\/02\/20190429_180516-864x1536.jpg 864w, https:\/\/ferenczykollegium.hu\/wp-content\/uploads\/2025\/02\/20190429_180516-1152x2048.jpg 1152w, https:\/\/ferenczykollegium.hu\/wp-content\/uploads\/2025\/02\/20190429_180516-scaled.jpg 1440w\" sizes=\"auto, (max-width: 576px) 100vw, 576px\" \/><\/figure>\n\n\n\n<figure class=\"wp-block-image size-large\"><img loading=\"lazy\" decoding=\"async\" width=\"576\" height=\"1024\" src=\"https:\/\/teszt.ferenczykollegium.hu\/wp-content\/uploads\/2025\/02\/20190429_155709-576x1024.jpg\" alt=\"\" class=\"wp-image-1901\" srcset=\"https:\/\/ferenczykollegium.hu\/wp-content\/uploads\/2025\/02\/20190429_155709-576x1024.jpg 576w, https:\/\/ferenczykollegium.hu\/wp-content\/uploads\/2025\/02\/20190429_155709-169x300.jpg 169w, https:\/\/ferenczykollegium.hu\/wp-content\/uploads\/2025\/02\/20190429_155709-768x1365.jpg 768w, https:\/\/ferenczykollegium.hu\/wp-content\/uploads\/2025\/02\/20190429_155709-864x1536.jpg 864w, https:\/\/ferenczykollegium.hu\/wp-content\/uploads\/2025\/02\/20190429_155709-1152x2048.jpg 1152w, https:\/\/ferenczykollegium.hu\/wp-content\/uploads\/2025\/02\/20190429_155709-scaled.jpg 1440w\" sizes=\"auto, (max-width: 576px) 100vw, 576px\" \/><\/figure>\n\n\n\n<figure class=\"wp-block-image size-large\"><img loading=\"lazy\" decoding=\"async\" width=\"1024\" height=\"576\" src=\"https:\/\/teszt.ferenczykollegium.hu\/wp-content\/uploads\/2025\/02\/20190429_175138-1024x576.jpg\" alt=\"\" class=\"wp-image-1899\" srcset=\"https:\/\/ferenczykollegium.hu\/wp-content\/uploads\/2025\/02\/20190429_175138-1024x576.jpg 1024w, https:\/\/ferenczykollegium.hu\/wp-content\/uploads\/2025\/02\/20190429_175138-300x169.jpg 300w, https:\/\/ferenczykollegium.hu\/wp-content\/uploads\/2025\/02\/20190429_175138-768x432.jpg 768w, https:\/\/ferenczykollegium.hu\/wp-content\/uploads\/2025\/02\/20190429_175138-1536x864.jpg 1536w, https:\/\/ferenczykollegium.hu\/wp-content\/uploads\/2025\/02\/20190429_175138-2048x1152.jpg 2048w\" sizes=\"auto, (max-width: 1024px) 100vw, 1024px\" \/><\/figure>\n","protected":false},"excerpt":{"rendered":"","protected":false},"author":3,"featured_media":0,"parent":0,"menu_order":0,"comment_status":"closed","ping_status":"closed","template":"","meta":{"ngg_post_thumbnail":0,"_mc_calendar":[],"footnotes":""},"class_list":["post-1859","page","type-page","status-publish","hentry"],"yoast_head":"<!-- This site is optimized with the Yoast SEO plugin v27.2 - https:\/\/yoast.com\/product\/yoast-seo-wordpress\/ -->\n<title>K\u00e9pek 2018 - Ferenczy No\u00e9mi K\u00f6z\u00e9piskolai Le\u00e1nykoll\u00e9gium<\/title>\n<meta name=\"robots\" content=\"index, follow, max-snippet:-1, max-image-preview:large, max-video-preview:-1\" \/>\n<link rel=\"canonical\" href=\"https:\/\/ferenczykollegium.hu\/?page_id=1859\" \/>\n<meta property=\"og:locale\" content=\"hu_HU\" \/>\n<meta property=\"og:type\" content=\"article\" \/>\n<meta property=\"og:title\" content=\"K\u00e9pek 2018 - Ferenczy No\u00e9mi K\u00f6z\u00e9piskolai Le\u00e1nykoll\u00e9gium\" \/>\n<meta property=\"og:url\" content=\"https:\/\/ferenczykollegium.hu\/?page_id=1859\" \/>\n<meta property=\"og:site_name\" content=\"Ferenczy No\u00e9mi K\u00f6z\u00e9piskolai Le\u00e1nykoll\u00e9gium\" \/>\n<meta property=\"article:publisher\" content=\"https:\/\/www.facebook.com\/ferenczynoemi.kozepiskolaikollegium\" \/>\n<meta property=\"article:modified_time\" content=\"2025-02-27T13:19:41+00:00\" \/>\n<meta property=\"og:image\" content=\"https:\/\/teszt.ferenczykollegium.hu\/wp-content\/uploads\/2025\/02\/20190429_180516-576x1024.jpg\" \/>\n<meta name=\"twitter:card\" content=\"summary_large_image\" \/>\n<meta name=\"twitter:label1\" content=\"Becs\u00fclt olvas\u00e1si id\u0151\" \/>\n\t<meta name=\"twitter:data1\" content=\"1 perc\" \/>\n<script type=\"application\/ld+json\" class=\"yoast-schema-graph\">{\"@context\":\"https:\/\/schema.org\",\"@graph\":[{\"@type\":\"WebPage\",\"@id\":\"https:\/\/ferenczykollegium.hu\/?page_id=1859\",\"url\":\"https:\/\/ferenczykollegium.hu\/?page_id=1859\",\"name\":\"K\u00e9pek 2018 - Ferenczy No\u00e9mi K\u00f6z\u00e9piskolai Le\u00e1nykoll\u00e9gium\",\"isPartOf\":{\"@id\":\"https:\/\/ferenczykollegium.hu\/#website\"},\"primaryImageOfPage\":{\"@id\":\"https:\/\/ferenczykollegium.hu\/?page_id=1859#primaryimage\"},\"image\":{\"@id\":\"https:\/\/ferenczykollegium.hu\/?page_id=1859#primaryimage\"},\"thumbnailUrl\":\"https:\/\/teszt.ferenczykollegium.hu\/wp-content\/uploads\/2025\/02\/20190429_180516-576x1024.jpg\",\"datePublished\":\"2025-02-26T10:17:51+00:00\",\"dateModified\":\"2025-02-27T13:19:41+00:00\",\"inLanguage\":\"hu\",\"potentialAction\":[{\"@type\":\"ReadAction\",\"target\":[\"https:\/\/ferenczykollegium.hu\/?page_id=1859\"]}]},{\"@type\":\"ImageObject\",\"inLanguage\":\"hu\",\"@id\":\"https:\/\/ferenczykollegium.hu\/?page_id=1859#primaryimage\",\"url\":\"https:\/\/teszt.ferenczykollegium.hu\/wp-content\/uploads\/2025\/02\/20190429_180516-576x1024.jpg\",\"contentUrl\":\"https:\/\/teszt.ferenczykollegium.hu\/wp-content\/uploads\/2025\/02\/20190429_180516-576x1024.jpg\"},{\"@type\":\"WebSite\",\"@id\":\"https:\/\/ferenczykollegium.hu\/#website\",\"url\":\"https:\/\/ferenczykollegium.hu\/\",\"name\":\"Ferenczy No\u00e9mi K\u00f6z\u00e9piskolai Le\u00e1nykoll\u00e9gium\",\"description\":\"\",\"potentialAction\":[{\"@type\":\"SearchAction\",\"target\":{\"@type\":\"EntryPoint\",\"urlTemplate\":\"https:\/\/ferenczykollegium.hu\/?s={search_term_string}\"},\"query-input\":{\"@type\":\"PropertyValueSpecification\",\"valueRequired\":true,\"valueName\":\"search_term_string\"}}],\"inLanguage\":\"hu\"}]}<\/script>\n<!-- \/ Yoast SEO plugin. -->","yoast_head_json":{"title":"K\u00e9pek 2018 - Ferenczy No\u00e9mi K\u00f6z\u00e9piskolai Le\u00e1nykoll\u00e9gium","robots":{"index":"index","follow":"follow","max-snippet":"max-snippet:-1","max-image-preview":"max-image-preview:large","max-video-preview":"max-video-preview:-1"},"canonical":"https:\/\/ferenczykollegium.hu\/?page_id=1859","og_locale":"hu_HU","og_type":"article","og_title":"K\u00e9pek 2018 - Ferenczy No\u00e9mi K\u00f6z\u00e9piskolai Le\u00e1nykoll\u00e9gium","og_url":"https:\/\/ferenczykollegium.hu\/?page_id=1859","og_site_name":"Ferenczy No\u00e9mi K\u00f6z\u00e9piskolai Le\u00e1nykoll\u00e9gium","article_publisher":"https:\/\/www.facebook.com\/ferenczynoemi.kozepiskolaikollegium","article_modified_time":"2025-02-27T13:19:41+00:00","og_image":[{"url":"https:\/\/teszt.ferenczykollegium.hu\/wp-content\/uploads\/2025\/02\/20190429_180516-576x1024.jpg","type":"","width":"","height":""}],"twitter_card":"summary_large_image","twitter_misc":{"Becs\u00fclt olvas\u00e1si id\u0151":"1 perc"},"schema":{"@context":"https:\/\/schema.org","@graph":[{"@type":"WebPage","@id":"https:\/\/ferenczykollegium.hu\/?page_id=1859","url":"https:\/\/ferenczykollegium.hu\/?page_id=1859","name":"K\u00e9pek 2018 - Ferenczy No\u00e9mi K\u00f6z\u00e9piskolai Le\u00e1nykoll\u00e9gium","isPartOf":{"@id":"https:\/\/ferenczykollegium.hu\/#website"},"primaryImageOfPage":{"@id":"https:\/\/ferenczykollegium.hu\/?page_id=1859#primaryimage"},"image":{"@id":"https:\/\/ferenczykollegium.hu\/?page_id=1859#primaryimage"},"thumbnailUrl":"https:\/\/teszt.ferenczykollegium.hu\/wp-content\/uploads\/2025\/02\/20190429_180516-576x1024.jpg","datePublished":"2025-02-26T10:17:51+00:00","dateModified":"2025-02-27T13:19:41+00:00","inLanguage":"hu","potentialAction":[{"@type":"ReadAction","target":["https:\/\/ferenczykollegium.hu\/?page_id=1859"]}]},{"@type":"ImageObject","inLanguage":"hu","@id":"https:\/\/ferenczykollegium.hu\/?page_id=1859#primaryimage","url":"https:\/\/teszt.ferenczykollegium.hu\/wp-content\/uploads\/2025\/02\/20190429_180516-576x1024.jpg","contentUrl":"https:\/\/teszt.ferenczykollegium.hu\/wp-content\/uploads\/2025\/02\/20190429_180516-576x1024.jpg"},{"@type":"WebSite","@id":"https:\/\/ferenczykollegium.hu\/#website","url":"https:\/\/ferenczykollegium.hu\/","name":"Ferenczy No\u00e9mi K\u00f6z\u00e9piskolai Le\u00e1nykoll\u00e9gium","description":"","potentialAction":[{"@type":"SearchAction","target":{"@type":"EntryPoint","urlTemplate":"https:\/\/ferenczykollegium.hu\/?s={search_term_string}"},"query-input":{"@type":"PropertyValueSpecification","valueRequired":true,"valueName":"search_term_string"}}],"inLanguage":"hu"}]}},"_links":{"self":[{"href":"https:\/\/ferenczykollegium.hu\/index.php?rest_route=\/wp\/v2\/pages\/1859","targetHints":{"allow":["GET"]}}],"collection":[{"href":"https:\/\/ferenczykollegium.hu\/index.php?rest_route=\/wp\/v2\/pages"}],"about":[{"href":"https:\/\/ferenczykollegium.hu\/index.php?rest_route=\/wp\/v2\/types\/page"}],"author":[{"embeddable":true,"href":"https:\/\/ferenczykollegium.hu\/index.php?rest_route=\/wp\/v2\/users\/3"}],"replies":[{"embeddable":true,"href":"https:\/\/ferenczykollegium.hu\/index.php?rest_route=%2Fwp%2Fv2%2Fcomments&post=1859"}],"version-history":[{"count":2,"href":"https:\/\/ferenczykollegium.hu\/index.php?rest_route=\/wp\/v2\/pages\/1859\/revisions"}],"predecessor-version":[{"id":1902,"href":"https:\/\/ferenczykollegium.hu\/index.php?rest_route=\/wp\/v2\/pages\/1859\/revisions\/1902"}],"wp:attachment":[{"href":"https:\/\/ferenczykollegium.hu\/index.php?rest_route=%2Fwp%2Fv2%2Fmedia&parent=1859"}],"curies":[{"name":"wp","href":"https:\/\/api.w.org\/{rel}","templated":true}]}}