{"id":1870,"date":"2025-02-26T10:25:01","date_gmt":"2025-02-26T10:25:01","guid":{"rendered":"https:\/\/teszt.ferenczykollegium.hu\/?page_id=1870"},"modified":"2025-02-27T13:50:50","modified_gmt":"2025-02-27T13:50:50","slug":"kepek-2022","status":"publish","type":"page","link":"https:\/\/ferenczykollegium.hu\/?page_id=1870","title":{"rendered":"K\u00e9pek 2022"},"content":{"rendered":"\n<figure class=\"wp-block-image size-large\"><img loading=\"lazy\" decoding=\"async\" width=\"1024\" height=\"766\" src=\"https:\/\/teszt.ferenczykollegium.hu\/wp-content\/uploads\/2025\/02\/IMG_20211206_180554-1024x766.jpg\" alt=\"\" class=\"wp-image-1917\" srcset=\"https:\/\/ferenczykollegium.hu\/wp-content\/uploads\/2025\/02\/IMG_20211206_180554-1024x766.jpg 1024w, https:\/\/ferenczykollegium.hu\/wp-content\/uploads\/2025\/02\/IMG_20211206_180554-300x224.jpg 300w, https:\/\/ferenczykollegium.hu\/wp-content\/uploads\/2025\/02\/IMG_20211206_180554-768x574.jpg 768w, https:\/\/ferenczykollegium.hu\/wp-content\/uploads\/2025\/02\/IMG_20211206_180554-1536x1149.jpg 1536w, https:\/\/ferenczykollegium.hu\/wp-content\/uploads\/2025\/02\/IMG_20211206_180554-2048x1532.jpg 2048w\" sizes=\"auto, (max-width: 1024px) 100vw, 1024px\" \/><\/figure>\n\n\n\n<figure class=\"wp-block-image size-large\"><img loading=\"lazy\" decoding=\"async\" width=\"766\" height=\"1024\" src=\"https:\/\/teszt.ferenczykollegium.hu\/wp-content\/uploads\/2025\/02\/IMG_20211206_182002-766x1024.jpg\" alt=\"\" class=\"wp-image-1920\" srcset=\"https:\/\/ferenczykollegium.hu\/wp-content\/uploads\/2025\/02\/IMG_20211206_182002-766x1024.jpg 766w, https:\/\/ferenczykollegium.hu\/wp-content\/uploads\/2025\/02\/IMG_20211206_182002-224x300.jpg 224w, https:\/\/ferenczykollegium.hu\/wp-content\/uploads\/2025\/02\/IMG_20211206_182002-768x1027.jpg 768w, https:\/\/ferenczykollegium.hu\/wp-content\/uploads\/2025\/02\/IMG_20211206_182002-1149x1536.jpg 1149w, https:\/\/ferenczykollegium.hu\/wp-content\/uploads\/2025\/02\/IMG_20211206_182002-1532x2048.jpg 1532w, https:\/\/ferenczykollegium.hu\/wp-content\/uploads\/2025\/02\/IMG_20211206_182002-scaled.jpg 1915w\" sizes=\"auto, (max-width: 766px) 100vw, 766px\" \/><\/figure>\n\n\n\n<figure class=\"wp-block-image size-large\"><img loading=\"lazy\" decoding=\"async\" width=\"766\" height=\"1024\" src=\"https:\/\/teszt.ferenczykollegium.hu\/wp-content\/uploads\/2025\/02\/IMG_20211206_180820-766x1024.jpg\" alt=\"\" class=\"wp-image-1919\" srcset=\"https:\/\/ferenczykollegium.hu\/wp-content\/uploads\/2025\/02\/IMG_20211206_180820-766x1024.jpg 766w, https:\/\/ferenczykollegium.hu\/wp-content\/uploads\/2025\/02\/IMG_20211206_180820-224x300.jpg 224w, https:\/\/ferenczykollegium.hu\/wp-content\/uploads\/2025\/02\/IMG_20211206_180820-768x1027.jpg 768w, https:\/\/ferenczykollegium.hu\/wp-content\/uploads\/2025\/02\/IMG_20211206_180820-1149x1536.jpg 1149w, https:\/\/ferenczykollegium.hu\/wp-content\/uploads\/2025\/02\/IMG_20211206_180820-1532x2048.jpg 1532w, https:\/\/ferenczykollegium.hu\/wp-content\/uploads\/2025\/02\/IMG_20211206_180820-scaled.jpg 1915w\" sizes=\"auto, (max-width: 766px) 100vw, 766px\" \/><\/figure>\n","protected":false},"excerpt":{"rendered":"","protected":false},"author":3,"featured_media":0,"parent":0,"menu_order":0,"comment_status":"closed","ping_status":"closed","template":"","meta":{"ngg_post_thumbnail":0,"_mc_calendar":[],"footnotes":""},"class_list":["post-1870","page","type-page","status-publish","hentry"],"yoast_head":"<!-- This site is optimized with the Yoast SEO plugin v27.2 - https:\/\/yoast.com\/product\/yoast-seo-wordpress\/ -->\n<title>K\u00e9pek 2022 - Ferenczy No\u00e9mi K\u00f6z\u00e9piskolai Le\u00e1nykoll\u00e9gium<\/title>\n<meta name=\"robots\" content=\"index, follow, max-snippet:-1, max-image-preview:large, max-video-preview:-1\" \/>\n<link rel=\"canonical\" href=\"https:\/\/ferenczykollegium.hu\/?page_id=1870\" \/>\n<meta property=\"og:locale\" content=\"hu_HU\" \/>\n<meta property=\"og:type\" content=\"article\" \/>\n<meta property=\"og:title\" content=\"K\u00e9pek 2022 - Ferenczy No\u00e9mi K\u00f6z\u00e9piskolai Le\u00e1nykoll\u00e9gium\" \/>\n<meta property=\"og:url\" content=\"https:\/\/ferenczykollegium.hu\/?page_id=1870\" \/>\n<meta property=\"og:site_name\" content=\"Ferenczy No\u00e9mi K\u00f6z\u00e9piskolai Le\u00e1nykoll\u00e9gium\" \/>\n<meta property=\"article:publisher\" content=\"https:\/\/www.facebook.com\/ferenczynoemi.kozepiskolaikollegium\" \/>\n<meta property=\"article:modified_time\" content=\"2025-02-27T13:50:50+00:00\" \/>\n<meta property=\"og:image\" content=\"https:\/\/teszt.ferenczykollegium.hu\/wp-content\/uploads\/2025\/02\/IMG_20211206_180554-1024x766.jpg\" \/>\n<meta name=\"twitter:card\" content=\"summary_large_image\" \/>\n<meta name=\"twitter:label1\" content=\"Becs\u00fclt olvas\u00e1si id\u0151\" \/>\n\t<meta name=\"twitter:data1\" content=\"1 perc\" \/>\n<script type=\"application\/ld+json\" class=\"yoast-schema-graph\">{\"@context\":\"https:\/\/schema.org\",\"@graph\":[{\"@type\":\"WebPage\",\"@id\":\"https:\/\/ferenczykollegium.hu\/?page_id=1870\",\"url\":\"https:\/\/ferenczykollegium.hu\/?page_id=1870\",\"name\":\"K\u00e9pek 2022 - Ferenczy No\u00e9mi K\u00f6z\u00e9piskolai Le\u00e1nykoll\u00e9gium\",\"isPartOf\":{\"@id\":\"https:\/\/ferenczykollegium.hu\/#website\"},\"primaryImageOfPage\":{\"@id\":\"https:\/\/ferenczykollegium.hu\/?page_id=1870#primaryimage\"},\"image\":{\"@id\":\"https:\/\/ferenczykollegium.hu\/?page_id=1870#primaryimage\"},\"thumbnailUrl\":\"https:\/\/teszt.ferenczykollegium.hu\/wp-content\/uploads\/2025\/02\/IMG_20211206_180554-1024x766.jpg\",\"datePublished\":\"2025-02-26T10:25:01+00:00\",\"dateModified\":\"2025-02-27T13:50:50+00:00\",\"inLanguage\":\"hu\",\"potentialAction\":[{\"@type\":\"ReadAction\",\"target\":[\"https:\/\/ferenczykollegium.hu\/?page_id=1870\"]}]},{\"@type\":\"ImageObject\",\"inLanguage\":\"hu\",\"@id\":\"https:\/\/ferenczykollegium.hu\/?page_id=1870#primaryimage\",\"url\":\"https:\/\/teszt.ferenczykollegium.hu\/wp-content\/uploads\/2025\/02\/IMG_20211206_180554-1024x766.jpg\",\"contentUrl\":\"https:\/\/teszt.ferenczykollegium.hu\/wp-content\/uploads\/2025\/02\/IMG_20211206_180554-1024x766.jpg\"},{\"@type\":\"WebSite\",\"@id\":\"https:\/\/ferenczykollegium.hu\/#website\",\"url\":\"https:\/\/ferenczykollegium.hu\/\",\"name\":\"Ferenczy No\u00e9mi K\u00f6z\u00e9piskolai Le\u00e1nykoll\u00e9gium\",\"description\":\"\",\"potentialAction\":[{\"@type\":\"SearchAction\",\"target\":{\"@type\":\"EntryPoint\",\"urlTemplate\":\"https:\/\/ferenczykollegium.hu\/?s={search_term_string}\"},\"query-input\":{\"@type\":\"PropertyValueSpecification\",\"valueRequired\":true,\"valueName\":\"search_term_string\"}}],\"inLanguage\":\"hu\"}]}<\/script>\n<!-- \/ Yoast SEO plugin. -->","yoast_head_json":{"title":"K\u00e9pek 2022 - Ferenczy No\u00e9mi K\u00f6z\u00e9piskolai Le\u00e1nykoll\u00e9gium","robots":{"index":"index","follow":"follow","max-snippet":"max-snippet:-1","max-image-preview":"max-image-preview:large","max-video-preview":"max-video-preview:-1"},"canonical":"https:\/\/ferenczykollegium.hu\/?page_id=1870","og_locale":"hu_HU","og_type":"article","og_title":"K\u00e9pek 2022 - Ferenczy No\u00e9mi K\u00f6z\u00e9piskolai Le\u00e1nykoll\u00e9gium","og_url":"https:\/\/ferenczykollegium.hu\/?page_id=1870","og_site_name":"Ferenczy No\u00e9mi K\u00f6z\u00e9piskolai Le\u00e1nykoll\u00e9gium","article_publisher":"https:\/\/www.facebook.com\/ferenczynoemi.kozepiskolaikollegium","article_modified_time":"2025-02-27T13:50:50+00:00","og_image":[{"url":"https:\/\/teszt.ferenczykollegium.hu\/wp-content\/uploads\/2025\/02\/IMG_20211206_180554-1024x766.jpg","type":"","width":"","height":""}],"twitter_card":"summary_large_image","twitter_misc":{"Becs\u00fclt olvas\u00e1si id\u0151":"1 perc"},"schema":{"@context":"https:\/\/schema.org","@graph":[{"@type":"WebPage","@id":"https:\/\/ferenczykollegium.hu\/?page_id=1870","url":"https:\/\/ferenczykollegium.hu\/?page_id=1870","name":"K\u00e9pek 2022 - Ferenczy No\u00e9mi K\u00f6z\u00e9piskolai Le\u00e1nykoll\u00e9gium","isPartOf":{"@id":"https:\/\/ferenczykollegium.hu\/#website"},"primaryImageOfPage":{"@id":"https:\/\/ferenczykollegium.hu\/?page_id=1870#primaryimage"},"image":{"@id":"https:\/\/ferenczykollegium.hu\/?page_id=1870#primaryimage"},"thumbnailUrl":"https:\/\/teszt.ferenczykollegium.hu\/wp-content\/uploads\/2025\/02\/IMG_20211206_180554-1024x766.jpg","datePublished":"2025-02-26T10:25:01+00:00","dateModified":"2025-02-27T13:50:50+00:00","inLanguage":"hu","potentialAction":[{"@type":"ReadAction","target":["https:\/\/ferenczykollegium.hu\/?page_id=1870"]}]},{"@type":"ImageObject","inLanguage":"hu","@id":"https:\/\/ferenczykollegium.hu\/?page_id=1870#primaryimage","url":"https:\/\/teszt.ferenczykollegium.hu\/wp-content\/uploads\/2025\/02\/IMG_20211206_180554-1024x766.jpg","contentUrl":"https:\/\/teszt.ferenczykollegium.hu\/wp-content\/uploads\/2025\/02\/IMG_20211206_180554-1024x766.jpg"},{"@type":"WebSite","@id":"https:\/\/ferenczykollegium.hu\/#website","url":"https:\/\/ferenczykollegium.hu\/","name":"Ferenczy No\u00e9mi K\u00f6z\u00e9piskolai Le\u00e1nykoll\u00e9gium","description":"","potentialAction":[{"@type":"SearchAction","target":{"@type":"EntryPoint","urlTemplate":"https:\/\/ferenczykollegium.hu\/?s={search_term_string}"},"query-input":{"@type":"PropertyValueSpecification","valueRequired":true,"valueName":"search_term_string"}}],"inLanguage":"hu"}]}},"_links":{"self":[{"href":"https:\/\/ferenczykollegium.hu\/index.php?rest_route=\/wp\/v2\/pages\/1870","targetHints":{"allow":["GET"]}}],"collection":[{"href":"https:\/\/ferenczykollegium.hu\/index.php?rest_route=\/wp\/v2\/pages"}],"about":[{"href":"https:\/\/ferenczykollegium.hu\/index.php?rest_route=\/wp\/v2\/types\/page"}],"author":[{"embeddable":true,"href":"https:\/\/ferenczykollegium.hu\/index.php?rest_route=\/wp\/v2\/users\/3"}],"replies":[{"embeddable":true,"href":"https:\/\/ferenczykollegium.hu\/index.php?rest_route=%2Fwp%2Fv2%2Fcomments&post=1870"}],"version-history":[{"count":2,"href":"https:\/\/ferenczykollegium.hu\/index.php?rest_route=\/wp\/v2\/pages\/1870\/revisions"}],"predecessor-version":[{"id":1921,"href":"https:\/\/ferenczykollegium.hu\/index.php?rest_route=\/wp\/v2\/pages\/1870\/revisions\/1921"}],"wp:attachment":[{"href":"https:\/\/ferenczykollegium.hu\/index.php?rest_route=%2Fwp%2Fv2%2Fmedia&parent=1870"}],"curies":[{"name":"wp","href":"https:\/\/api.w.org\/{rel}","templated":true}]}}