{"id":1876,"date":"2025-02-26T10:26:08","date_gmt":"2025-02-26T10:26:08","guid":{"rendered":"https:\/\/teszt.ferenczykollegium.hu\/?page_id=1876"},"modified":"2025-09-12T09:25:43","modified_gmt":"2025-09-12T08:25:43","slug":"kepek-2025","status":"publish","type":"page","link":"https:\/\/ferenczykollegium.hu\/?page_id=1876","title":{"rendered":"K\u00e9pek 2024-2025"},"content":{"rendered":"\n<p class=\"has-vivid-red-color has-text-color has-link-color has-medium-font-size wp-elements-8b7e1ecd2eafc2272f7e45d8322e9917\">BEK\u00d6LT\u00d6Z\u00c9S 2025.09.01.<\/p>\n\n\n\n<figure class=\"wp-block-image size-large\"><img loading=\"lazy\" decoding=\"async\" width=\"768\" height=\"1024\" src=\"https:\/\/ferenczykollegium.hu\/wp-content\/uploads\/2025\/09\/Udvozlet-768x1024.jpeg\" alt=\"\" class=\"wp-image-2250\" srcset=\"https:\/\/ferenczykollegium.hu\/wp-content\/uploads\/2025\/09\/Udvozlet-768x1024.jpeg 768w, https:\/\/ferenczykollegium.hu\/wp-content\/uploads\/2025\/09\/Udvozlet-225x300.jpeg 225w, https:\/\/ferenczykollegium.hu\/wp-content\/uploads\/2025\/09\/Udvozlet-1152x1536.jpeg 1152w, https:\/\/ferenczykollegium.hu\/wp-content\/uploads\/2025\/09\/Udvozlet.jpeg 1536w\" sizes=\"auto, (max-width: 768px) 100vw, 768px\" \/><\/figure>\n\n\n\n<p class=\"has-vivid-red-color has-text-color has-large-font-size\">T\u00e1jfut\u00e1s a N\u00e9pligetben 2025.05.<\/p>\n\n\n\nngg_shortcode_0_placeholder\n\n\n\n<p class=\"has-vivid-red-color has-text-color has-large-font-size\">Ballag\u00e1s 2025.05.<\/p>\n\n\n\nngg_shortcode_1_placeholder\n\n\n\n<p class=\"has-vivid-red-color has-text-color has-large-font-size\">2025. m\u00e1rcius 15.<\/p>\n\n\n\nngg_shortcode_2_placeholder\n\n\n\n<p class=\"has-vivid-red-color has-text-color has-large-font-size\">2024. Kar\u00e1csony<\/p>\n\n\n\nngg_shortcode_3_placeholder\n\n\n\n<p class=\"has-vivid-red-color has-text-color has-large-font-size\">2025.02. kv\u00edz<\/p>\n\n\n\nngg_shortcode_4_placeholder\n\n\n\n<p class=\"has-vivid-red-color has-text-color has-large-font-size\">2024. Mikul\u00e1s<\/p>\n\n\n\nngg_shortcode_5_placeholder\n\n\n\n<p class=\"has-vivid-red-color has-text-color has-large-font-size\">Mozg\u00e1sban a koll\u00e9gium 2024-2025<\/p>\n\n\n\nngg_shortcode_6_placeholder\n\n\n\n<p class=\"has-vivid-red-color has-text-color has-large-font-size\">Koll\u00e9giumi sport\u00e9let 2024-2025<\/p>\n\n\n\nngg_shortcode_7_placeholder\n","protected":false},"excerpt":{"rendered":"<p>BEK\u00d6LT\u00d6Z\u00c9S 2025.09.01. T\u00e1jfut\u00e1s a N\u00e9pligetben 2025.05. Ballag\u00e1s 2025.05. 2025. m\u00e1rcius 15. 2024. Kar\u00e1csony 2025.02. kv\u00edz 2024. Mikul\u00e1s Mozg\u00e1sban a koll\u00e9gium 2024-2025 Koll\u00e9giumi sport\u00e9let 2024-2025<\/p>\n","protected":false},"author":3,"featured_media":0,"parent":0,"menu_order":0,"comment_status":"closed","ping_status":"closed","template":"","meta":{"ngg_post_thumbnail":0,"_mc_calendar":[],"footnotes":""},"class_list":["post-1876","page","type-page","status-publish","hentry"],"yoast_head":"<!-- This site is optimized with the Yoast SEO plugin v27.2 - https:\/\/yoast.com\/product\/yoast-seo-wordpress\/ -->\n<title>K\u00e9pek 2024-2025 - Ferenczy No\u00e9mi K\u00f6z\u00e9piskolai Le\u00e1nykoll\u00e9gium<\/title>\n<meta name=\"robots\" content=\"index, follow, max-snippet:-1, max-image-preview:large, max-video-preview:-1\" \/>\n<link rel=\"canonical\" href=\"https:\/\/ferenczykollegium.hu\/?page_id=1876\" \/>\n<meta property=\"og:locale\" content=\"hu_HU\" \/>\n<meta property=\"og:type\" content=\"article\" \/>\n<meta property=\"og:title\" content=\"K\u00e9pek 2024-2025 - Ferenczy No\u00e9mi K\u00f6z\u00e9piskolai Le\u00e1nykoll\u00e9gium\" \/>\n<meta property=\"og:description\" content=\"BEK\u00d6LT\u00d6Z\u00c9S 2025.09.01. T\u00e1jfut\u00e1s a N\u00e9pligetben 2025.05. Ballag\u00e1s 2025.05. 2025. m\u00e1rcius 15. 2024. Kar\u00e1csony 2025.02. kv\u00edz 2024. Mikul\u00e1s Mozg\u00e1sban a koll\u00e9gium 2024-2025 Koll\u00e9giumi sport\u00e9let 2024-2025\" \/>\n<meta property=\"og:url\" content=\"https:\/\/ferenczykollegium.hu\/?page_id=1876\" \/>\n<meta property=\"og:site_name\" content=\"Ferenczy No\u00e9mi K\u00f6z\u00e9piskolai Le\u00e1nykoll\u00e9gium\" \/>\n<meta property=\"article:publisher\" content=\"https:\/\/www.facebook.com\/ferenczynoemi.kozepiskolaikollegium\" \/>\n<meta property=\"article:modified_time\" content=\"2025-09-12T08:25:43+00:00\" \/>\n<meta property=\"og:image\" content=\"https:\/\/ferenczykollegium.hu\/wp-content\/uploads\/2025\/09\/Udvozlet.jpeg\" \/>\n\t<meta property=\"og:image:width\" content=\"1536\" \/>\n\t<meta property=\"og:image:height\" content=\"2048\" \/>\n\t<meta property=\"og:image:type\" content=\"image\/jpeg\" \/>\n<meta name=\"twitter:card\" content=\"summary_large_image\" \/>\n<meta name=\"twitter:label1\" content=\"Becs\u00fclt olvas\u00e1si id\u0151\" \/>\n\t<meta name=\"twitter:data1\" content=\"1 perc\" \/>\n<script type=\"application\/ld+json\" class=\"yoast-schema-graph\">{\"@context\":\"https:\/\/schema.org\",\"@graph\":[{\"@type\":\"WebPage\",\"@id\":\"https:\/\/ferenczykollegium.hu\/?page_id=1876\",\"url\":\"https:\/\/ferenczykollegium.hu\/?page_id=1876\",\"name\":\"K\u00e9pek 2024-2025 - Ferenczy No\u00e9mi K\u00f6z\u00e9piskolai Le\u00e1nykoll\u00e9gium\",\"isPartOf\":{\"@id\":\"https:\/\/ferenczykollegium.hu\/#website\"},\"primaryImageOfPage\":{\"@id\":\"https:\/\/ferenczykollegium.hu\/?page_id=1876#primaryimage\"},\"image\":{\"@id\":\"https:\/\/ferenczykollegium.hu\/?page_id=1876#primaryimage\"},\"thumbnailUrl\":\"https:\/\/ferenczykollegium.hu\/wp-content\/uploads\/2025\/09\/Udvozlet-768x1024.jpeg\",\"datePublished\":\"2025-02-26T10:26:08+00:00\",\"dateModified\":\"2025-09-12T08:25:43+00:00\",\"inLanguage\":\"hu\",\"potentialAction\":[{\"@type\":\"ReadAction\",\"target\":[\"https:\/\/ferenczykollegium.hu\/?page_id=1876\"]}]},{\"@type\":\"ImageObject\",\"inLanguage\":\"hu\",\"@id\":\"https:\/\/ferenczykollegium.hu\/?page_id=1876#primaryimage\",\"url\":\"https:\/\/ferenczykollegium.hu\/wp-content\/uploads\/2025\/09\/Udvozlet.jpeg\",\"contentUrl\":\"https:\/\/ferenczykollegium.hu\/wp-content\/uploads\/2025\/09\/Udvozlet.jpeg\",\"width\":1536,\"height\":2048},{\"@type\":\"WebSite\",\"@id\":\"https:\/\/ferenczykollegium.hu\/#website\",\"url\":\"https:\/\/ferenczykollegium.hu\/\",\"name\":\"Ferenczy No\u00e9mi K\u00f6z\u00e9piskolai Le\u00e1nykoll\u00e9gium\",\"description\":\"\",\"potentialAction\":[{\"@type\":\"SearchAction\",\"target\":{\"@type\":\"EntryPoint\",\"urlTemplate\":\"https:\/\/ferenczykollegium.hu\/?s={search_term_string}\"},\"query-input\":{\"@type\":\"PropertyValueSpecification\",\"valueRequired\":true,\"valueName\":\"search_term_string\"}}],\"inLanguage\":\"hu\"}]}<\/script>\n<!-- \/ Yoast SEO plugin. -->","yoast_head_json":{"title":"K\u00e9pek 2024-2025 - Ferenczy No\u00e9mi K\u00f6z\u00e9piskolai Le\u00e1nykoll\u00e9gium","robots":{"index":"index","follow":"follow","max-snippet":"max-snippet:-1","max-image-preview":"max-image-preview:large","max-video-preview":"max-video-preview:-1"},"canonical":"https:\/\/ferenczykollegium.hu\/?page_id=1876","og_locale":"hu_HU","og_type":"article","og_title":"K\u00e9pek 2024-2025 - Ferenczy No\u00e9mi K\u00f6z\u00e9piskolai Le\u00e1nykoll\u00e9gium","og_description":"BEK\u00d6LT\u00d6Z\u00c9S 2025.09.01. T\u00e1jfut\u00e1s a N\u00e9pligetben 2025.05. Ballag\u00e1s 2025.05. 2025. m\u00e1rcius 15. 2024. Kar\u00e1csony 2025.02. kv\u00edz 2024. Mikul\u00e1s Mozg\u00e1sban a koll\u00e9gium 2024-2025 Koll\u00e9giumi sport\u00e9let 2024-2025","og_url":"https:\/\/ferenczykollegium.hu\/?page_id=1876","og_site_name":"Ferenczy No\u00e9mi K\u00f6z\u00e9piskolai Le\u00e1nykoll\u00e9gium","article_publisher":"https:\/\/www.facebook.com\/ferenczynoemi.kozepiskolaikollegium","article_modified_time":"2025-09-12T08:25:43+00:00","og_image":[{"width":1536,"height":2048,"url":"https:\/\/ferenczykollegium.hu\/wp-content\/uploads\/2025\/09\/Udvozlet.jpeg","type":"image\/jpeg"}],"twitter_card":"summary_large_image","twitter_misc":{"Becs\u00fclt olvas\u00e1si id\u0151":"1 perc"},"schema":{"@context":"https:\/\/schema.org","@graph":[{"@type":"WebPage","@id":"https:\/\/ferenczykollegium.hu\/?page_id=1876","url":"https:\/\/ferenczykollegium.hu\/?page_id=1876","name":"K\u00e9pek 2024-2025 - Ferenczy No\u00e9mi K\u00f6z\u00e9piskolai Le\u00e1nykoll\u00e9gium","isPartOf":{"@id":"https:\/\/ferenczykollegium.hu\/#website"},"primaryImageOfPage":{"@id":"https:\/\/ferenczykollegium.hu\/?page_id=1876#primaryimage"},"image":{"@id":"https:\/\/ferenczykollegium.hu\/?page_id=1876#primaryimage"},"thumbnailUrl":"https:\/\/ferenczykollegium.hu\/wp-content\/uploads\/2025\/09\/Udvozlet-768x1024.jpeg","datePublished":"2025-02-26T10:26:08+00:00","dateModified":"2025-09-12T08:25:43+00:00","inLanguage":"hu","potentialAction":[{"@type":"ReadAction","target":["https:\/\/ferenczykollegium.hu\/?page_id=1876"]}]},{"@type":"ImageObject","inLanguage":"hu","@id":"https:\/\/ferenczykollegium.hu\/?page_id=1876#primaryimage","url":"https:\/\/ferenczykollegium.hu\/wp-content\/uploads\/2025\/09\/Udvozlet.jpeg","contentUrl":"https:\/\/ferenczykollegium.hu\/wp-content\/uploads\/2025\/09\/Udvozlet.jpeg","width":1536,"height":2048},{"@type":"WebSite","@id":"https:\/\/ferenczykollegium.hu\/#website","url":"https:\/\/ferenczykollegium.hu\/","name":"Ferenczy No\u00e9mi K\u00f6z\u00e9piskolai Le\u00e1nykoll\u00e9gium","description":"","potentialAction":[{"@type":"SearchAction","target":{"@type":"EntryPoint","urlTemplate":"https:\/\/ferenczykollegium.hu\/?s={search_term_string}"},"query-input":{"@type":"PropertyValueSpecification","valueRequired":true,"valueName":"search_term_string"}}],"inLanguage":"hu"}]}},"_links":{"self":[{"href":"https:\/\/ferenczykollegium.hu\/index.php?rest_route=\/wp\/v2\/pages\/1876","targetHints":{"allow":["GET"]}}],"collection":[{"href":"https:\/\/ferenczykollegium.hu\/index.php?rest_route=\/wp\/v2\/pages"}],"about":[{"href":"https:\/\/ferenczykollegium.hu\/index.php?rest_route=\/wp\/v2\/types\/page"}],"author":[{"embeddable":true,"href":"https:\/\/ferenczykollegium.hu\/index.php?rest_route=\/wp\/v2\/users\/3"}],"replies":[{"embeddable":true,"href":"https:\/\/ferenczykollegium.hu\/index.php?rest_route=%2Fwp%2Fv2%2Fcomments&post=1876"}],"version-history":[{"count":30,"href":"https:\/\/ferenczykollegium.hu\/index.php?rest_route=\/wp\/v2\/pages\/1876\/revisions"}],"predecessor-version":[{"id":2261,"href":"https:\/\/ferenczykollegium.hu\/index.php?rest_route=\/wp\/v2\/pages\/1876\/revisions\/2261"}],"wp:attachment":[{"href":"https:\/\/ferenczykollegium.hu\/index.php?rest_route=%2Fwp%2Fv2%2Fmedia&parent=1876"}],"curies":[{"name":"wp","href":"https:\/\/api.w.org\/{rel}","templated":true}]}}