{"id":2368,"date":"2025-10-02T12:32:39","date_gmt":"2025-10-02T11:32:39","guid":{"rendered":"https:\/\/ferenczykollegium.hu\/?page_id=2368"},"modified":"2026-03-26T17:26:25","modified_gmt":"2026-03-26T16:26:25","slug":"kollegiumi-sportelet","status":"publish","type":"page","link":"https:\/\/ferenczykollegium.hu\/?page_id=2368","title":{"rendered":"Koll\u00e9giumi Sport\u00e9let 2025\/2026"},"content":{"rendered":"\n<p>K\u00f6teles falm\u00e1sz\u00e1s MAG47-ben<\/p>\n\n\n\nngg_shortcode_0_placeholder\n\n\n\n<p>Falm\u00e1sz\u00e1s MOUNTEX BOULDER-ben \ud83d\ude42<\/p>\n\n\n\nngg_shortcode_1_placeholder\n\n\n\n<p>Plank kih\u00edv\u00e1s eredm\u00e9nyhirdet\u00e9s<\/p>\n\n\n\nngg_shortcode_2_placeholder\n\n\n\n<p>Ugr\u00e1l\u00f3k\u00f6t\u00e9l kih\u00edv\u00e1s \ud83d\ude42 <\/p>\n\n\n\nngg_shortcode_3_placeholder\n","protected":false},"excerpt":{"rendered":"<p>K\u00f6teles falm\u00e1sz\u00e1s MAG47-ben Falm\u00e1sz\u00e1s MOUNTEX BOULDER-ben \ud83d\ude42 Plank kih\u00edv\u00e1s eredm\u00e9nyhirdet\u00e9s Ugr\u00e1l\u00f3k\u00f6t\u00e9l kih\u00edv\u00e1s \ud83d\ude42<\/p>\n","protected":false},"author":3,"featured_media":0,"parent":0,"menu_order":0,"comment_status":"closed","ping_status":"closed","template":"","meta":{"ngg_post_thumbnail":0,"_mc_calendar":[],"footnotes":""},"class_list":["post-2368","page","type-page","status-publish","hentry"],"yoast_head":"<!-- This site is optimized with the Yoast SEO plugin v27.2 - https:\/\/yoast.com\/product\/yoast-seo-wordpress\/ -->\n<title>Koll\u00e9giumi Sport\u00e9let 2025\/2026 - Ferenczy No\u00e9mi K\u00f6z\u00e9piskolai Le\u00e1nykoll\u00e9gium<\/title>\n<meta name=\"robots\" content=\"index, follow, max-snippet:-1, max-image-preview:large, max-video-preview:-1\" \/>\n<link rel=\"canonical\" href=\"https:\/\/ferenczykollegium.hu\/?page_id=2368\" \/>\n<meta property=\"og:locale\" content=\"hu_HU\" \/>\n<meta property=\"og:type\" content=\"article\" \/>\n<meta property=\"og:title\" content=\"Koll\u00e9giumi Sport\u00e9let 2025\/2026 - Ferenczy No\u00e9mi K\u00f6z\u00e9piskolai Le\u00e1nykoll\u00e9gium\" \/>\n<meta property=\"og:description\" content=\"K\u00f6teles falm\u00e1sz\u00e1s MAG47-ben Falm\u00e1sz\u00e1s MOUNTEX BOULDER-ben \ud83d\ude42 Plank kih\u00edv\u00e1s eredm\u00e9nyhirdet\u00e9s Ugr\u00e1l\u00f3k\u00f6t\u00e9l kih\u00edv\u00e1s \ud83d\ude42\" \/>\n<meta property=\"og:url\" content=\"https:\/\/ferenczykollegium.hu\/?page_id=2368\" \/>\n<meta property=\"og:site_name\" content=\"Ferenczy No\u00e9mi K\u00f6z\u00e9piskolai Le\u00e1nykoll\u00e9gium\" \/>\n<meta property=\"article:publisher\" content=\"https:\/\/www.facebook.com\/ferenczynoemi.kozepiskolaikollegium\" \/>\n<meta property=\"article:modified_time\" content=\"2026-03-26T16:26:25+00:00\" \/>\n<meta name=\"twitter:card\" content=\"summary_large_image\" \/>\n<meta name=\"twitter:label1\" content=\"Becs\u00fclt olvas\u00e1si id\u0151\" \/>\n\t<meta name=\"twitter:data1\" content=\"1 perc\" \/>\n<script type=\"application\/ld+json\" class=\"yoast-schema-graph\">{\"@context\":\"https:\/\/schema.org\",\"@graph\":[{\"@type\":\"WebPage\",\"@id\":\"https:\/\/ferenczykollegium.hu\/?page_id=2368\",\"url\":\"https:\/\/ferenczykollegium.hu\/?page_id=2368\",\"name\":\"Koll\u00e9giumi Sport\u00e9let 2025\/2026 - Ferenczy No\u00e9mi K\u00f6z\u00e9piskolai Le\u00e1nykoll\u00e9gium\",\"isPartOf\":{\"@id\":\"https:\/\/ferenczykollegium.hu\/#website\"},\"datePublished\":\"2025-10-02T11:32:39+00:00\",\"dateModified\":\"2026-03-26T16:26:25+00:00\",\"inLanguage\":\"hu\",\"potentialAction\":[{\"@type\":\"ReadAction\",\"target\":[\"https:\/\/ferenczykollegium.hu\/?page_id=2368\"]}]},{\"@type\":\"WebSite\",\"@id\":\"https:\/\/ferenczykollegium.hu\/#website\",\"url\":\"https:\/\/ferenczykollegium.hu\/\",\"name\":\"Ferenczy No\u00e9mi K\u00f6z\u00e9piskolai Le\u00e1nykoll\u00e9gium\",\"description\":\"\",\"potentialAction\":[{\"@type\":\"SearchAction\",\"target\":{\"@type\":\"EntryPoint\",\"urlTemplate\":\"https:\/\/ferenczykollegium.hu\/?s={search_term_string}\"},\"query-input\":{\"@type\":\"PropertyValueSpecification\",\"valueRequired\":true,\"valueName\":\"search_term_string\"}}],\"inLanguage\":\"hu\"}]}<\/script>\n<!-- \/ Yoast SEO plugin. -->","yoast_head_json":{"title":"Koll\u00e9giumi Sport\u00e9let 2025\/2026 - Ferenczy No\u00e9mi K\u00f6z\u00e9piskolai Le\u00e1nykoll\u00e9gium","robots":{"index":"index","follow":"follow","max-snippet":"max-snippet:-1","max-image-preview":"max-image-preview:large","max-video-preview":"max-video-preview:-1"},"canonical":"https:\/\/ferenczykollegium.hu\/?page_id=2368","og_locale":"hu_HU","og_type":"article","og_title":"Koll\u00e9giumi Sport\u00e9let 2025\/2026 - Ferenczy No\u00e9mi K\u00f6z\u00e9piskolai Le\u00e1nykoll\u00e9gium","og_description":"K\u00f6teles falm\u00e1sz\u00e1s MAG47-ben Falm\u00e1sz\u00e1s MOUNTEX BOULDER-ben \ud83d\ude42 Plank kih\u00edv\u00e1s eredm\u00e9nyhirdet\u00e9s Ugr\u00e1l\u00f3k\u00f6t\u00e9l kih\u00edv\u00e1s \ud83d\ude42","og_url":"https:\/\/ferenczykollegium.hu\/?page_id=2368","og_site_name":"Ferenczy No\u00e9mi K\u00f6z\u00e9piskolai Le\u00e1nykoll\u00e9gium","article_publisher":"https:\/\/www.facebook.com\/ferenczynoemi.kozepiskolaikollegium","article_modified_time":"2026-03-26T16:26:25+00:00","twitter_card":"summary_large_image","twitter_misc":{"Becs\u00fclt olvas\u00e1si id\u0151":"1 perc"},"schema":{"@context":"https:\/\/schema.org","@graph":[{"@type":"WebPage","@id":"https:\/\/ferenczykollegium.hu\/?page_id=2368","url":"https:\/\/ferenczykollegium.hu\/?page_id=2368","name":"Koll\u00e9giumi Sport\u00e9let 2025\/2026 - Ferenczy No\u00e9mi K\u00f6z\u00e9piskolai Le\u00e1nykoll\u00e9gium","isPartOf":{"@id":"https:\/\/ferenczykollegium.hu\/#website"},"datePublished":"2025-10-02T11:32:39+00:00","dateModified":"2026-03-26T16:26:25+00:00","inLanguage":"hu","potentialAction":[{"@type":"ReadAction","target":["https:\/\/ferenczykollegium.hu\/?page_id=2368"]}]},{"@type":"WebSite","@id":"https:\/\/ferenczykollegium.hu\/#website","url":"https:\/\/ferenczykollegium.hu\/","name":"Ferenczy No\u00e9mi K\u00f6z\u00e9piskolai Le\u00e1nykoll\u00e9gium","description":"","potentialAction":[{"@type":"SearchAction","target":{"@type":"EntryPoint","urlTemplate":"https:\/\/ferenczykollegium.hu\/?s={search_term_string}"},"query-input":{"@type":"PropertyValueSpecification","valueRequired":true,"valueName":"search_term_string"}}],"inLanguage":"hu"}]}},"_links":{"self":[{"href":"https:\/\/ferenczykollegium.hu\/index.php?rest_route=\/wp\/v2\/pages\/2368","targetHints":{"allow":["GET"]}}],"collection":[{"href":"https:\/\/ferenczykollegium.hu\/index.php?rest_route=\/wp\/v2\/pages"}],"about":[{"href":"https:\/\/ferenczykollegium.hu\/index.php?rest_route=\/wp\/v2\/types\/page"}],"author":[{"embeddable":true,"href":"https:\/\/ferenczykollegium.hu\/index.php?rest_route=\/wp\/v2\/users\/3"}],"replies":[{"embeddable":true,"href":"https:\/\/ferenczykollegium.hu\/index.php?rest_route=%2Fwp%2Fv2%2Fcomments&post=2368"}],"version-history":[{"count":29,"href":"https:\/\/ferenczykollegium.hu\/index.php?rest_route=\/wp\/v2\/pages\/2368\/revisions"}],"predecessor-version":[{"id":2895,"href":"https:\/\/ferenczykollegium.hu\/index.php?rest_route=\/wp\/v2\/pages\/2368\/revisions\/2895"}],"wp:attachment":[{"href":"https:\/\/ferenczykollegium.hu\/index.php?rest_route=%2Fwp%2Fv2%2Fmedia&parent=2368"}],"curies":[{"name":"wp","href":"https:\/\/api.w.org\/{rel}","templated":true}]}}