{"id":2586,"date":"2025-11-11T13:32:44","date_gmt":"2025-11-11T12:32:44","guid":{"rendered":"https:\/\/ferenczykollegium.hu\/?page_id=2586"},"modified":"2025-11-11T13:45:31","modified_gmt":"2025-11-11T12:45:31","slug":"nevado-szabo-magda-csoport","status":"publish","type":"page","link":"https:\/\/ferenczykollegium.hu\/?page_id=2586","title":{"rendered":"N\u00e9vad\u00f3 2025\/2026: Szab\u00f3 Magda csoport"},"content":{"rendered":"\nngg_shortcode_0_placeholder\n\n\n\n<p><\/p>\n","protected":false},"excerpt":{"rendered":"","protected":false},"author":3,"featured_media":0,"parent":0,"menu_order":0,"comment_status":"closed","ping_status":"closed","template":"","meta":{"ngg_post_thumbnail":0,"_mc_calendar":[],"footnotes":""},"class_list":["post-2586","page","type-page","status-publish","hentry"],"yoast_head":"<!-- This site is optimized with the Yoast SEO plugin v27.2 - https:\/\/yoast.com\/product\/yoast-seo-wordpress\/ -->\n<title>N\u00e9vad\u00f3 2025\/2026: Szab\u00f3 Magda csoport - Ferenczy No\u00e9mi K\u00f6z\u00e9piskolai Le\u00e1nykoll\u00e9gium<\/title>\n<meta name=\"robots\" content=\"index, follow, max-snippet:-1, max-image-preview:large, max-video-preview:-1\" \/>\n<link rel=\"canonical\" href=\"https:\/\/ferenczykollegium.hu\/?page_id=2586\" \/>\n<meta property=\"og:locale\" content=\"hu_HU\" \/>\n<meta property=\"og:type\" content=\"article\" \/>\n<meta property=\"og:title\" content=\"N\u00e9vad\u00f3 2025\/2026: Szab\u00f3 Magda csoport - Ferenczy No\u00e9mi K\u00f6z\u00e9piskolai Le\u00e1nykoll\u00e9gium\" \/>\n<meta property=\"og:url\" content=\"https:\/\/ferenczykollegium.hu\/?page_id=2586\" \/>\n<meta property=\"og:site_name\" content=\"Ferenczy No\u00e9mi K\u00f6z\u00e9piskolai Le\u00e1nykoll\u00e9gium\" \/>\n<meta property=\"article:publisher\" content=\"https:\/\/www.facebook.com\/ferenczynoemi.kozepiskolaikollegium\" \/>\n<meta property=\"article:modified_time\" content=\"2025-11-11T12:45:31+00:00\" \/>\n<meta name=\"twitter:card\" content=\"summary_large_image\" \/>\n<meta name=\"twitter:label1\" content=\"Becs\u00fclt olvas\u00e1si id\u0151\" \/>\n\t<meta name=\"twitter:data1\" content=\"1 perc\" \/>\n<script type=\"application\/ld+json\" class=\"yoast-schema-graph\">{\"@context\":\"https:\/\/schema.org\",\"@graph\":[{\"@type\":\"WebPage\",\"@id\":\"https:\/\/ferenczykollegium.hu\/?page_id=2586\",\"url\":\"https:\/\/ferenczykollegium.hu\/?page_id=2586\",\"name\":\"N\u00e9vad\u00f3 2025\/2026: Szab\u00f3 Magda csoport - Ferenczy No\u00e9mi K\u00f6z\u00e9piskolai Le\u00e1nykoll\u00e9gium\",\"isPartOf\":{\"@id\":\"https:\/\/ferenczykollegium.hu\/#website\"},\"datePublished\":\"2025-11-11T12:32:44+00:00\",\"dateModified\":\"2025-11-11T12:45:31+00:00\",\"inLanguage\":\"hu\",\"potentialAction\":[{\"@type\":\"ReadAction\",\"target\":[\"https:\/\/ferenczykollegium.hu\/?page_id=2586\"]}]},{\"@type\":\"WebSite\",\"@id\":\"https:\/\/ferenczykollegium.hu\/#website\",\"url\":\"https:\/\/ferenczykollegium.hu\/\",\"name\":\"Ferenczy No\u00e9mi K\u00f6z\u00e9piskolai Le\u00e1nykoll\u00e9gium\",\"description\":\"\",\"potentialAction\":[{\"@type\":\"SearchAction\",\"target\":{\"@type\":\"EntryPoint\",\"urlTemplate\":\"https:\/\/ferenczykollegium.hu\/?s={search_term_string}\"},\"query-input\":{\"@type\":\"PropertyValueSpecification\",\"valueRequired\":true,\"valueName\":\"search_term_string\"}}],\"inLanguage\":\"hu\"}]}<\/script>\n<!-- \/ Yoast SEO plugin. -->","yoast_head_json":{"title":"N\u00e9vad\u00f3 2025\/2026: Szab\u00f3 Magda csoport - Ferenczy No\u00e9mi K\u00f6z\u00e9piskolai Le\u00e1nykoll\u00e9gium","robots":{"index":"index","follow":"follow","max-snippet":"max-snippet:-1","max-image-preview":"max-image-preview:large","max-video-preview":"max-video-preview:-1"},"canonical":"https:\/\/ferenczykollegium.hu\/?page_id=2586","og_locale":"hu_HU","og_type":"article","og_title":"N\u00e9vad\u00f3 2025\/2026: Szab\u00f3 Magda csoport - Ferenczy No\u00e9mi K\u00f6z\u00e9piskolai Le\u00e1nykoll\u00e9gium","og_url":"https:\/\/ferenczykollegium.hu\/?page_id=2586","og_site_name":"Ferenczy No\u00e9mi K\u00f6z\u00e9piskolai Le\u00e1nykoll\u00e9gium","article_publisher":"https:\/\/www.facebook.com\/ferenczynoemi.kozepiskolaikollegium","article_modified_time":"2025-11-11T12:45:31+00:00","twitter_card":"summary_large_image","twitter_misc":{"Becs\u00fclt olvas\u00e1si id\u0151":"1 perc"},"schema":{"@context":"https:\/\/schema.org","@graph":[{"@type":"WebPage","@id":"https:\/\/ferenczykollegium.hu\/?page_id=2586","url":"https:\/\/ferenczykollegium.hu\/?page_id=2586","name":"N\u00e9vad\u00f3 2025\/2026: Szab\u00f3 Magda csoport - Ferenczy No\u00e9mi K\u00f6z\u00e9piskolai Le\u00e1nykoll\u00e9gium","isPartOf":{"@id":"https:\/\/ferenczykollegium.hu\/#website"},"datePublished":"2025-11-11T12:32:44+00:00","dateModified":"2025-11-11T12:45:31+00:00","inLanguage":"hu","potentialAction":[{"@type":"ReadAction","target":["https:\/\/ferenczykollegium.hu\/?page_id=2586"]}]},{"@type":"WebSite","@id":"https:\/\/ferenczykollegium.hu\/#website","url":"https:\/\/ferenczykollegium.hu\/","name":"Ferenczy No\u00e9mi K\u00f6z\u00e9piskolai Le\u00e1nykoll\u00e9gium","description":"","potentialAction":[{"@type":"SearchAction","target":{"@type":"EntryPoint","urlTemplate":"https:\/\/ferenczykollegium.hu\/?s={search_term_string}"},"query-input":{"@type":"PropertyValueSpecification","valueRequired":true,"valueName":"search_term_string"}}],"inLanguage":"hu"}]}},"_links":{"self":[{"href":"https:\/\/ferenczykollegium.hu\/index.php?rest_route=\/wp\/v2\/pages\/2586","targetHints":{"allow":["GET"]}}],"collection":[{"href":"https:\/\/ferenczykollegium.hu\/index.php?rest_route=\/wp\/v2\/pages"}],"about":[{"href":"https:\/\/ferenczykollegium.hu\/index.php?rest_route=\/wp\/v2\/types\/page"}],"author":[{"embeddable":true,"href":"https:\/\/ferenczykollegium.hu\/index.php?rest_route=\/wp\/v2\/users\/3"}],"replies":[{"embeddable":true,"href":"https:\/\/ferenczykollegium.hu\/index.php?rest_route=%2Fwp%2Fv2%2Fcomments&post=2586"}],"version-history":[{"count":3,"href":"https:\/\/ferenczykollegium.hu\/index.php?rest_route=\/wp\/v2\/pages\/2586\/revisions"}],"predecessor-version":[{"id":2607,"href":"https:\/\/ferenczykollegium.hu\/index.php?rest_route=\/wp\/v2\/pages\/2586\/revisions\/2607"}],"wp:attachment":[{"href":"https:\/\/ferenczykollegium.hu\/index.php?rest_route=%2Fwp%2Fv2%2Fmedia&parent=2586"}],"curies":[{"name":"wp","href":"https:\/\/api.w.org\/{rel}","templated":true}]}}