{"id":342,"date":"2020-01-12T21:31:51","date_gmt":"2020-01-12T21:31:51","guid":{"rendered":"https:\/\/teszt.ferenczykollegium.hu\/?page_id=342"},"modified":"2026-02-12T16:42:31","modified_gmt":"2026-02-12T15:42:31","slug":"dokumentumok","status":"publish","type":"page","link":"https:\/\/ferenczykollegium.hu\/?page_id=342","title":{"rendered":"Dokumentumok"},"content":{"rendered":"\n<p><a href=\"https:\/\/ferenczykollegium.hu\/wp-content\/uploads\/2026\/02\/Szuloi-ertesites-2025-2026.-tanev.pdf\">Szuloi-ertesites-2025-2026.-tanev.pdf<\/a><\/p>\n\n\n\n<p><a href=\"https:\/\/ferenczykollegium.hu\/wp-content\/uploads\/2025\/09\/Munkaterv-2025-2026-Ferenczy-Noemi-Kozepiskolai-Leanykollegium-1.pdf\">Munkaterv-2025-2026-Ferenczy-Noemi-Kozepiskolai-Leanykollegium-1.pdf<\/a><\/p>\n\n\n\n<p><a href=\"https:\/\/ferenczykollegium.hu\/wp-content\/uploads\/2025\/09\/SZMSZ-2025.pdf\">2025\/09\/SZMSZ-2025.pdf<\/a><\/p>\n\n\n\n<p><a href=\"https:\/\/ferenczykollegium.hu\/wp-content\/uploads\/2025\/09\/Hazirend-2025.pdf\">2025\/09\/Hazirend-2025.pdf<\/a><\/p>\n\n\n\n<p><a href=\"https:\/\/ferenczykollegium.hu\/wp-content\/uploads\/2025\/09\/Lemondo-nyilatkozat-MINTA.pdf\">Lemondo-nyilatkozat-MINTA.pdf<\/a><\/p>\n\n\n\n<p><a href=\"https:\/\/ferenczykollegium.hu\/wp-content\/uploads\/2025\/09\/Pedagogiai-Program-2025.pdf\">Pedagogiai-Program-2025.pdf<\/a><\/p>\n\n\n\n<p><a href=\"https:\/\/ferenczykollegium.hu\/wp-content\/uploads\/2025\/08\/Szuloi-egeszsegugyi-nyilatkozat-2025.pdf\">Szuloi-egeszsegugyi-nyilatkozat-2025.pdf<\/a><\/p>\n\n\n\n<p><a href=\"https:\/\/ferenczykollegium.hu\/wp-content\/uploads\/2025\/03\/ESZGSZ-IGENYLOLAP-2025_2026.pdf\">ESZGSZ-IGENYLOLAP-2025_2026.pdf<\/a><\/p>\n\n\n\n<p><a href=\"https:\/\/ferenczykollegium.hu\/wp-content\/uploads\/2025\/03\/Kedvezmenyes-etkezessel-kapcsolatos-tajekoztato__2025_2026.pdf\">Kedvezmenyes-etkezessel-kapcsolatos-tajekoztato__2025_2026.pdf<\/a><\/p>\n\n\n\n<p><a href=\"https:\/\/ferenczykollegium.hu\/wp-content\/uploads\/2025\/03\/Bemutatkozas.pdf\">Bemutatkozas.pdf<\/a><\/p>\n\n\n\n<p><strong>OM: 039145<\/strong> <\/p>\n\n\n\n<p><\/p>\n","protected":false},"excerpt":{"rendered":"<p>Szuloi-ertesites-2025-2026.-tanev.pdf Munkaterv-2025-2026-Ferenczy-Noemi-Kozepiskolai-Leanykollegium-1.pdf 2025\/09\/SZMSZ-2025.pdf 2025\/09\/Hazirend-2025.pdf Lemondo-nyilatkozat-MINTA.pdf Pedagogiai-Program-2025.pdf Szuloi-egeszsegugyi-nyilatkozat-2025.pdf ESZGSZ-IGENYLOLAP-2025_2026.pdf Kedvezmenyes-etkezessel-kapcsolatos-tajekoztato__2025_2026.pdf Bemutatkozas.pdf OM: 039145<\/p>\n","protected":false},"author":1,"featured_media":0,"parent":0,"menu_order":0,"comment_status":"closed","ping_status":"closed","template":"","meta":{"ngg_post_thumbnail":0,"_mc_calendar":[],"footnotes":""},"class_list":["post-342","page","type-page","status-publish","hentry"],"yoast_head":"<!-- This site is optimized with the Yoast SEO plugin v27.2 - https:\/\/yoast.com\/product\/yoast-seo-wordpress\/ -->\n<title>Dokumentumok - Ferenczy No\u00e9mi K\u00f6z\u00e9piskolai Le\u00e1nykoll\u00e9gium<\/title>\n<meta name=\"robots\" content=\"index, follow, max-snippet:-1, max-image-preview:large, max-video-preview:-1\" \/>\n<link rel=\"canonical\" href=\"https:\/\/ferenczykollegium.hu\/?page_id=342\" \/>\n<meta property=\"og:locale\" content=\"hu_HU\" \/>\n<meta property=\"og:type\" content=\"article\" \/>\n<meta property=\"og:title\" content=\"Dokumentumok - Ferenczy No\u00e9mi K\u00f6z\u00e9piskolai Le\u00e1nykoll\u00e9gium\" \/>\n<meta property=\"og:description\" content=\"Szuloi-ertesites-2025-2026.-tanev.pdf Munkaterv-2025-2026-Ferenczy-Noemi-Kozepiskolai-Leanykollegium-1.pdf 2025\/09\/SZMSZ-2025.pdf 2025\/09\/Hazirend-2025.pdf Lemondo-nyilatkozat-MINTA.pdf Pedagogiai-Program-2025.pdf Szuloi-egeszsegugyi-nyilatkozat-2025.pdf ESZGSZ-IGENYLOLAP-2025_2026.pdf Kedvezmenyes-etkezessel-kapcsolatos-tajekoztato__2025_2026.pdf Bemutatkozas.pdf OM: 039145\" \/>\n<meta property=\"og:url\" content=\"https:\/\/ferenczykollegium.hu\/?page_id=342\" \/>\n<meta property=\"og:site_name\" content=\"Ferenczy No\u00e9mi K\u00f6z\u00e9piskolai Le\u00e1nykoll\u00e9gium\" \/>\n<meta property=\"article:publisher\" content=\"https:\/\/www.facebook.com\/ferenczynoemi.kozepiskolaikollegium\" \/>\n<meta property=\"article:modified_time\" content=\"2026-02-12T15:42:31+00:00\" \/>\n<meta name=\"twitter:card\" content=\"summary_large_image\" \/>\n<meta name=\"twitter:label1\" content=\"Becs\u00fclt olvas\u00e1si id\u0151\" \/>\n\t<meta name=\"twitter:data1\" content=\"1 perc\" \/>\n<script type=\"application\/ld+json\" class=\"yoast-schema-graph\">{\"@context\":\"https:\/\/schema.org\",\"@graph\":[{\"@type\":\"WebPage\",\"@id\":\"https:\/\/ferenczykollegium.hu\/?page_id=342\",\"url\":\"https:\/\/ferenczykollegium.hu\/?page_id=342\",\"name\":\"Dokumentumok - Ferenczy No\u00e9mi K\u00f6z\u00e9piskolai Le\u00e1nykoll\u00e9gium\",\"isPartOf\":{\"@id\":\"https:\/\/ferenczykollegium.hu\/#website\"},\"datePublished\":\"2020-01-12T21:31:51+00:00\",\"dateModified\":\"2026-02-12T15:42:31+00:00\",\"inLanguage\":\"hu\",\"potentialAction\":[{\"@type\":\"ReadAction\",\"target\":[\"https:\/\/ferenczykollegium.hu\/?page_id=342\"]}]},{\"@type\":\"WebSite\",\"@id\":\"https:\/\/ferenczykollegium.hu\/#website\",\"url\":\"https:\/\/ferenczykollegium.hu\/\",\"name\":\"Ferenczy No\u00e9mi K\u00f6z\u00e9piskolai Le\u00e1nykoll\u00e9gium\",\"description\":\"\",\"potentialAction\":[{\"@type\":\"SearchAction\",\"target\":{\"@type\":\"EntryPoint\",\"urlTemplate\":\"https:\/\/ferenczykollegium.hu\/?s={search_term_string}\"},\"query-input\":{\"@type\":\"PropertyValueSpecification\",\"valueRequired\":true,\"valueName\":\"search_term_string\"}}],\"inLanguage\":\"hu\"}]}<\/script>\n<!-- \/ Yoast SEO plugin. -->","yoast_head_json":{"title":"Dokumentumok - Ferenczy No\u00e9mi K\u00f6z\u00e9piskolai Le\u00e1nykoll\u00e9gium","robots":{"index":"index","follow":"follow","max-snippet":"max-snippet:-1","max-image-preview":"max-image-preview:large","max-video-preview":"max-video-preview:-1"},"canonical":"https:\/\/ferenczykollegium.hu\/?page_id=342","og_locale":"hu_HU","og_type":"article","og_title":"Dokumentumok - Ferenczy No\u00e9mi K\u00f6z\u00e9piskolai Le\u00e1nykoll\u00e9gium","og_description":"Szuloi-ertesites-2025-2026.-tanev.pdf Munkaterv-2025-2026-Ferenczy-Noemi-Kozepiskolai-Leanykollegium-1.pdf 2025\/09\/SZMSZ-2025.pdf 2025\/09\/Hazirend-2025.pdf Lemondo-nyilatkozat-MINTA.pdf Pedagogiai-Program-2025.pdf Szuloi-egeszsegugyi-nyilatkozat-2025.pdf ESZGSZ-IGENYLOLAP-2025_2026.pdf Kedvezmenyes-etkezessel-kapcsolatos-tajekoztato__2025_2026.pdf Bemutatkozas.pdf OM: 039145","og_url":"https:\/\/ferenczykollegium.hu\/?page_id=342","og_site_name":"Ferenczy No\u00e9mi K\u00f6z\u00e9piskolai Le\u00e1nykoll\u00e9gium","article_publisher":"https:\/\/www.facebook.com\/ferenczynoemi.kozepiskolaikollegium","article_modified_time":"2026-02-12T15:42:31+00:00","twitter_card":"summary_large_image","twitter_misc":{"Becs\u00fclt olvas\u00e1si id\u0151":"1 perc"},"schema":{"@context":"https:\/\/schema.org","@graph":[{"@type":"WebPage","@id":"https:\/\/ferenczykollegium.hu\/?page_id=342","url":"https:\/\/ferenczykollegium.hu\/?page_id=342","name":"Dokumentumok - Ferenczy No\u00e9mi K\u00f6z\u00e9piskolai Le\u00e1nykoll\u00e9gium","isPartOf":{"@id":"https:\/\/ferenczykollegium.hu\/#website"},"datePublished":"2020-01-12T21:31:51+00:00","dateModified":"2026-02-12T15:42:31+00:00","inLanguage":"hu","potentialAction":[{"@type":"ReadAction","target":["https:\/\/ferenczykollegium.hu\/?page_id=342"]}]},{"@type":"WebSite","@id":"https:\/\/ferenczykollegium.hu\/#website","url":"https:\/\/ferenczykollegium.hu\/","name":"Ferenczy No\u00e9mi K\u00f6z\u00e9piskolai Le\u00e1nykoll\u00e9gium","description":"","potentialAction":[{"@type":"SearchAction","target":{"@type":"EntryPoint","urlTemplate":"https:\/\/ferenczykollegium.hu\/?s={search_term_string}"},"query-input":{"@type":"PropertyValueSpecification","valueRequired":true,"valueName":"search_term_string"}}],"inLanguage":"hu"}]}},"_links":{"self":[{"href":"https:\/\/ferenczykollegium.hu\/index.php?rest_route=\/wp\/v2\/pages\/342","targetHints":{"allow":["GET"]}}],"collection":[{"href":"https:\/\/ferenczykollegium.hu\/index.php?rest_route=\/wp\/v2\/pages"}],"about":[{"href":"https:\/\/ferenczykollegium.hu\/index.php?rest_route=\/wp\/v2\/types\/page"}],"author":[{"embeddable":true,"href":"https:\/\/ferenczykollegium.hu\/index.php?rest_route=\/wp\/v2\/users\/1"}],"replies":[{"embeddable":true,"href":"https:\/\/ferenczykollegium.hu\/index.php?rest_route=%2Fwp%2Fv2%2Fcomments&post=342"}],"version-history":[{"count":70,"href":"https:\/\/ferenczykollegium.hu\/index.php?rest_route=\/wp\/v2\/pages\/342\/revisions"}],"predecessor-version":[{"id":2806,"href":"https:\/\/ferenczykollegium.hu\/index.php?rest_route=\/wp\/v2\/pages\/342\/revisions\/2806"}],"wp:attachment":[{"href":"https:\/\/ferenczykollegium.hu\/index.php?rest_route=%2Fwp%2Fv2%2Fmedia&parent=342"}],"curies":[{"name":"wp","href":"https:\/\/api.w.org\/{rel}","templated":true}]}}