{"id":344,"date":"2020-01-12T21:31:51","date_gmt":"2020-01-12T21:31:51","guid":{"rendered":"https:\/\/teszt.ferenczykollegium.hu\/?page_id=344"},"modified":"2025-11-12T13:04:55","modified_gmt":"2025-11-12T12:04:55","slug":"munkatarsak","status":"publish","type":"page","link":"https:\/\/ferenczykollegium.hu\/?page_id=344","title":{"rendered":"Munkat\u00e1rsak"},"content":{"rendered":"\n<p class=\"has-text-align-center\"><strong>AZ INT\u00c9ZM\u00c9NY MUNKAT\u00c1RSAI<\/strong><\/p>\n\n\n\n<p><strong>Vezet\u0151s\u00e9g<\/strong><\/p>\n\n\n\n<p class=\"has-text-align-center\"><strong>Zajzon Ildik\u00f3 igazgat\u00f3<\/strong><\/p>\n\n\n\n<p class=\"has-text-align-center\"><strong>Csat\u00e1rin\u00e9 T\u00f6r\u00f6k Timea igazgat\u00f3helyettes<\/strong><\/p>\n\n\n\n<p><strong>Tantest\u00fclet<\/strong><\/p>\n\n\n\n<p class=\"has-text-align-center\"><strong>Bencz\u00e9n\u00e9 Veszteg Erzs\u00e9bet \u2013 matematika<\/strong><\/p>\n\n\n\n<p class=\"has-text-align-center\"><strong>Csat\u00e1rin\u00e9 T\u00f6r\u00f6k Timea \u2013 fizika \u2013 sz\u00e1m\u00edt\u00e1stechnika<\/strong><\/p>\n\n\n\n<p class=\"has-text-align-center\"><strong>T\u00f3th Fruzsina \u2013 pszichol\u00f3gus<\/strong><\/p>\n\n\n\n<p class=\"has-text-align-center\"><strong>Straub I. Eszter \u2013 testnevel\u00e9s &#8211; mentortan\u00e1r, k\u00e9zilabda edz\u0151<\/strong><\/p>\n\n\n\n<p class=\"has-text-align-center\"><strong>Szebeni T\u00fcnde No\u00e9mi<\/strong> <strong>\u2013 magyar nyelv \u00e9s irodalom<\/strong><\/p>\n\n\n\n<p class=\"has-text-align-center\"><strong>Szomorn\u00e9 Gajda M\u00e1ria \u2013 k\u00f6nyvt\u00e1r-francia<\/strong><\/p>\n\n\n\n<p class=\"has-text-align-center\"><strong>Zajzon Ildik\u00f3 \u2013 magyar nyelv \u00e9s irodalom \u2013 komparatisztika<\/strong><\/p>\n\n\n\n<p class=\"has-text-align-center\"><\/p>\n\n\n\n<p><strong>Adminisztrat\u00edv szem\u00e9lyzet<\/strong><\/p>\n\n\n\n<p class=\"has-text-align-center\"><strong>B\u00e1rdos M\u00e1ty\u00e1s \u2013 rendszergazda<\/strong><\/p>\n\n\n\n<p class=\"has-text-align-center\"><strong>Boda Brigitta \u2013 koll\u00e9giumi titk\u00e1r<\/strong><\/p>\n\n\n\n<p><\/p>\n\n\n\n<p><strong>Technikai dolgoz\u00f3k<\/strong><\/p>\n\n\n\n<p class=\"has-text-align-center\"><strong>Ol\u00e1h P\u00e9ter Istv\u00e1n \u2013 udvaros-karbantart\u00f3<\/strong><\/p>\n\n\n\n<p class=\"has-text-align-center\"><strong>Szebeni Mih\u00e1ly \u2013 port\u00e1s<\/strong><\/p>\n\n\n\n<p class=\"has-text-align-center\"><strong>Batyin\u00e9 Gr\u00f3f T\u00edmea \u2013 port\u00e1s<\/strong><\/p>\n\n\n\n<p class=\"has-text-align-center\"><strong>Marencs\u00e1k Margit \u2013 port\u00e1s<\/strong><\/p>\n\n\n\n<p class=\"has-text-align-center\"><strong>Murvai Ilona Anita \u2013 gondnok-\u00fcgyint\u00e9z\u0151<\/strong><\/p>\n\n\n\n<p class=\"has-text-align-center\"><strong>Kov\u00e1cs Zolt\u00e1nn\u00e9-takar\u00edt\u00f3<\/strong><\/p>\n\n\n\n<p><\/p>\n","protected":false},"excerpt":{"rendered":"<p>AZ INT\u00c9ZM\u00c9NY MUNKAT\u00c1RSAI Vezet\u0151s\u00e9g Zajzon Ildik\u00f3 igazgat\u00f3 Csat\u00e1rin\u00e9 T\u00f6r\u00f6k Timea igazgat\u00f3helyettes Tantest\u00fclet Bencz\u00e9n\u00e9 Veszteg Erzs\u00e9bet \u2013 matematika Csat\u00e1rin\u00e9 T\u00f6r\u00f6k Timea \u2013 fizika \u2013 sz\u00e1m\u00edt\u00e1stechnika T\u00f3th Fruzsina \u2013 pszichol\u00f3gus Straub I. Eszter \u2013 testnevel\u00e9s &#8211; mentortan\u00e1r, k\u00e9zilabda edz\u0151 Szebeni T\u00fcnde No\u00e9mi \u2013 magyar nyelv \u00e9s irodalom Szomorn\u00e9 Gajda M\u00e1ria \u2013 k\u00f6nyvt\u00e1r-francia Zajzon Ildik\u00f3 \u2013 magyar nyelv [&hellip;]<\/p>\n","protected":false},"author":1,"featured_media":0,"parent":0,"menu_order":0,"comment_status":"closed","ping_status":"closed","template":"","meta":{"ngg_post_thumbnail":0,"_mc_calendar":[],"footnotes":""},"class_list":["post-344","page","type-page","status-publish","hentry"],"yoast_head":"<!-- This site is optimized with the Yoast SEO plugin v27.2 - https:\/\/yoast.com\/product\/yoast-seo-wordpress\/ -->\n<title>Munkat\u00e1rsak - Ferenczy No\u00e9mi K\u00f6z\u00e9piskolai Le\u00e1nykoll\u00e9gium<\/title>\n<meta name=\"robots\" content=\"index, follow, max-snippet:-1, max-image-preview:large, max-video-preview:-1\" \/>\n<link rel=\"canonical\" href=\"https:\/\/ferenczykollegium.hu\/?page_id=344\" \/>\n<meta property=\"og:locale\" content=\"hu_HU\" \/>\n<meta property=\"og:type\" content=\"article\" \/>\n<meta property=\"og:title\" content=\"Munkat\u00e1rsak - Ferenczy No\u00e9mi K\u00f6z\u00e9piskolai Le\u00e1nykoll\u00e9gium\" \/>\n<meta property=\"og:description\" content=\"AZ INT\u00c9ZM\u00c9NY MUNKAT\u00c1RSAI Vezet\u0151s\u00e9g Zajzon Ildik\u00f3 igazgat\u00f3 Csat\u00e1rin\u00e9 T\u00f6r\u00f6k Timea igazgat\u00f3helyettes Tantest\u00fclet Bencz\u00e9n\u00e9 Veszteg Erzs\u00e9bet \u2013 matematika Csat\u00e1rin\u00e9 T\u00f6r\u00f6k Timea \u2013 fizika \u2013 sz\u00e1m\u00edt\u00e1stechnika T\u00f3th Fruzsina \u2013 pszichol\u00f3gus Straub I. Eszter \u2013 testnevel\u00e9s &#8211; mentortan\u00e1r, k\u00e9zilabda edz\u0151 Szebeni T\u00fcnde No\u00e9mi \u2013 magyar nyelv \u00e9s irodalom Szomorn\u00e9 Gajda M\u00e1ria \u2013 k\u00f6nyvt\u00e1r-francia Zajzon Ildik\u00f3 \u2013 magyar nyelv [&hellip;]\" \/>\n<meta property=\"og:url\" content=\"https:\/\/ferenczykollegium.hu\/?page_id=344\" \/>\n<meta property=\"og:site_name\" content=\"Ferenczy No\u00e9mi K\u00f6z\u00e9piskolai Le\u00e1nykoll\u00e9gium\" \/>\n<meta property=\"article:publisher\" content=\"https:\/\/www.facebook.com\/ferenczynoemi.kozepiskolaikollegium\" \/>\n<meta property=\"article:modified_time\" content=\"2025-11-12T12:04:55+00:00\" \/>\n<meta name=\"twitter:card\" content=\"summary_large_image\" \/>\n<meta name=\"twitter:label1\" content=\"Becs\u00fclt olvas\u00e1si id\u0151\" \/>\n\t<meta name=\"twitter:data1\" content=\"1 perc\" \/>\n<script type=\"application\/ld+json\" class=\"yoast-schema-graph\">{\"@context\":\"https:\/\/schema.org\",\"@graph\":[{\"@type\":\"WebPage\",\"@id\":\"https:\/\/ferenczykollegium.hu\/?page_id=344\",\"url\":\"https:\/\/ferenczykollegium.hu\/?page_id=344\",\"name\":\"Munkat\u00e1rsak - Ferenczy No\u00e9mi K\u00f6z\u00e9piskolai Le\u00e1nykoll\u00e9gium\",\"isPartOf\":{\"@id\":\"https:\/\/ferenczykollegium.hu\/#website\"},\"datePublished\":\"2020-01-12T21:31:51+00:00\",\"dateModified\":\"2025-11-12T12:04:55+00:00\",\"inLanguage\":\"hu\",\"potentialAction\":[{\"@type\":\"ReadAction\",\"target\":[\"https:\/\/ferenczykollegium.hu\/?page_id=344\"]}]},{\"@type\":\"WebSite\",\"@id\":\"https:\/\/ferenczykollegium.hu\/#website\",\"url\":\"https:\/\/ferenczykollegium.hu\/\",\"name\":\"Ferenczy No\u00e9mi K\u00f6z\u00e9piskolai Le\u00e1nykoll\u00e9gium\",\"description\":\"\",\"potentialAction\":[{\"@type\":\"SearchAction\",\"target\":{\"@type\":\"EntryPoint\",\"urlTemplate\":\"https:\/\/ferenczykollegium.hu\/?s={search_term_string}\"},\"query-input\":{\"@type\":\"PropertyValueSpecification\",\"valueRequired\":true,\"valueName\":\"search_term_string\"}}],\"inLanguage\":\"hu\"}]}<\/script>\n<!-- \/ Yoast SEO plugin. -->","yoast_head_json":{"title":"Munkat\u00e1rsak - Ferenczy No\u00e9mi K\u00f6z\u00e9piskolai Le\u00e1nykoll\u00e9gium","robots":{"index":"index","follow":"follow","max-snippet":"max-snippet:-1","max-image-preview":"max-image-preview:large","max-video-preview":"max-video-preview:-1"},"canonical":"https:\/\/ferenczykollegium.hu\/?page_id=344","og_locale":"hu_HU","og_type":"article","og_title":"Munkat\u00e1rsak - Ferenczy No\u00e9mi K\u00f6z\u00e9piskolai Le\u00e1nykoll\u00e9gium","og_description":"AZ INT\u00c9ZM\u00c9NY MUNKAT\u00c1RSAI Vezet\u0151s\u00e9g Zajzon Ildik\u00f3 igazgat\u00f3 Csat\u00e1rin\u00e9 T\u00f6r\u00f6k Timea igazgat\u00f3helyettes Tantest\u00fclet Bencz\u00e9n\u00e9 Veszteg Erzs\u00e9bet \u2013 matematika Csat\u00e1rin\u00e9 T\u00f6r\u00f6k Timea \u2013 fizika \u2013 sz\u00e1m\u00edt\u00e1stechnika T\u00f3th Fruzsina \u2013 pszichol\u00f3gus Straub I. Eszter \u2013 testnevel\u00e9s &#8211; mentortan\u00e1r, k\u00e9zilabda edz\u0151 Szebeni T\u00fcnde No\u00e9mi \u2013 magyar nyelv \u00e9s irodalom Szomorn\u00e9 Gajda M\u00e1ria \u2013 k\u00f6nyvt\u00e1r-francia Zajzon Ildik\u00f3 \u2013 magyar nyelv [&hellip;]","og_url":"https:\/\/ferenczykollegium.hu\/?page_id=344","og_site_name":"Ferenczy No\u00e9mi K\u00f6z\u00e9piskolai Le\u00e1nykoll\u00e9gium","article_publisher":"https:\/\/www.facebook.com\/ferenczynoemi.kozepiskolaikollegium","article_modified_time":"2025-11-12T12:04:55+00:00","twitter_card":"summary_large_image","twitter_misc":{"Becs\u00fclt olvas\u00e1si id\u0151":"1 perc"},"schema":{"@context":"https:\/\/schema.org","@graph":[{"@type":"WebPage","@id":"https:\/\/ferenczykollegium.hu\/?page_id=344","url":"https:\/\/ferenczykollegium.hu\/?page_id=344","name":"Munkat\u00e1rsak - Ferenczy No\u00e9mi K\u00f6z\u00e9piskolai Le\u00e1nykoll\u00e9gium","isPartOf":{"@id":"https:\/\/ferenczykollegium.hu\/#website"},"datePublished":"2020-01-12T21:31:51+00:00","dateModified":"2025-11-12T12:04:55+00:00","inLanguage":"hu","potentialAction":[{"@type":"ReadAction","target":["https:\/\/ferenczykollegium.hu\/?page_id=344"]}]},{"@type":"WebSite","@id":"https:\/\/ferenczykollegium.hu\/#website","url":"https:\/\/ferenczykollegium.hu\/","name":"Ferenczy No\u00e9mi K\u00f6z\u00e9piskolai Le\u00e1nykoll\u00e9gium","description":"","potentialAction":[{"@type":"SearchAction","target":{"@type":"EntryPoint","urlTemplate":"https:\/\/ferenczykollegium.hu\/?s={search_term_string}"},"query-input":{"@type":"PropertyValueSpecification","valueRequired":true,"valueName":"search_term_string"}}],"inLanguage":"hu"}]}},"_links":{"self":[{"href":"https:\/\/ferenczykollegium.hu\/index.php?rest_route=\/wp\/v2\/pages\/344","targetHints":{"allow":["GET"]}}],"collection":[{"href":"https:\/\/ferenczykollegium.hu\/index.php?rest_route=\/wp\/v2\/pages"}],"about":[{"href":"https:\/\/ferenczykollegium.hu\/index.php?rest_route=\/wp\/v2\/types\/page"}],"author":[{"embeddable":true,"href":"https:\/\/ferenczykollegium.hu\/index.php?rest_route=\/wp\/v2\/users\/1"}],"replies":[{"embeddable":true,"href":"https:\/\/ferenczykollegium.hu\/index.php?rest_route=%2Fwp%2Fv2%2Fcomments&post=344"}],"version-history":[{"count":33,"href":"https:\/\/ferenczykollegium.hu\/index.php?rest_route=\/wp\/v2\/pages\/344\/revisions"}],"predecessor-version":[{"id":2631,"href":"https:\/\/ferenczykollegium.hu\/index.php?rest_route=\/wp\/v2\/pages\/344\/revisions\/2631"}],"wp:attachment":[{"href":"https:\/\/ferenczykollegium.hu\/index.php?rest_route=%2Fwp%2Fv2%2Fmedia&parent=344"}],"curies":[{"name":"wp","href":"https:\/\/api.w.org\/{rel}","templated":true}]}}