{"id":346,"date":"2020-01-12T21:31:51","date_gmt":"2020-01-12T21:31:51","guid":{"rendered":"https:\/\/teszt.ferenczykollegium.hu\/?page_id=346"},"modified":"2024-10-25T09:21:06","modified_gmt":"2024-10-25T09:21:06","slug":"kulonos-kozeleti-lista","status":"publish","type":"page","link":"https:\/\/ferenczykollegium.hu\/?page_id=346","title":{"rendered":"K\u00f6zz\u00e9t\u00e9teli lista"},"content":{"rendered":"\n<p><strong>A pedag\u00f3gusok v\u00e9gzetts\u00e9ge<\/strong><\/p>\n\n\n\n<div class=\"wp-block-file\"><a id=\"wp-block-file--media-da496db4-55c6-4a35-82ea-a6b7099a92f8\" href=\"https:\/\/teszt.ferenczykollegium.hu\/wp-content\/uploads\/2020\/10\/KIR-K\u00f6zz\u00e9t\u00e9teli-lista-2020106.pdf\">KIR-K\u00f6zz\u00e9t\u00e9teli-lista-2020106<\/a><a href=\"https:\/\/teszt.ferenczykollegium.hu\/wp-content\/uploads\/2020\/10\/KIR-K\u00f6zz\u00e9t\u00e9teli-lista-2020106.pdf\" class=\"wp-block-file__button wp-element-button\" download aria-describedby=\"wp-block-file--media-da496db4-55c6-4a35-82ea-a6b7099a92f8\">Let\u00f6lt\u00e9s<\/a><\/div>\n\n\n\n<figure class=\"wp-block-table\"><table><tbody><tr><td>igazgat\u00f3<\/td><td>egyetem, szakvizsga<\/td><td>magyar nyelv \u00e9s irodalom<br>\u00f6sszehasonl\u00edt\u00f3 irodalomtudom\u00e1ny<br>k\u00f6zoktat\u00e1si vezet\u0151<\/td><\/tr><tr><td>igazgat\u00f3 helyettes<\/td><td>f\u0151iskola, egyetem, szakvizsga<br><br><\/td><td>fizika, sz\u00e1m\u00edt\u00e1stechnika,<br>j\u00e1t\u00e9k- \u00e9s szabadid\u0151szervez\u0151, k\u00f6zoktat\u00e1si vezet\u0151<br><br><\/td><\/tr><tr><td>nevel\u0151tan\u00e1r<\/td><td>egyetem<\/td><td>k\u00f6nyvt\u00e1r, francia<\/td><\/tr><tr><td>nevel\u0151tan\u00e1r<\/td><td>egyetem<\/td><td>magyartan\u00e1r, dr\u00e1ma- \u00e9s sz\u00ednh\u00e1zismeret<\/td><\/tr><tr><td>nevel\u0151tan\u00e1r<\/td><td>egyetem<\/td><td>matematika<\/td><\/tr><tr><td>nevel\u0151tan\u00e1r<\/td><td>egyetem<\/td><td>testnevel\u0151 tan\u00e1r &#8211; k\u00e9zilabda edz\u0151<\/td><\/tr><tr><td><\/td><td><\/td><td><\/td><\/tr><\/tbody><\/table><\/figure>\n","protected":false},"excerpt":{"rendered":"<p>A pedag\u00f3gusok v\u00e9gzetts\u00e9ge igazgat\u00f3 egyetem, szakvizsga magyar nyelv \u00e9s irodalom\u00f6sszehasonl\u00edt\u00f3 irodalomtudom\u00e1nyk\u00f6zoktat\u00e1si vezet\u0151 igazgat\u00f3 helyettes f\u0151iskola, egyetem, szakvizsga fizika, sz\u00e1m\u00edt\u00e1stechnika,j\u00e1t\u00e9k- \u00e9s szabadid\u0151szervez\u0151, k\u00f6zoktat\u00e1si vezet\u0151 nevel\u0151tan\u00e1r egyetem k\u00f6nyvt\u00e1r, francia nevel\u0151tan\u00e1r egyetem magyartan\u00e1r, dr\u00e1ma- \u00e9s sz\u00ednh\u00e1zismeret nevel\u0151tan\u00e1r egyetem matematika nevel\u0151tan\u00e1r egyetem testnevel\u0151 tan\u00e1r &#8211; k\u00e9zilabda edz\u0151<\/p>\n","protected":false},"author":1,"featured_media":0,"parent":0,"menu_order":0,"comment_status":"closed","ping_status":"closed","template":"","meta":{"ngg_post_thumbnail":0,"_mc_calendar":[],"footnotes":""},"class_list":["post-346","page","type-page","status-publish","hentry"],"yoast_head":"<!-- This site is optimized with the Yoast SEO plugin v27.2 - https:\/\/yoast.com\/product\/yoast-seo-wordpress\/ -->\n<title>K\u00f6zz\u00e9t\u00e9teli lista - Ferenczy No\u00e9mi K\u00f6z\u00e9piskolai Le\u00e1nykoll\u00e9gium<\/title>\n<meta name=\"robots\" content=\"index, follow, max-snippet:-1, max-image-preview:large, max-video-preview:-1\" \/>\n<link rel=\"canonical\" href=\"https:\/\/ferenczykollegium.hu\/?page_id=346\" \/>\n<meta property=\"og:locale\" content=\"hu_HU\" \/>\n<meta property=\"og:type\" content=\"article\" \/>\n<meta property=\"og:title\" content=\"K\u00f6zz\u00e9t\u00e9teli lista - Ferenczy No\u00e9mi K\u00f6z\u00e9piskolai Le\u00e1nykoll\u00e9gium\" \/>\n<meta property=\"og:description\" content=\"A pedag\u00f3gusok v\u00e9gzetts\u00e9ge igazgat\u00f3 egyetem, szakvizsga magyar nyelv \u00e9s irodalom\u00f6sszehasonl\u00edt\u00f3 irodalomtudom\u00e1nyk\u00f6zoktat\u00e1si vezet\u0151 igazgat\u00f3 helyettes f\u0151iskola, egyetem, szakvizsga fizika, sz\u00e1m\u00edt\u00e1stechnika,j\u00e1t\u00e9k- \u00e9s szabadid\u0151szervez\u0151, k\u00f6zoktat\u00e1si vezet\u0151 nevel\u0151tan\u00e1r egyetem k\u00f6nyvt\u00e1r, francia nevel\u0151tan\u00e1r egyetem magyartan\u00e1r, dr\u00e1ma- \u00e9s sz\u00ednh\u00e1zismeret nevel\u0151tan\u00e1r egyetem matematika nevel\u0151tan\u00e1r egyetem testnevel\u0151 tan\u00e1r &#8211; k\u00e9zilabda edz\u0151\" \/>\n<meta property=\"og:url\" content=\"https:\/\/ferenczykollegium.hu\/?page_id=346\" \/>\n<meta property=\"og:site_name\" content=\"Ferenczy No\u00e9mi K\u00f6z\u00e9piskolai Le\u00e1nykoll\u00e9gium\" \/>\n<meta property=\"article:publisher\" content=\"https:\/\/www.facebook.com\/ferenczynoemi.kozepiskolaikollegium\" \/>\n<meta property=\"article:modified_time\" content=\"2024-10-25T09:21:06+00:00\" \/>\n<meta name=\"twitter:card\" content=\"summary_large_image\" \/>\n<meta name=\"twitter:label1\" content=\"Becs\u00fclt olvas\u00e1si id\u0151\" \/>\n\t<meta name=\"twitter:data1\" content=\"1 perc\" \/>\n<script type=\"application\/ld+json\" class=\"yoast-schema-graph\">{\"@context\":\"https:\/\/schema.org\",\"@graph\":[{\"@type\":\"WebPage\",\"@id\":\"https:\/\/ferenczykollegium.hu\/?page_id=346\",\"url\":\"https:\/\/ferenczykollegium.hu\/?page_id=346\",\"name\":\"K\u00f6zz\u00e9t\u00e9teli lista - Ferenczy No\u00e9mi K\u00f6z\u00e9piskolai Le\u00e1nykoll\u00e9gium\",\"isPartOf\":{\"@id\":\"https:\/\/ferenczykollegium.hu\/#website\"},\"datePublished\":\"2020-01-12T21:31:51+00:00\",\"dateModified\":\"2024-10-25T09:21:06+00:00\",\"inLanguage\":\"hu\",\"potentialAction\":[{\"@type\":\"ReadAction\",\"target\":[\"https:\/\/ferenczykollegium.hu\/?page_id=346\"]}]},{\"@type\":\"WebSite\",\"@id\":\"https:\/\/ferenczykollegium.hu\/#website\",\"url\":\"https:\/\/ferenczykollegium.hu\/\",\"name\":\"Ferenczy No\u00e9mi K\u00f6z\u00e9piskolai Le\u00e1nykoll\u00e9gium\",\"description\":\"\",\"potentialAction\":[{\"@type\":\"SearchAction\",\"target\":{\"@type\":\"EntryPoint\",\"urlTemplate\":\"https:\/\/ferenczykollegium.hu\/?s={search_term_string}\"},\"query-input\":{\"@type\":\"PropertyValueSpecification\",\"valueRequired\":true,\"valueName\":\"search_term_string\"}}],\"inLanguage\":\"hu\"}]}<\/script>\n<!-- \/ Yoast SEO plugin. -->","yoast_head_json":{"title":"K\u00f6zz\u00e9t\u00e9teli lista - Ferenczy No\u00e9mi K\u00f6z\u00e9piskolai Le\u00e1nykoll\u00e9gium","robots":{"index":"index","follow":"follow","max-snippet":"max-snippet:-1","max-image-preview":"max-image-preview:large","max-video-preview":"max-video-preview:-1"},"canonical":"https:\/\/ferenczykollegium.hu\/?page_id=346","og_locale":"hu_HU","og_type":"article","og_title":"K\u00f6zz\u00e9t\u00e9teli lista - Ferenczy No\u00e9mi K\u00f6z\u00e9piskolai Le\u00e1nykoll\u00e9gium","og_description":"A pedag\u00f3gusok v\u00e9gzetts\u00e9ge igazgat\u00f3 egyetem, szakvizsga magyar nyelv \u00e9s irodalom\u00f6sszehasonl\u00edt\u00f3 irodalomtudom\u00e1nyk\u00f6zoktat\u00e1si vezet\u0151 igazgat\u00f3 helyettes f\u0151iskola, egyetem, szakvizsga fizika, sz\u00e1m\u00edt\u00e1stechnika,j\u00e1t\u00e9k- \u00e9s szabadid\u0151szervez\u0151, k\u00f6zoktat\u00e1si vezet\u0151 nevel\u0151tan\u00e1r egyetem k\u00f6nyvt\u00e1r, francia nevel\u0151tan\u00e1r egyetem magyartan\u00e1r, dr\u00e1ma- \u00e9s sz\u00ednh\u00e1zismeret nevel\u0151tan\u00e1r egyetem matematika nevel\u0151tan\u00e1r egyetem testnevel\u0151 tan\u00e1r &#8211; k\u00e9zilabda edz\u0151","og_url":"https:\/\/ferenczykollegium.hu\/?page_id=346","og_site_name":"Ferenczy No\u00e9mi K\u00f6z\u00e9piskolai Le\u00e1nykoll\u00e9gium","article_publisher":"https:\/\/www.facebook.com\/ferenczynoemi.kozepiskolaikollegium","article_modified_time":"2024-10-25T09:21:06+00:00","twitter_card":"summary_large_image","twitter_misc":{"Becs\u00fclt olvas\u00e1si id\u0151":"1 perc"},"schema":{"@context":"https:\/\/schema.org","@graph":[{"@type":"WebPage","@id":"https:\/\/ferenczykollegium.hu\/?page_id=346","url":"https:\/\/ferenczykollegium.hu\/?page_id=346","name":"K\u00f6zz\u00e9t\u00e9teli lista - Ferenczy No\u00e9mi K\u00f6z\u00e9piskolai Le\u00e1nykoll\u00e9gium","isPartOf":{"@id":"https:\/\/ferenczykollegium.hu\/#website"},"datePublished":"2020-01-12T21:31:51+00:00","dateModified":"2024-10-25T09:21:06+00:00","inLanguage":"hu","potentialAction":[{"@type":"ReadAction","target":["https:\/\/ferenczykollegium.hu\/?page_id=346"]}]},{"@type":"WebSite","@id":"https:\/\/ferenczykollegium.hu\/#website","url":"https:\/\/ferenczykollegium.hu\/","name":"Ferenczy No\u00e9mi K\u00f6z\u00e9piskolai Le\u00e1nykoll\u00e9gium","description":"","potentialAction":[{"@type":"SearchAction","target":{"@type":"EntryPoint","urlTemplate":"https:\/\/ferenczykollegium.hu\/?s={search_term_string}"},"query-input":{"@type":"PropertyValueSpecification","valueRequired":true,"valueName":"search_term_string"}}],"inLanguage":"hu"}]}},"_links":{"self":[{"href":"https:\/\/ferenczykollegium.hu\/index.php?rest_route=\/wp\/v2\/pages\/346","targetHints":{"allow":["GET"]}}],"collection":[{"href":"https:\/\/ferenczykollegium.hu\/index.php?rest_route=\/wp\/v2\/pages"}],"about":[{"href":"https:\/\/ferenczykollegium.hu\/index.php?rest_route=\/wp\/v2\/types\/page"}],"author":[{"embeddable":true,"href":"https:\/\/ferenczykollegium.hu\/index.php?rest_route=\/wp\/v2\/users\/1"}],"replies":[{"embeddable":true,"href":"https:\/\/ferenczykollegium.hu\/index.php?rest_route=%2Fwp%2Fv2%2Fcomments&post=346"}],"version-history":[{"count":16,"href":"https:\/\/ferenczykollegium.hu\/index.php?rest_route=\/wp\/v2\/pages\/346\/revisions"}],"predecessor-version":[{"id":1643,"href":"https:\/\/ferenczykollegium.hu\/index.php?rest_route=\/wp\/v2\/pages\/346\/revisions\/1643"}],"wp:attachment":[{"href":"https:\/\/ferenczykollegium.hu\/index.php?rest_route=%2Fwp%2Fv2%2Fmedia&parent=346"}],"curies":[{"name":"wp","href":"https:\/\/api.w.org\/{rel}","templated":true}]}}