{"id":426,"date":"2020-01-20T14:14:55","date_gmt":"2020-01-20T14:14:55","guid":{"rendered":"https:\/\/teszt.ferenczykollegium.hu\/?page_id=426"},"modified":"2026-04-01T10:34:57","modified_gmt":"2026-04-01T09:34:57","slug":"etkezes","status":"publish","type":"page","link":"https:\/\/ferenczykollegium.hu\/?page_id=426","title":{"rendered":"\u00c9tkez\u00e9s"},"content":{"rendered":"\n<p>\u00c9TLAPOK<\/p>\n\n\n\n<p>J\u00d3 \u00c9TV\u00c1GYAT!<\/p>\n\n\n\n<figure class=\"wp-block-image size-full is-resized\"><img loading=\"lazy\" decoding=\"async\" width=\"194\" height=\"259\" src=\"https:\/\/ferenczykollegium.hu\/wp-content\/uploads\/2026\/02\/image-1.png\" alt=\"\" class=\"wp-image-2819\" style=\"width:173px;height:auto\"\/><\/figure>\n\n\n\n<p><a href=\"https:\/\/ferenczykollegium.hu\/wp-content\/uploads\/2026\/02\/2026.03.02.-2026.03.06.-ig.pdf\">2026.03.02.-2026.03.06.-ig.pdf<\/a><\/p>\n\n\n\n<p><a href=\"https:\/\/ferenczykollegium.hu\/wp-content\/uploads\/2026\/02\/2026.03.09.-2026.03.13.-ig.pdf\">2026.03.09.-2026.03.13.-ig.pdf<\/a><\/p>\n\n\n\n<p><a href=\"https:\/\/ferenczykollegium.hu\/wp-content\/uploads\/2026\/02\/2026.03.16.-2026.03.20.-ig.pdf\">2026.03.16.-2026.03.20.-ig.pdf<\/a><\/p>\n\n\n\n<p><a href=\"https:\/\/ferenczykollegium.hu\/wp-content\/uploads\/2026\/02\/2026.03.23.-2026.03.27.-ig.pdf\">2026.03.23.-2026.03.27.-ig.pdf<\/a><\/p>\n\n\n\n<p><a href=\"https:\/\/ferenczykollegium.hu\/wp-content\/uploads\/2026\/02\/2026.03.30.-2026.04.03.-ig.pdf\">2026.03.30.-2026.04.03.-ig.pdf<\/a><\/p>\n\n\n\n<p><a href=\"https:\/\/ferenczykollegium.hu\/wp-content\/uploads\/2026\/04\/2026.04.13-2026.04.17.-ig.pdf\">2026.04.13-2026.04.17.-ig.pdf<\/a><\/p>\n\n\n\n<p><a href=\"https:\/\/ferenczykollegium.hu\/wp-content\/uploads\/2026\/04\/2026.04.20.-2026.04.24.-ig.pdf\">2026.04.20.-2026.04.24.-ig.pdf<\/a><\/p>\n\n\n\n<p><a href=\"https:\/\/ferenczykollegium.hu\/wp-content\/uploads\/2026\/04\/2026.04.27.-2026.05.01.ig_.pdf\">2026.04.27.-2026.05.01.ig_.pdf<\/a><\/p>\n\n\n\n<p><\/p>\n\n\n\n<p>J\u00d3 \u00c9TV\u00c1GYAT! <\/p>\n\n\n\n<figure class=\"wp-block-image size-full is-resized\"><img loading=\"lazy\" decoding=\"async\" width=\"1007\" height=\"1007\" src=\"https:\/\/ferenczykollegium.hu\/wp-content\/uploads\/2026\/02\/image.png\" alt=\"\" class=\"wp-image-2818\" style=\"width:193px;height:auto\" srcset=\"https:\/\/ferenczykollegium.hu\/wp-content\/uploads\/2026\/02\/image.png 1007w, https:\/\/ferenczykollegium.hu\/wp-content\/uploads\/2026\/02\/image-300x300.png 300w, https:\/\/ferenczykollegium.hu\/wp-content\/uploads\/2026\/02\/image-150x150.png 150w, https:\/\/ferenczykollegium.hu\/wp-content\/uploads\/2026\/02\/image-768x768.png 768w\" sizes=\"auto, (max-width: 1007px) 100vw, 1007px\" \/><\/figure>\n\n\n\n<p><a href=\"https:\/\/ferenczykollegium.hu\/wp-content\/uploads\/2026\/01\/2026.februar-6.het_.pdf\">2026.februar-6.het_.pdf<\/a><\/p>\n\n\n\n<p><a href=\"https:\/\/ferenczykollegium.hu\/wp-content\/uploads\/2026\/01\/2026.februar-7.het_.pdf\">2026.februar-7.het_.pdf<\/a><\/p>\n\n\n\n<p><a href=\"https:\/\/ferenczykollegium.hu\/wp-content\/uploads\/2026\/01\/2026.februar-8.het_.pdf\">2026.februar-8.het_.pdf<\/a><\/p>\n\n\n\n<p><a href=\"https:\/\/ferenczykollegium.hu\/wp-content\/uploads\/2026\/01\/2026.februar-9.het_.pdf\">2026.februar-9.het_.pdf<\/a><\/p>\n\n\n\n<p>A t\u00e9r\u00edt\u00e9si d\u00edjat a mindenkori F\u0151v\u00e1rosi \u00d6nkorm\u00e1nyzat rendelete hat\u00e1rozza meg.<\/p>\n\n\n\n<figure class=\"wp-block-table\"><table><tbody><tr><td class=\"has-text-align-center\" data-align=\"center\"><strong>2025\/202<\/strong>6<\/td><td class=\"has-text-align-center\" data-align=\"center\">100%<\/td><td class=\"has-text-align-center\" data-align=\"center\"><strong>100%+\u00c1FA<\/strong><\/td><td class=\"has-text-align-center\" data-align=\"center\">50%<\/td><td class=\"has-text-align-center\" data-align=\"center\"><strong>50% +\u00c1FA<\/strong><\/td><\/tr><tr><td class=\"has-text-align-center\" data-align=\"center\"><strong>REGGELI<\/strong><\/td><td class=\"has-text-align-center\" data-align=\"center\">170 Ft<\/td><td class=\"has-text-align-center\" data-align=\"center\"><strong>216 Ft<\/strong><\/td><td class=\"has-text-align-center\" data-align=\"center\">85 Ft<\/td><td class=\"has-text-align-center\" data-align=\"center\"><strong>108 Ft<\/strong><\/td><\/tr><tr><td class=\"has-text-align-center\" data-align=\"center\"><strong>EB\u00c9D<\/strong><\/td><td class=\"has-text-align-center\" data-align=\"center\">317 Ft<\/td><td class=\"has-text-align-center\" data-align=\"center\"><strong>403 Ft<\/strong><\/td><td class=\"has-text-align-center\" data-align=\"center\">159 Ft<\/td><td class=\"has-text-align-center\" data-align=\"center\"><strong>202 Ft<\/strong><\/td><\/tr><tr><td class=\"has-text-align-center\" data-align=\"center\"><strong>VACSORA<\/strong><\/td><td class=\"has-text-align-center\" data-align=\"center\">294 Ft<\/td><td class=\"has-text-align-center\" data-align=\"center\"><strong>373 Ft<\/strong><\/td><td class=\"has-text-align-center\" data-align=\"center\">147 Ft<\/td><td class=\"has-text-align-center\" data-align=\"center\"><strong>187 Ft<\/strong><\/td><\/tr><tr><td class=\"has-text-align-center\" data-align=\"center\"><strong>\u00d6SSZESEN:<\/strong><\/td><td class=\"has-text-align-center\" data-align=\"center\">781 Ft<\/td><td class=\"has-text-align-center\" data-align=\"center\"><strong>992 Ft<\/strong><\/td><td class=\"has-text-align-center\" data-align=\"center\">391 Ft<\/td><td class=\"has-text-align-center\" data-align=\"center\"><strong>497 Ft<\/strong><\/td><\/tr><\/tbody><\/table><\/figure>\n\n\n\n<p>\u00c9tkez\u00e9ssel kapcsolatos k\u00e9rd\u00e9sekben a szolg\u00e1ltat\u00f3 tud seg\u00edts\u00e9get ny\u00fajtani a k\u00f6vetkez\u0151 el\u00e9rhet\u0151s\u00e9geken:<\/p>\n\n\n\n<p>Telefon: +3616066046<br>E-mail: titkarsag@eszgsz.hu<br>Szem\u00e9lyesen: 1134 Budapest, R\u00f3bert K\u00e1roly k\u00f6r\u00fat 49-51.<br><\/p>\n\n\n\n<p><strong>Az \u00c9tkeztet\u00e9si Szolg\u00e1ltat\u00f3 Gazdas\u00e1gi Szervezet<br>2025\/2026 tan\u00e9vre sz\u00f3l\u00f3 t\u00e1j\u00e9koztat\u00f3i \u00e9s nyomtatv\u00e1nyai<\/strong><\/p>\n\n\n\n<p><a href=\"https:\/\/ferenczykollegium.hu\/wp-content\/uploads\/2025\/03\/8.sz_.melleklet.pdf\">8.sz_.melleklet.pdf<\/a><\/p>\n\n\n\n<p><a href=\"https:\/\/ferenczykollegium.hu\/wp-content\/uploads\/2025\/03\/9.-sz.-melleklet.pdf\">9.-sz.-melleklet.pdf<\/a><\/p>\n\n\n\n<p><a href=\"https:\/\/ferenczykollegium.hu\/wp-content\/uploads\/2025\/03\/Altalanos-tajekoztatas-etkezes-igenybevetelerol_2025_2026.pdf\">Altalanos-tajekoztatas-etkezes-igenybevetelerol_2025_2026.pdf<\/a><\/p>\n\n\n\n<p><a href=\"https:\/\/ferenczykollegium.hu\/wp-content\/uploads\/2025\/03\/ESZGSZ-IGENYLOLAP-2025_2026.pdf\">ESZGSZ-IGENYLOLAP-2025_2026.pdf<\/a><\/p>\n\n\n\n<p><a href=\"https:\/\/ferenczykollegium.hu\/wp-content\/uploads\/2025\/03\/Kedvezmenyes-etkezessel-kapcsolatos-tajekoztato__2025_2026.pdf\">Kedvezmenyes-etkezessel-kapcsolatos-tajekoztato__2025_2026.pdf<\/a><\/p>\n\n\n\n<p><a href=\"https:\/\/ferenczykollegium.hu\/wp-content\/uploads\/2025\/04\/Szuloi-tajekoztato-level_2025_2026.pdf\">Szuloi-tajekoztato-level_2025_2026.pdf<\/a><\/p>\n\n\n\n<p><a href=\"https:\/\/ferenczykollegium.hu\/wp-content\/uploads\/2025\/03\/DIETAS-etkezes_igenylolap_2025_2026.pdf\">DIETAS-etkezes_igenylolap_2025_2026.pdf<\/a><\/p>\n\n\n\n<p><\/p>\n","protected":false},"excerpt":{"rendered":"<p>\u00c9TLAPOK J\u00d3 \u00c9TV\u00c1GYAT! 2026.03.02.-2026.03.06.-ig.pdf 2026.03.09.-2026.03.13.-ig.pdf 2026.03.16.-2026.03.20.-ig.pdf 2026.03.23.-2026.03.27.-ig.pdf 2026.03.30.-2026.04.03.-ig.pdf 2026.04.13-2026.04.17.-ig.pdf 2026.04.20.-2026.04.24.-ig.pdf 2026.04.27.-2026.05.01.ig_.pdf J\u00d3 \u00c9TV\u00c1GYAT! 2026.februar-6.het_.pdf 2026.februar-7.het_.pdf 2026.februar-8.het_.pdf 2026.februar-9.het_.pdf A t\u00e9r\u00edt\u00e9si d\u00edjat a mindenkori F\u0151v\u00e1rosi \u00d6nkorm\u00e1nyzat rendelete hat\u00e1rozza meg. 2025\/2026 100% 100%+\u00c1FA 50% 50% +\u00c1FA REGGELI 170 Ft 216 Ft 85 Ft 108 Ft EB\u00c9D 317 Ft 403 Ft 159 Ft 202 Ft VACSORA 294 Ft 373 [&hellip;]<\/p>\n","protected":false},"author":1,"featured_media":0,"parent":0,"menu_order":0,"comment_status":"closed","ping_status":"closed","template":"","meta":{"ngg_post_thumbnail":0,"_mc_calendar":[],"footnotes":""},"class_list":["post-426","page","type-page","status-publish","hentry"],"yoast_head":"<!-- This site is optimized with the Yoast SEO plugin v27.2 - https:\/\/yoast.com\/product\/yoast-seo-wordpress\/ -->\n<title>\u00c9tkez\u00e9s - Ferenczy No\u00e9mi K\u00f6z\u00e9piskolai Le\u00e1nykoll\u00e9gium<\/title>\n<meta name=\"robots\" content=\"index, follow, max-snippet:-1, max-image-preview:large, max-video-preview:-1\" \/>\n<link rel=\"canonical\" href=\"https:\/\/ferenczykollegium.hu\/?page_id=426\" \/>\n<meta property=\"og:locale\" content=\"hu_HU\" \/>\n<meta property=\"og:type\" content=\"article\" \/>\n<meta property=\"og:title\" content=\"\u00c9tkez\u00e9s - Ferenczy No\u00e9mi K\u00f6z\u00e9piskolai Le\u00e1nykoll\u00e9gium\" \/>\n<meta property=\"og:description\" content=\"\u00c9TLAPOK J\u00d3 \u00c9TV\u00c1GYAT! 2026.03.02.-2026.03.06.-ig.pdf 2026.03.09.-2026.03.13.-ig.pdf 2026.03.16.-2026.03.20.-ig.pdf 2026.03.23.-2026.03.27.-ig.pdf 2026.03.30.-2026.04.03.-ig.pdf 2026.04.13-2026.04.17.-ig.pdf 2026.04.20.-2026.04.24.-ig.pdf 2026.04.27.-2026.05.01.ig_.pdf J\u00d3 \u00c9TV\u00c1GYAT! 2026.februar-6.het_.pdf 2026.februar-7.het_.pdf 2026.februar-8.het_.pdf 2026.februar-9.het_.pdf A t\u00e9r\u00edt\u00e9si d\u00edjat a mindenkori F\u0151v\u00e1rosi \u00d6nkorm\u00e1nyzat rendelete hat\u00e1rozza meg. 2025\/2026 100% 100%+\u00c1FA 50% 50% +\u00c1FA REGGELI 170 Ft 216 Ft 85 Ft 108 Ft EB\u00c9D 317 Ft 403 Ft 159 Ft 202 Ft VACSORA 294 Ft 373 [&hellip;]\" \/>\n<meta property=\"og:url\" content=\"https:\/\/ferenczykollegium.hu\/?page_id=426\" \/>\n<meta property=\"og:site_name\" content=\"Ferenczy No\u00e9mi K\u00f6z\u00e9piskolai Le\u00e1nykoll\u00e9gium\" \/>\n<meta property=\"article:publisher\" content=\"https:\/\/www.facebook.com\/ferenczynoemi.kozepiskolaikollegium\" \/>\n<meta property=\"article:modified_time\" content=\"2026-04-01T09:34:57+00:00\" \/>\n<meta property=\"og:image\" content=\"https:\/\/ferenczykollegium.hu\/wp-content\/uploads\/2026\/02\/image-1.png\" \/>\n\t<meta property=\"og:image:width\" content=\"194\" \/>\n\t<meta property=\"og:image:height\" content=\"259\" \/>\n\t<meta property=\"og:image:type\" content=\"image\/png\" \/>\n<meta name=\"twitter:card\" content=\"summary_large_image\" \/>\n<meta name=\"twitter:label1\" content=\"Becs\u00fclt olvas\u00e1si id\u0151\" \/>\n\t<meta name=\"twitter:data1\" content=\"2 perc\" \/>\n<script type=\"application\/ld+json\" class=\"yoast-schema-graph\">{\"@context\":\"https:\/\/schema.org\",\"@graph\":[{\"@type\":\"WebPage\",\"@id\":\"https:\/\/ferenczykollegium.hu\/?page_id=426\",\"url\":\"https:\/\/ferenczykollegium.hu\/?page_id=426\",\"name\":\"\u00c9tkez\u00e9s - Ferenczy No\u00e9mi K\u00f6z\u00e9piskolai Le\u00e1nykoll\u00e9gium\",\"isPartOf\":{\"@id\":\"https:\/\/ferenczykollegium.hu\/#website\"},\"primaryImageOfPage\":{\"@id\":\"https:\/\/ferenczykollegium.hu\/?page_id=426#primaryimage\"},\"image\":{\"@id\":\"https:\/\/ferenczykollegium.hu\/?page_id=426#primaryimage\"},\"thumbnailUrl\":\"https:\/\/ferenczykollegium.hu\/wp-content\/uploads\/2026\/02\/image-1.png\",\"datePublished\":\"2020-01-20T14:14:55+00:00\",\"dateModified\":\"2026-04-01T09:34:57+00:00\",\"inLanguage\":\"hu\",\"potentialAction\":[{\"@type\":\"ReadAction\",\"target\":[\"https:\/\/ferenczykollegium.hu\/?page_id=426\"]}]},{\"@type\":\"ImageObject\",\"inLanguage\":\"hu\",\"@id\":\"https:\/\/ferenczykollegium.hu\/?page_id=426#primaryimage\",\"url\":\"https:\/\/ferenczykollegium.hu\/wp-content\/uploads\/2026\/02\/image-1.png\",\"contentUrl\":\"https:\/\/ferenczykollegium.hu\/wp-content\/uploads\/2026\/02\/image-1.png\",\"width\":194,\"height\":259},{\"@type\":\"WebSite\",\"@id\":\"https:\/\/ferenczykollegium.hu\/#website\",\"url\":\"https:\/\/ferenczykollegium.hu\/\",\"name\":\"Ferenczy No\u00e9mi K\u00f6z\u00e9piskolai Le\u00e1nykoll\u00e9gium\",\"description\":\"\",\"potentialAction\":[{\"@type\":\"SearchAction\",\"target\":{\"@type\":\"EntryPoint\",\"urlTemplate\":\"https:\/\/ferenczykollegium.hu\/?s={search_term_string}\"},\"query-input\":{\"@type\":\"PropertyValueSpecification\",\"valueRequired\":true,\"valueName\":\"search_term_string\"}}],\"inLanguage\":\"hu\"}]}<\/script>\n<!-- \/ Yoast SEO plugin. -->","yoast_head_json":{"title":"\u00c9tkez\u00e9s - Ferenczy No\u00e9mi K\u00f6z\u00e9piskolai Le\u00e1nykoll\u00e9gium","robots":{"index":"index","follow":"follow","max-snippet":"max-snippet:-1","max-image-preview":"max-image-preview:large","max-video-preview":"max-video-preview:-1"},"canonical":"https:\/\/ferenczykollegium.hu\/?page_id=426","og_locale":"hu_HU","og_type":"article","og_title":"\u00c9tkez\u00e9s - Ferenczy No\u00e9mi K\u00f6z\u00e9piskolai Le\u00e1nykoll\u00e9gium","og_description":"\u00c9TLAPOK J\u00d3 \u00c9TV\u00c1GYAT! 2026.03.02.-2026.03.06.-ig.pdf 2026.03.09.-2026.03.13.-ig.pdf 2026.03.16.-2026.03.20.-ig.pdf 2026.03.23.-2026.03.27.-ig.pdf 2026.03.30.-2026.04.03.-ig.pdf 2026.04.13-2026.04.17.-ig.pdf 2026.04.20.-2026.04.24.-ig.pdf 2026.04.27.-2026.05.01.ig_.pdf J\u00d3 \u00c9TV\u00c1GYAT! 2026.februar-6.het_.pdf 2026.februar-7.het_.pdf 2026.februar-8.het_.pdf 2026.februar-9.het_.pdf A t\u00e9r\u00edt\u00e9si d\u00edjat a mindenkori F\u0151v\u00e1rosi \u00d6nkorm\u00e1nyzat rendelete hat\u00e1rozza meg. 2025\/2026 100% 100%+\u00c1FA 50% 50% +\u00c1FA REGGELI 170 Ft 216 Ft 85 Ft 108 Ft EB\u00c9D 317 Ft 403 Ft 159 Ft 202 Ft VACSORA 294 Ft 373 [&hellip;]","og_url":"https:\/\/ferenczykollegium.hu\/?page_id=426","og_site_name":"Ferenczy No\u00e9mi K\u00f6z\u00e9piskolai Le\u00e1nykoll\u00e9gium","article_publisher":"https:\/\/www.facebook.com\/ferenczynoemi.kozepiskolaikollegium","article_modified_time":"2026-04-01T09:34:57+00:00","og_image":[{"width":194,"height":259,"url":"https:\/\/ferenczykollegium.hu\/wp-content\/uploads\/2026\/02\/image-1.png","type":"image\/png"}],"twitter_card":"summary_large_image","twitter_misc":{"Becs\u00fclt olvas\u00e1si id\u0151":"2 perc"},"schema":{"@context":"https:\/\/schema.org","@graph":[{"@type":"WebPage","@id":"https:\/\/ferenczykollegium.hu\/?page_id=426","url":"https:\/\/ferenczykollegium.hu\/?page_id=426","name":"\u00c9tkez\u00e9s - Ferenczy No\u00e9mi K\u00f6z\u00e9piskolai Le\u00e1nykoll\u00e9gium","isPartOf":{"@id":"https:\/\/ferenczykollegium.hu\/#website"},"primaryImageOfPage":{"@id":"https:\/\/ferenczykollegium.hu\/?page_id=426#primaryimage"},"image":{"@id":"https:\/\/ferenczykollegium.hu\/?page_id=426#primaryimage"},"thumbnailUrl":"https:\/\/ferenczykollegium.hu\/wp-content\/uploads\/2026\/02\/image-1.png","datePublished":"2020-01-20T14:14:55+00:00","dateModified":"2026-04-01T09:34:57+00:00","inLanguage":"hu","potentialAction":[{"@type":"ReadAction","target":["https:\/\/ferenczykollegium.hu\/?page_id=426"]}]},{"@type":"ImageObject","inLanguage":"hu","@id":"https:\/\/ferenczykollegium.hu\/?page_id=426#primaryimage","url":"https:\/\/ferenczykollegium.hu\/wp-content\/uploads\/2026\/02\/image-1.png","contentUrl":"https:\/\/ferenczykollegium.hu\/wp-content\/uploads\/2026\/02\/image-1.png","width":194,"height":259},{"@type":"WebSite","@id":"https:\/\/ferenczykollegium.hu\/#website","url":"https:\/\/ferenczykollegium.hu\/","name":"Ferenczy No\u00e9mi K\u00f6z\u00e9piskolai Le\u00e1nykoll\u00e9gium","description":"","potentialAction":[{"@type":"SearchAction","target":{"@type":"EntryPoint","urlTemplate":"https:\/\/ferenczykollegium.hu\/?s={search_term_string}"},"query-input":{"@type":"PropertyValueSpecification","valueRequired":true,"valueName":"search_term_string"}}],"inLanguage":"hu"}]}},"_links":{"self":[{"href":"https:\/\/ferenczykollegium.hu\/index.php?rest_route=\/wp\/v2\/pages\/426","targetHints":{"allow":["GET"]}}],"collection":[{"href":"https:\/\/ferenczykollegium.hu\/index.php?rest_route=\/wp\/v2\/pages"}],"about":[{"href":"https:\/\/ferenczykollegium.hu\/index.php?rest_route=\/wp\/v2\/types\/page"}],"author":[{"embeddable":true,"href":"https:\/\/ferenczykollegium.hu\/index.php?rest_route=\/wp\/v2\/users\/1"}],"replies":[{"embeddable":true,"href":"https:\/\/ferenczykollegium.hu\/index.php?rest_route=%2Fwp%2Fv2%2Fcomments&post=426"}],"version-history":[{"count":94,"href":"https:\/\/ferenczykollegium.hu\/index.php?rest_route=\/wp\/v2\/pages\/426\/revisions"}],"predecessor-version":[{"id":2901,"href":"https:\/\/ferenczykollegium.hu\/index.php?rest_route=\/wp\/v2\/pages\/426\/revisions\/2901"}],"wp:attachment":[{"href":"https:\/\/ferenczykollegium.hu\/index.php?rest_route=%2Fwp%2Fv2%2Fmedia&parent=426"}],"curies":[{"name":"wp","href":"https:\/\/api.w.org\/{rel}","templated":true}]}}