{"id":45,"date":"2019-12-07T15:55:48","date_gmt":"2019-12-07T15:55:48","guid":{"rendered":"https:\/\/teszt.ferenczykollegium.hu\/?page_id=45"},"modified":"2026-03-17T16:41:00","modified_gmt":"2026-03-17T15:41:00","slug":"kollegium-nevadoja","status":"publish","type":"page","link":"https:\/\/ferenczykollegium.hu\/","title":{"rendered":"A koll\u00e9gium"},"content":{"rendered":"\n<p><strong>Csal\u00e1dias m\u00e9ret\u0171 koll\u00e9giumunk Budapest nyolcadik ker\u00fclet\u00e9ben, a Tisztvisel\u0151 telepen m\u0171k\u00f6dik egy villa jelleg\u0171 \u00e9p\u00fcletben. 3-4 \u00e1gyas szob\u00e1inkban 52 l\u00e1ny elhelyez\u00e9s\u00e9re van lehet\u0151s\u00e9g. Koll\u00e9giumunk \u00f6n\u00e1ll\u00f3 int\u00e9zm\u00e9ny, nem tartozik iskol\u00e1hoz, szabadon v\u00e1laszthat\u00f3 minden olyan k\u00f6z\u00e9piskol\u00e1s l\u00e1ny sz\u00e1m\u00e1ra, akinek m\u0171k\u00f6d\u00e9s\u00fcnk rendje megfelel\u0151.<\/strong><\/p>\n\n\n\n<p><\/p>\n\n\n\n<p><strong>&nbsp;A koll\u00e9gium nappali rendszer\u0171 oktat\u00e1sban r\u00e9sztvev\u0151 k\u00f6z\u00e9piskol\u00e1s l\u00e1nyokat fogad. &nbsp;A felv\u00e9tel egy tan\u00e9vre sz\u00f3l, minden marad\u00f3 tanul\u00f3nak \u00e9vente kezdem\u00e9nyeznie kell felv\u00e9tel\u00e9t. \u00daj jelentkez\u0151k eset\u00e9ben a kilencedikes tanul\u00f3k els\u0151bbs\u00e9get \u00e9lveznek, a fennmarad\u00f3 helyekre fels\u0151bb \u00e9veseket, \u00e1tjelentkez\u0151ket is felvesz\u00fcnk. A koll\u00e9gium vas\u00e1rnap d\u00e9lut\u00e1n 16 \u00f3r\u00e1t\u00f3l p\u00e9ntek d\u00e9lut\u00e1n 16 \u00f3r\u00e1ig tart nyitva, illetve nyitvatart\u00e1sa igazodik a tan\u00e9v rendj\u00e9hez \u00e9s az \u00e1thelyezett munkanapokhoz.<\/strong><\/p>\n\n\n\n<p><\/p>\n\n\n\n<p><strong>A koll\u00e9gium megk\u00f6zel\u00edthet\u0151 a N\u00e9pliget vagy a Nagyv\u00e1rad t\u00e9r metr\u00f3meg\u00e1ll\u00f3kt\u00f3l, valamint az 1-es villamos Vajda P\u00e9ter utcai \u00e9s a 99-es busz Bl\u00e1thy Ott\u00f3 utcai meg\u00e1ll\u00f3j\u00e1t\u00f3l.<\/strong><\/p>\n\n\n\n<p><strong>A felv\u00e9tellel illetve a koll\u00e9giumi \u00e9lettel kapcsolatban felvil\u00e1gos\u00edt\u00e1s k\u00e9rhet\u0151 h\u00e9tk\u00f6znapokon az int\u00e9zm\u00e9ny igazgat\u00f3j\u00e1t\u00f3l, illetve lehet\u0151s\u00e9g van a koll\u00e9gium szem\u00e9lyes megtekint\u00e9s\u00e9re el\u0151zetesen egyeztetett id\u0151pontban, melyet Boda Brigitta koll\u00e9giumi titk\u00e1rn\u00e1l lehet kezdem\u00e9nyezni.<\/strong><\/p>\n\n\n\n<p><strong>c\u00edm\u00fcnk: 1089 Budapest, Reguly Antal utca 42.<\/strong><\/p>\n\n\n\n<p><strong>telefonsz\u00e1m: 06-1-2990037<\/strong><\/p>\n\n\n\n<figure class=\"wp-block-video\"><video height=\"1080\" style=\"aspect-ratio: 1920 \/ 1080;\" width=\"1920\" controls src=\"https:\/\/ferenczykollegium.hu\/wp-content\/uploads\/2025\/11\/Bemutatkozo-video-2025.mp4\"><\/video><\/figure>\n\n\n\n<p><strong>Ferenczy No\u00e9mi<\/strong><\/p>\n\n\n\n<p>(1890-1957)<\/p>\n\n\n\n<p>A k\u00e9t vil\u00e1gh\u00e1bor\u00fa k\u00f6z\u00f6tti magyar m\u00fbv\u00e9szet, \u00e9s a kor eur\u00f3pai falik\u00e1rpit m\u00fbv\u00e9szet\u00e9nek legjelent\u00f5sebb alakja. Szentendr\u00e9n sz\u00fcletett Ferenczy B\u00e9ni ikertestv\u00e9rek\u00e9nt. A k\u00e9t gyermek fejl\u00f5d\u00e9s\u00e9ben meghat\u00e1roz\u00f3 volt a sok utaz\u00e1s, melyek sor\u00e1n tanulm\u00e1nyozhatt\u00e1k az eur\u00f3pai \u00e9p\u00edt\u00e9szet eml\u00e9keit, a k\u00e9pt\u00e1rak gy\u00fbjtem\u00e9nyeit. 1911-t\u00f5l No\u00e9mi P\u00e1rizsban tanulta a k\u00e1rpittervez\u00f5 mesters\u00e9get. L\u00e1zasan dolgozott, s hamarosan m\u00e1r saj\u00e1t elk\u00e9pzel\u00e9seinek megfelel\u00f5en v\u00e1ltoztatott is a tanult elj\u00e1r\u00e1sokon. Az ikrek munk\u00e1ss\u00e1g\u00e1nak tengely\u00e9ben az ember \u00e1llt.<\/p>\n\n\n\n<p>Munk\u00e1ss\u00e1g\u00e1nak eg\u00e9sze a r\u00e9szletekt\u00f5l a monument\u00e1lis form\u00e1kig, a nat\u00far\u00e1t\u00f3l a tiszta dekorativit\u00e1sig terjedt. Korai k\u00e1rpitjait vibr\u00e1l\u00f3 sz\u00ednek tark\u00edtj\u00e1k, k\u00e9s\u00f5bb egyenl\u00f5 f\u00e9nyerej\u00fb fel\u00fcletei pasztelles harm\u00f3ni\u00e1t adnak m\u00fbveinek. Els\u00f5k\u00e9nt \u00f5 is a csal\u00e1d Ernst M\u00fazeumi k\u00f6z\u00f6s ki\u00e1ll\u00edt\u00e1s\u00e1n mutatkozott be 1916-ban, majd \u00e9desapja 1918-as eml\u00e9kki\u00e1ll\u00edt\u00e1s\u00e1n mutatta be k\u00e1rpitjait, terveit. 1920 \u00e9s 1930 k\u00f6z\u00f6tt Erd\u00e9lyben tart\u00f3zkodott. Ezekben az \u00e9vekben k\u00e9sz\u00fclt m\u00fbvein a gondolati tartalom \u00e9s a forma teljes \u00e1talakul\u00e1s\u00e1t figyelhetj\u00fck meg. Elt\u00fbnik a vegetat\u00edv term\u00e9szeti Erre az id\u00f5szakra jellemz\u00f5 a k\u00e1rpitok form\u00e1j\u00e1nak \u00e1talakul\u00e1sa is. Az eddigi fekv\u00f5 form\u00e1tumot felv\u00e1ltja a hossz\u00fa, \u00e1ll\u00f3 t\u00e9glalap alak\u00fa forma. h\u00e1tt\u00e9r, s az emberi alak, ezen kereszt\u00fcl pedig a munka ker\u00fcl az \u00e1br\u00e1zol\u00e1s k\u00f6z\u00e9ppontj\u00e1ba. Egyszer\u00fbs\u00f6dik a forma, cs\u00f6kkennek a sz\u00ednek, n\u00e9h\u00e1ny sz\u00ednt haszn\u00e1l csup\u00e1n, de ezek kor\u00e1bbi munk\u00e1ival ellent\u00e9tben m\u00e9lyek \u00e9s melegek.<\/p>\n\n\n\n<p>1927-t\u00f5la harmincas \u00e9vek k\u00f6zep\u00e9ig f\u00e9rj\u00e9vel egy\u00fctt Brass\u00f3ban \u00e9lt, majd v\u00e9gleg Budapesten telepedett le. K\u00fclf\u00f6ldi ki\u00e1ll\u00edt\u00e1sain nagy sikert aratott k\u00e1rpitjainak jelent\u00f5s r\u00e9sze v\u00e1s\u00e1rl\u00e1sok r\u00e9v\u00e9n k\u00fclf\u00f6ldre ker\u00fclt. 1940-41-ben k\u00e9sz\u00edtette el hivatalos megb\u00edz\u00e1sra Ny\u00edregyh\u00e1za v\u00e1ros\u00e1nak Szent Istv\u00e1nt \u00e1br\u00e1zol\u00f3 10 n\u00e9gyzetm\u00e9teres kompoz\u00edci\u00f3j\u00e1t. <\/p>\n\n\n\n<figure class=\"wp-block-image size-large is-resized\"><img loading=\"lazy\" decoding=\"async\" width=\"348\" height=\"540\" src=\"https:\/\/teszt.ferenczykollegium.hu\/wp-content\/uploads\/2022\/04\/image.png\" alt=\"\" class=\"wp-image-1043\" style=\"width:397px;height:616px\" srcset=\"https:\/\/ferenczykollegium.hu\/wp-content\/uploads\/2022\/04\/image.png 348w, https:\/\/ferenczykollegium.hu\/wp-content\/uploads\/2022\/04\/image-193x300.png 193w\" sizes=\"auto, (max-width: 348px) 100vw, 348px\" \/><\/figure>\n","protected":false},"excerpt":{"rendered":"<p>Csal\u00e1dias m\u00e9ret\u0171 koll\u00e9giumunk Budapest nyolcadik ker\u00fclet\u00e9ben, a Tisztvisel\u0151 telepen m\u0171k\u00f6dik egy villa jelleg\u0171 \u00e9p\u00fcletben. 3-4 \u00e1gyas szob\u00e1inkban 52 l\u00e1ny elhelyez\u00e9s\u00e9re van lehet\u0151s\u00e9g. Koll\u00e9giumunk \u00f6n\u00e1ll\u00f3 int\u00e9zm\u00e9ny, nem tartozik iskol\u00e1hoz, szabadon v\u00e1laszthat\u00f3 minden olyan k\u00f6z\u00e9piskol\u00e1s l\u00e1ny sz\u00e1m\u00e1ra, akinek m\u0171k\u00f6d\u00e9s\u00fcnk rendje megfelel\u0151. &nbsp;A koll\u00e9gium nappali rendszer\u0171 oktat\u00e1sban r\u00e9sztvev\u0151 k\u00f6z\u00e9piskol\u00e1s l\u00e1nyokat fogad. &nbsp;A felv\u00e9tel egy tan\u00e9vre sz\u00f3l, minden marad\u00f3 [&hellip;]<\/p>\n","protected":false},"author":1,"featured_media":0,"parent":0,"menu_order":0,"comment_status":"closed","ping_status":"closed","template":"","meta":{"ngg_post_thumbnail":0,"_mc_calendar":[],"footnotes":""},"class_list":["post-45","page","type-page","status-publish","hentry"],"yoast_head":"<!-- This site is optimized with the Yoast SEO plugin v27.2 - https:\/\/yoast.com\/product\/yoast-seo-wordpress\/ -->\n<title>A koll\u00e9gium - Ferenczy No\u00e9mi K\u00f6z\u00e9piskolai Le\u00e1nykoll\u00e9gium<\/title>\n<meta name=\"robots\" content=\"index, follow, max-snippet:-1, max-image-preview:large, max-video-preview:-1\" \/>\n<link rel=\"canonical\" href=\"https:\/\/ferenczykollegium.hu\/\" \/>\n<meta property=\"og:locale\" content=\"hu_HU\" \/>\n<meta property=\"og:type\" content=\"article\" \/>\n<meta property=\"og:title\" content=\"A koll\u00e9gium - Ferenczy No\u00e9mi K\u00f6z\u00e9piskolai Le\u00e1nykoll\u00e9gium\" \/>\n<meta property=\"og:description\" content=\"Csal\u00e1dias m\u00e9ret\u0171 koll\u00e9giumunk Budapest nyolcadik ker\u00fclet\u00e9ben, a Tisztvisel\u0151 telepen m\u0171k\u00f6dik egy villa jelleg\u0171 \u00e9p\u00fcletben. 3-4 \u00e1gyas szob\u00e1inkban 52 l\u00e1ny elhelyez\u00e9s\u00e9re van lehet\u0151s\u00e9g. Koll\u00e9giumunk \u00f6n\u00e1ll\u00f3 int\u00e9zm\u00e9ny, nem tartozik iskol\u00e1hoz, szabadon v\u00e1laszthat\u00f3 minden olyan k\u00f6z\u00e9piskol\u00e1s l\u00e1ny sz\u00e1m\u00e1ra, akinek m\u0171k\u00f6d\u00e9s\u00fcnk rendje megfelel\u0151. &nbsp;A koll\u00e9gium nappali rendszer\u0171 oktat\u00e1sban r\u00e9sztvev\u0151 k\u00f6z\u00e9piskol\u00e1s l\u00e1nyokat fogad. &nbsp;A felv\u00e9tel egy tan\u00e9vre sz\u00f3l, minden marad\u00f3 [&hellip;]\" \/>\n<meta property=\"og:url\" content=\"https:\/\/ferenczykollegium.hu\/\" \/>\n<meta property=\"og:site_name\" content=\"Ferenczy No\u00e9mi K\u00f6z\u00e9piskolai Le\u00e1nykoll\u00e9gium\" \/>\n<meta property=\"article:publisher\" content=\"https:\/\/www.facebook.com\/ferenczynoemi.kozepiskolaikollegium\" \/>\n<meta property=\"article:modified_time\" content=\"2026-03-17T15:41:00+00:00\" \/>\n<meta property=\"og:image\" content=\"https:\/\/ferenczykollegium.hu\/wp-content\/uploads\/2022\/04\/image.png\" \/>\n\t<meta property=\"og:image:width\" content=\"348\" \/>\n\t<meta property=\"og:image:height\" content=\"540\" \/>\n\t<meta property=\"og:image:type\" content=\"image\/png\" \/>\n<meta name=\"twitter:card\" content=\"summary_large_image\" \/>\n<meta name=\"twitter:label1\" content=\"Becs\u00fclt olvas\u00e1si id\u0151\" \/>\n\t<meta name=\"twitter:data1\" content=\"3 perc\" \/>\n<script type=\"application\/ld+json\" class=\"yoast-schema-graph\">{\"@context\":\"https:\/\/schema.org\",\"@graph\":[{\"@type\":\"WebPage\",\"@id\":\"https:\/\/ferenczykollegium.hu\/\",\"url\":\"https:\/\/ferenczykollegium.hu\/\",\"name\":\"A koll\u00e9gium - Ferenczy No\u00e9mi K\u00f6z\u00e9piskolai Le\u00e1nykoll\u00e9gium\",\"isPartOf\":{\"@id\":\"https:\/\/ferenczykollegium.hu\/#website\"},\"primaryImageOfPage\":{\"@id\":\"https:\/\/ferenczykollegium.hu\/#primaryimage\"},\"image\":{\"@id\":\"https:\/\/ferenczykollegium.hu\/#primaryimage\"},\"thumbnailUrl\":\"https:\/\/teszt.ferenczykollegium.hu\/wp-content\/uploads\/2022\/04\/image.png\",\"datePublished\":\"2019-12-07T15:55:48+00:00\",\"dateModified\":\"2026-03-17T15:41:00+00:00\",\"inLanguage\":\"hu\",\"potentialAction\":[{\"@type\":\"ReadAction\",\"target\":[\"https:\/\/ferenczykollegium.hu\/\"]}]},{\"@type\":\"ImageObject\",\"inLanguage\":\"hu\",\"@id\":\"https:\/\/ferenczykollegium.hu\/#primaryimage\",\"url\":\"https:\/\/teszt.ferenczykollegium.hu\/wp-content\/uploads\/2022\/04\/image.png\",\"contentUrl\":\"https:\/\/teszt.ferenczykollegium.hu\/wp-content\/uploads\/2022\/04\/image.png\"},{\"@type\":\"WebSite\",\"@id\":\"https:\/\/ferenczykollegium.hu\/#website\",\"url\":\"https:\/\/ferenczykollegium.hu\/\",\"name\":\"Ferenczy No\u00e9mi K\u00f6z\u00e9piskolai Le\u00e1nykoll\u00e9gium\",\"description\":\"\",\"potentialAction\":[{\"@type\":\"SearchAction\",\"target\":{\"@type\":\"EntryPoint\",\"urlTemplate\":\"https:\/\/ferenczykollegium.hu\/?s={search_term_string}\"},\"query-input\":{\"@type\":\"PropertyValueSpecification\",\"valueRequired\":true,\"valueName\":\"search_term_string\"}}],\"inLanguage\":\"hu\"}]}<\/script>\n<!-- \/ Yoast SEO plugin. -->","yoast_head_json":{"title":"A koll\u00e9gium - Ferenczy No\u00e9mi K\u00f6z\u00e9piskolai Le\u00e1nykoll\u00e9gium","robots":{"index":"index","follow":"follow","max-snippet":"max-snippet:-1","max-image-preview":"max-image-preview:large","max-video-preview":"max-video-preview:-1"},"canonical":"https:\/\/ferenczykollegium.hu\/","og_locale":"hu_HU","og_type":"article","og_title":"A koll\u00e9gium - Ferenczy No\u00e9mi K\u00f6z\u00e9piskolai Le\u00e1nykoll\u00e9gium","og_description":"Csal\u00e1dias m\u00e9ret\u0171 koll\u00e9giumunk Budapest nyolcadik ker\u00fclet\u00e9ben, a Tisztvisel\u0151 telepen m\u0171k\u00f6dik egy villa jelleg\u0171 \u00e9p\u00fcletben. 3-4 \u00e1gyas szob\u00e1inkban 52 l\u00e1ny elhelyez\u00e9s\u00e9re van lehet\u0151s\u00e9g. Koll\u00e9giumunk \u00f6n\u00e1ll\u00f3 int\u00e9zm\u00e9ny, nem tartozik iskol\u00e1hoz, szabadon v\u00e1laszthat\u00f3 minden olyan k\u00f6z\u00e9piskol\u00e1s l\u00e1ny sz\u00e1m\u00e1ra, akinek m\u0171k\u00f6d\u00e9s\u00fcnk rendje megfelel\u0151. &nbsp;A koll\u00e9gium nappali rendszer\u0171 oktat\u00e1sban r\u00e9sztvev\u0151 k\u00f6z\u00e9piskol\u00e1s l\u00e1nyokat fogad. &nbsp;A felv\u00e9tel egy tan\u00e9vre sz\u00f3l, minden marad\u00f3 [&hellip;]","og_url":"https:\/\/ferenczykollegium.hu\/","og_site_name":"Ferenczy No\u00e9mi K\u00f6z\u00e9piskolai Le\u00e1nykoll\u00e9gium","article_publisher":"https:\/\/www.facebook.com\/ferenczynoemi.kozepiskolaikollegium","article_modified_time":"2026-03-17T15:41:00+00:00","og_image":[{"width":348,"height":540,"url":"https:\/\/ferenczykollegium.hu\/wp-content\/uploads\/2022\/04\/image.png","type":"image\/png"}],"twitter_card":"summary_large_image","twitter_misc":{"Becs\u00fclt olvas\u00e1si id\u0151":"3 perc"},"schema":{"@context":"https:\/\/schema.org","@graph":[{"@type":"WebPage","@id":"https:\/\/ferenczykollegium.hu\/","url":"https:\/\/ferenczykollegium.hu\/","name":"A koll\u00e9gium - Ferenczy No\u00e9mi K\u00f6z\u00e9piskolai Le\u00e1nykoll\u00e9gium","isPartOf":{"@id":"https:\/\/ferenczykollegium.hu\/#website"},"primaryImageOfPage":{"@id":"https:\/\/ferenczykollegium.hu\/#primaryimage"},"image":{"@id":"https:\/\/ferenczykollegium.hu\/#primaryimage"},"thumbnailUrl":"https:\/\/teszt.ferenczykollegium.hu\/wp-content\/uploads\/2022\/04\/image.png","datePublished":"2019-12-07T15:55:48+00:00","dateModified":"2026-03-17T15:41:00+00:00","inLanguage":"hu","potentialAction":[{"@type":"ReadAction","target":["https:\/\/ferenczykollegium.hu\/"]}]},{"@type":"ImageObject","inLanguage":"hu","@id":"https:\/\/ferenczykollegium.hu\/#primaryimage","url":"https:\/\/teszt.ferenczykollegium.hu\/wp-content\/uploads\/2022\/04\/image.png","contentUrl":"https:\/\/teszt.ferenczykollegium.hu\/wp-content\/uploads\/2022\/04\/image.png"},{"@type":"WebSite","@id":"https:\/\/ferenczykollegium.hu\/#website","url":"https:\/\/ferenczykollegium.hu\/","name":"Ferenczy No\u00e9mi K\u00f6z\u00e9piskolai Le\u00e1nykoll\u00e9gium","description":"","potentialAction":[{"@type":"SearchAction","target":{"@type":"EntryPoint","urlTemplate":"https:\/\/ferenczykollegium.hu\/?s={search_term_string}"},"query-input":{"@type":"PropertyValueSpecification","valueRequired":true,"valueName":"search_term_string"}}],"inLanguage":"hu"}]}},"_links":{"self":[{"href":"https:\/\/ferenczykollegium.hu\/index.php?rest_route=\/wp\/v2\/pages\/45","targetHints":{"allow":["GET"]}}],"collection":[{"href":"https:\/\/ferenczykollegium.hu\/index.php?rest_route=\/wp\/v2\/pages"}],"about":[{"href":"https:\/\/ferenczykollegium.hu\/index.php?rest_route=\/wp\/v2\/types\/page"}],"author":[{"embeddable":true,"href":"https:\/\/ferenczykollegium.hu\/index.php?rest_route=\/wp\/v2\/users\/1"}],"replies":[{"embeddable":true,"href":"https:\/\/ferenczykollegium.hu\/index.php?rest_route=%2Fwp%2Fv2%2Fcomments&post=45"}],"version-history":[{"count":15,"href":"https:\/\/ferenczykollegium.hu\/index.php?rest_route=\/wp\/v2\/pages\/45\/revisions"}],"predecessor-version":[{"id":2873,"href":"https:\/\/ferenczykollegium.hu\/index.php?rest_route=\/wp\/v2\/pages\/45\/revisions\/2873"}],"wp:attachment":[{"href":"https:\/\/ferenczykollegium.hu\/index.php?rest_route=%2Fwp%2Fv2%2Fmedia&parent=45"}],"curies":[{"name":"wp","href":"https:\/\/api.w.org\/{rel}","templated":true}]}}