{"id":458,"date":"2020-01-20T14:58:47","date_gmt":"2020-01-20T14:58:47","guid":{"rendered":"https:\/\/teszt.ferenczykollegium.hu\/?page_id=458"},"modified":"2026-02-05T18:51:54","modified_gmt":"2026-02-05T17:51:54","slug":"diakonkormanyzat","status":"publish","type":"page","link":"https:\/\/ferenczykollegium.hu\/?page_id=458","title":{"rendered":"Di\u00e1k\u00f6nkorm\u00e1nyzat"},"content":{"rendered":"\n<p class=\"has-text-align-center\">D\u00f6k k\u00f6zgy\u0171l\u00e9s, a f\u00e9l\u00e9v \u00e9rt\u00e9kel\u00e9se.<\/p>\n\n\n\n<figure class=\"wp-block-image size-large is-resized\"><img loading=\"lazy\" decoding=\"async\" width=\"1024\" height=\"768\" src=\"https:\/\/ferenczykollegium.hu\/wp-content\/uploads\/2026\/02\/20260202_184306_FB-1024x768.jpg\" alt=\"\" class=\"wp-image-2794\" style=\"width:329px;height:auto\" srcset=\"https:\/\/ferenczykollegium.hu\/wp-content\/uploads\/2026\/02\/20260202_184306_FB-1024x768.jpg 1024w, https:\/\/ferenczykollegium.hu\/wp-content\/uploads\/2026\/02\/20260202_184306_FB-300x225.jpg 300w, https:\/\/ferenczykollegium.hu\/wp-content\/uploads\/2026\/02\/20260202_184306_FB-768x576.jpg 768w, https:\/\/ferenczykollegium.hu\/wp-content\/uploads\/2026\/02\/20260202_184306_FB-1536x1152.jpg 1536w, https:\/\/ferenczykollegium.hu\/wp-content\/uploads\/2026\/02\/20260202_184306_FB-2048x1536.jpg 2048w\" sizes=\"auto, (max-width: 1024px) 100vw, 1024px\" \/><\/figure>\n\n\n\n<figure class=\"wp-block-image size-large is-resized\"><img loading=\"lazy\" decoding=\"async\" width=\"768\" height=\"1024\" src=\"https:\/\/ferenczykollegium.hu\/wp-content\/uploads\/2026\/02\/20260202_184335_FB-768x1024.jpg\" alt=\"\" class=\"wp-image-2796\" style=\"width:322px;height:auto\" srcset=\"https:\/\/ferenczykollegium.hu\/wp-content\/uploads\/2026\/02\/20260202_184335_FB-768x1024.jpg 768w, https:\/\/ferenczykollegium.hu\/wp-content\/uploads\/2026\/02\/20260202_184335_FB-225x300.jpg 225w, https:\/\/ferenczykollegium.hu\/wp-content\/uploads\/2026\/02\/20260202_184335_FB-1152x1536.jpg 1152w, https:\/\/ferenczykollegium.hu\/wp-content\/uploads\/2026\/02\/20260202_184335_FB-1536x2048.jpg 1536w, https:\/\/ferenczykollegium.hu\/wp-content\/uploads\/2026\/02\/20260202_184335_FB-scaled.jpg 1920w\" sizes=\"auto, (max-width: 768px) 100vw, 768px\" \/><\/figure>\n\n\n\n<figure class=\"wp-block-image size-large is-resized\"><img loading=\"lazy\" decoding=\"async\" width=\"762\" height=\"1024\" src=\"https:\/\/ferenczykollegium.hu\/wp-content\/uploads\/2026\/02\/20260202_184710_FB-762x1024.jpg\" alt=\"\" class=\"wp-image-2793\" style=\"width:323px;height:auto\" srcset=\"https:\/\/ferenczykollegium.hu\/wp-content\/uploads\/2026\/02\/20260202_184710_FB-762x1024.jpg 762w, https:\/\/ferenczykollegium.hu\/wp-content\/uploads\/2026\/02\/20260202_184710_FB-223x300.jpg 223w, https:\/\/ferenczykollegium.hu\/wp-content\/uploads\/2026\/02\/20260202_184710_FB-768x1032.jpg 768w, https:\/\/ferenczykollegium.hu\/wp-content\/uploads\/2026\/02\/20260202_184710_FB-1143x1536.jpg 1143w, https:\/\/ferenczykollegium.hu\/wp-content\/uploads\/2026\/02\/20260202_184710_FB.jpg 1195w\" sizes=\"auto, (max-width: 762px) 100vw, 762px\" \/><\/figure>\n\n\n\n<figure class=\"wp-block-image size-large is-resized\"><img loading=\"lazy\" decoding=\"async\" width=\"768\" height=\"1024\" src=\"https:\/\/ferenczykollegium.hu\/wp-content\/uploads\/2026\/02\/20260202_183651_FB-768x1024.jpg\" alt=\"\" class=\"wp-image-2797\" style=\"width:328px;height:auto\" srcset=\"https:\/\/ferenczykollegium.hu\/wp-content\/uploads\/2026\/02\/20260202_183651_FB-768x1024.jpg 768w, https:\/\/ferenczykollegium.hu\/wp-content\/uploads\/2026\/02\/20260202_183651_FB-225x300.jpg 225w, https:\/\/ferenczykollegium.hu\/wp-content\/uploads\/2026\/02\/20260202_183651_FB-1152x1536.jpg 1152w, https:\/\/ferenczykollegium.hu\/wp-content\/uploads\/2026\/02\/20260202_183651_FB-1536x2048.jpg 1536w, https:\/\/ferenczykollegium.hu\/wp-content\/uploads\/2026\/02\/20260202_183651_FB-scaled.jpg 1920w\" sizes=\"auto, (max-width: 768px) 100vw, 768px\" \/><\/figure>\n\n\n\n<figure class=\"wp-block-image size-large is-resized\"><img loading=\"lazy\" decoding=\"async\" width=\"768\" height=\"1024\" src=\"https:\/\/ferenczykollegium.hu\/wp-content\/uploads\/2026\/02\/20260202_183723_FB-768x1024.jpg\" alt=\"\" class=\"wp-image-2795\" style=\"width:326px;height:auto\" srcset=\"https:\/\/ferenczykollegium.hu\/wp-content\/uploads\/2026\/02\/20260202_183723_FB-768x1024.jpg 768w, https:\/\/ferenczykollegium.hu\/wp-content\/uploads\/2026\/02\/20260202_183723_FB-225x300.jpg 225w, https:\/\/ferenczykollegium.hu\/wp-content\/uploads\/2026\/02\/20260202_183723_FB-1152x1536.jpg 1152w, https:\/\/ferenczykollegium.hu\/wp-content\/uploads\/2026\/02\/20260202_183723_FB-1536x2048.jpg 1536w, https:\/\/ferenczykollegium.hu\/wp-content\/uploads\/2026\/02\/20260202_183723_FB-scaled.jpg 1920w\" sizes=\"auto, (max-width: 768px) 100vw, 768px\" \/><\/figure>\n\n\n\n<figure class=\"wp-block-image size-large is-resized\"><img loading=\"lazy\" decoding=\"async\" width=\"768\" height=\"1024\" src=\"https:\/\/ferenczykollegium.hu\/wp-content\/uploads\/2026\/02\/20260202_183750_FB-768x1024.jpg\" alt=\"\" class=\"wp-image-2798\" style=\"width:324px;height:auto\" srcset=\"https:\/\/ferenczykollegium.hu\/wp-content\/uploads\/2026\/02\/20260202_183750_FB-768x1024.jpg 768w, https:\/\/ferenczykollegium.hu\/wp-content\/uploads\/2026\/02\/20260202_183750_FB-225x300.jpg 225w, https:\/\/ferenczykollegium.hu\/wp-content\/uploads\/2026\/02\/20260202_183750_FB-1152x1536.jpg 1152w, https:\/\/ferenczykollegium.hu\/wp-content\/uploads\/2026\/02\/20260202_183750_FB-1536x2048.jpg 1536w, https:\/\/ferenczykollegium.hu\/wp-content\/uploads\/2026\/02\/20260202_183750_FB-scaled.jpg 1920w\" sizes=\"auto, (max-width: 768px) 100vw, 768px\" \/><\/figure>\n\n\n\n<figure class=\"wp-block-image size-large is-resized\"><img loading=\"lazy\" decoding=\"async\" width=\"768\" height=\"1024\" src=\"https:\/\/ferenczykollegium.hu\/wp-content\/uploads\/2026\/02\/20260202_183823_FB-768x1024.jpg\" alt=\"\" class=\"wp-image-2799\" style=\"width:331px;height:auto\" srcset=\"https:\/\/ferenczykollegium.hu\/wp-content\/uploads\/2026\/02\/20260202_183823_FB-768x1024.jpg 768w, https:\/\/ferenczykollegium.hu\/wp-content\/uploads\/2026\/02\/20260202_183823_FB-225x300.jpg 225w, https:\/\/ferenczykollegium.hu\/wp-content\/uploads\/2026\/02\/20260202_183823_FB-1152x1536.jpg 1152w, https:\/\/ferenczykollegium.hu\/wp-content\/uploads\/2026\/02\/20260202_183823_FB-1536x2048.jpg 1536w, https:\/\/ferenczykollegium.hu\/wp-content\/uploads\/2026\/02\/20260202_183823_FB-scaled.jpg 1920w\" sizes=\"auto, (max-width: 768px) 100vw, 768px\" \/><\/figure>\n\n\n\n<figure class=\"wp-block-image size-large is-resized\"><img loading=\"lazy\" decoding=\"async\" width=\"768\" height=\"1024\" src=\"https:\/\/ferenczykollegium.hu\/wp-content\/uploads\/2026\/02\/20260202_184145_FB-768x1024.jpg\" alt=\"\" class=\"wp-image-2800\" style=\"width:330px;height:auto\" srcset=\"https:\/\/ferenczykollegium.hu\/wp-content\/uploads\/2026\/02\/20260202_184145_FB-768x1024.jpg 768w, https:\/\/ferenczykollegium.hu\/wp-content\/uploads\/2026\/02\/20260202_184145_FB-225x300.jpg 225w, https:\/\/ferenczykollegium.hu\/wp-content\/uploads\/2026\/02\/20260202_184145_FB-1152x1536.jpg 1152w, https:\/\/ferenczykollegium.hu\/wp-content\/uploads\/2026\/02\/20260202_184145_FB-1536x2048.jpg 1536w, https:\/\/ferenczykollegium.hu\/wp-content\/uploads\/2026\/02\/20260202_184145_FB-scaled.jpg 1920w\" sizes=\"auto, (max-width: 768px) 100vw, 768px\" \/><\/figure>\n\n\n\n<figure class=\"wp-block-image size-large is-resized\"><img loading=\"lazy\" decoding=\"async\" width=\"768\" height=\"1024\" src=\"https:\/\/ferenczykollegium.hu\/wp-content\/uploads\/2026\/02\/20260202_184222_FB-768x1024.jpg\" alt=\"\" class=\"wp-image-2801\" style=\"width:332px;height:auto\" srcset=\"https:\/\/ferenczykollegium.hu\/wp-content\/uploads\/2026\/02\/20260202_184222_FB-768x1024.jpg 768w, https:\/\/ferenczykollegium.hu\/wp-content\/uploads\/2026\/02\/20260202_184222_FB-225x300.jpg 225w, https:\/\/ferenczykollegium.hu\/wp-content\/uploads\/2026\/02\/20260202_184222_FB-1152x1536.jpg 1152w, https:\/\/ferenczykollegium.hu\/wp-content\/uploads\/2026\/02\/20260202_184222_FB-1536x2048.jpg 1536w, https:\/\/ferenczykollegium.hu\/wp-content\/uploads\/2026\/02\/20260202_184222_FB-scaled.jpg 1920w\" sizes=\"auto, (max-width: 768px) 100vw, 768px\" \/><\/figure>\n\n\n\n<figure class=\"wp-block-image size-large is-resized\"><img loading=\"lazy\" decoding=\"async\" width=\"771\" height=\"1024\" src=\"https:\/\/ferenczykollegium.hu\/wp-content\/uploads\/2026\/02\/20260202_184237_FB-771x1024.jpg\" alt=\"\" class=\"wp-image-2802\" style=\"width:325px;height:auto\" srcset=\"https:\/\/ferenczykollegium.hu\/wp-content\/uploads\/2026\/02\/20260202_184237_FB-771x1024.jpg 771w, https:\/\/ferenczykollegium.hu\/wp-content\/uploads\/2026\/02\/20260202_184237_FB-226x300.jpg 226w, https:\/\/ferenczykollegium.hu\/wp-content\/uploads\/2026\/02\/20260202_184237_FB-768x1020.jpg 768w, https:\/\/ferenczykollegium.hu\/wp-content\/uploads\/2026\/02\/20260202_184237_FB-1157x1536.jpg 1157w, https:\/\/ferenczykollegium.hu\/wp-content\/uploads\/2026\/02\/20260202_184237_FB-1542x2048.jpg 1542w, https:\/\/ferenczykollegium.hu\/wp-content\/uploads\/2026\/02\/20260202_184237_FB-scaled.jpg 1928w\" sizes=\"auto, (max-width: 771px) 100vw, 771px\" \/><\/figure>\n\n\n\n<p class=\"has-text-align-center\"><strong>D\u00d6K K\u00d6ZGY\u0170L\u00c9S<\/strong><\/p>\n\n\n\n<p>2025. szeptember 15-\u00e1n a Ferenczy No\u00e9mi K\u00f6z\u00e9piskolai Le\u00e1nykoll\u00e9gium di\u00e1k\u00f6nkorm\u00e1nyzata megtartotta hagyom\u00e1nyos \u0151szi k\u00f6zgy\u0171l\u00e9s\u00e9t. A di\u00e1k k\u00e9pvisel\u0151k megtartott\u00e1k el\u0151z\u0151 tan\u00e9vre vonatkoz\u00f3 besz\u00e1mol\u00f3jukat: tanulm\u00e1nyi besz\u00e1mol\u00f3k, a koll\u00e9giumi sport- \u00e9s kultur\u00e1lis tev\u00e9kenys\u00e9g\u00e9r\u0151l sz\u00f3l\u00f3 besz\u00e1mol\u00f3k, p\u00e9nz\u00fcgyi besz\u00e1mol\u00f3.<\/p>\n\n\n\n<p>Szok\u00e1sos m\u00f3don sor ker\u00fclt a fels\u0151bb \u00e9vfolyamok n\u00e9vad\u00f3 m\u0171sorainak r\u00f6vid bemutat\u00e1s\u00e1ra annak \u00e9rdek\u00e9ben, hogy a kilencedikesek is t\u00e1j\u00e9koz\u00f3dhassanak a r\u00e1juk v\u00e1r\u00f3 feladatr\u00f3l. (Int\u00e9zm\u00e9nyi hagyom\u00e1ny, hogy minden csoport egy magyar h\u00edres embert v\u00e1laszt p\u00e9ldak\u00e9p\u00e9\u00fcl, akinek az \u00e9let\u00e9b\u0151l r\u00f6vid bemutatkoz\u00f3 el\u0151ad\u00e1st is k\u00e9sz\u00edt.)<\/p>\n\n\n\n<p>Sor ker\u00fclt tov\u00e1bb\u00e1 a meg\u00fcresedett posztok bet\u00f6lt\u00e9s\u00e9re, valamint az \u00e9ves tev\u00e9kenys\u00e9gi terv megbesz\u00e9l\u00e9s\u00e9re \u00e9s elfogad\u00e1s\u00e1ra is.<\/p>\n\n\n\n<figure class=\"wp-block-image size-large is-resized\"><img loading=\"lazy\" decoding=\"async\" width=\"1024\" height=\"768\" src=\"https:\/\/ferenczykollegium.hu\/wp-content\/uploads\/2025\/10\/20250915_180130-1024x768.jpg\" alt=\"\" class=\"wp-image-2569\" style=\"width:525px;height:auto\" srcset=\"https:\/\/ferenczykollegium.hu\/wp-content\/uploads\/2025\/10\/20250915_180130-1024x768.jpg 1024w, https:\/\/ferenczykollegium.hu\/wp-content\/uploads\/2025\/10\/20250915_180130-300x225.jpg 300w, https:\/\/ferenczykollegium.hu\/wp-content\/uploads\/2025\/10\/20250915_180130-768x576.jpg 768w, https:\/\/ferenczykollegium.hu\/wp-content\/uploads\/2025\/10\/20250915_180130-1536x1152.jpg 1536w, https:\/\/ferenczykollegium.hu\/wp-content\/uploads\/2025\/10\/20250915_180130-2048x1536.jpg 2048w\" sizes=\"auto, (max-width: 1024px) 100vw, 1024px\" \/><\/figure>\n\n\n\n<figure class=\"wp-block-image size-large is-resized\"><img loading=\"lazy\" decoding=\"async\" width=\"1024\" height=\"768\" src=\"https:\/\/ferenczykollegium.hu\/wp-content\/uploads\/2025\/10\/20250915_180316-1024x768.jpg\" alt=\"\" class=\"wp-image-2570\" style=\"width:525px;height:auto\" srcset=\"https:\/\/ferenczykollegium.hu\/wp-content\/uploads\/2025\/10\/20250915_180316-1024x768.jpg 1024w, https:\/\/ferenczykollegium.hu\/wp-content\/uploads\/2025\/10\/20250915_180316-300x225.jpg 300w, https:\/\/ferenczykollegium.hu\/wp-content\/uploads\/2025\/10\/20250915_180316-768x576.jpg 768w, https:\/\/ferenczykollegium.hu\/wp-content\/uploads\/2025\/10\/20250915_180316-1536x1152.jpg 1536w, https:\/\/ferenczykollegium.hu\/wp-content\/uploads\/2025\/10\/20250915_180316-2048x1536.jpg 2048w\" sizes=\"auto, (max-width: 1024px) 100vw, 1024px\" \/><\/figure>\n","protected":false},"excerpt":{"rendered":"<p>D\u00f6k k\u00f6zgy\u0171l\u00e9s, a f\u00e9l\u00e9v \u00e9rt\u00e9kel\u00e9se. D\u00d6K K\u00d6ZGY\u0170L\u00c9S 2025. szeptember 15-\u00e1n a Ferenczy No\u00e9mi K\u00f6z\u00e9piskolai Le\u00e1nykoll\u00e9gium di\u00e1k\u00f6nkorm\u00e1nyzata megtartotta hagyom\u00e1nyos \u0151szi k\u00f6zgy\u0171l\u00e9s\u00e9t. A di\u00e1k k\u00e9pvisel\u0151k megtartott\u00e1k el\u0151z\u0151 tan\u00e9vre vonatkoz\u00f3 besz\u00e1mol\u00f3jukat: tanulm\u00e1nyi besz\u00e1mol\u00f3k, a koll\u00e9giumi sport- \u00e9s kultur\u00e1lis tev\u00e9kenys\u00e9g\u00e9r\u0151l sz\u00f3l\u00f3 besz\u00e1mol\u00f3k, p\u00e9nz\u00fcgyi besz\u00e1mol\u00f3. Szok\u00e1sos m\u00f3don sor ker\u00fclt a fels\u0151bb \u00e9vfolyamok n\u00e9vad\u00f3 m\u0171sorainak r\u00f6vid bemutat\u00e1s\u00e1ra annak \u00e9rdek\u00e9ben, hogy a [&hellip;]<\/p>\n","protected":false},"author":1,"featured_media":0,"parent":0,"menu_order":0,"comment_status":"closed","ping_status":"closed","template":"","meta":{"ngg_post_thumbnail":0,"_mc_calendar":[],"footnotes":""},"class_list":["post-458","page","type-page","status-publish","hentry"],"yoast_head":"<!-- This site is optimized with the Yoast SEO plugin v27.2 - https:\/\/yoast.com\/product\/yoast-seo-wordpress\/ -->\n<title>Di\u00e1k\u00f6nkorm\u00e1nyzat - Ferenczy No\u00e9mi K\u00f6z\u00e9piskolai Le\u00e1nykoll\u00e9gium<\/title>\n<meta name=\"robots\" content=\"index, follow, max-snippet:-1, max-image-preview:large, max-video-preview:-1\" \/>\n<link rel=\"canonical\" href=\"https:\/\/ferenczykollegium.hu\/?page_id=458\" \/>\n<meta property=\"og:locale\" content=\"hu_HU\" \/>\n<meta property=\"og:type\" content=\"article\" \/>\n<meta property=\"og:title\" content=\"Di\u00e1k\u00f6nkorm\u00e1nyzat - Ferenczy No\u00e9mi K\u00f6z\u00e9piskolai Le\u00e1nykoll\u00e9gium\" \/>\n<meta property=\"og:description\" content=\"D\u00f6k k\u00f6zgy\u0171l\u00e9s, a f\u00e9l\u00e9v \u00e9rt\u00e9kel\u00e9se. D\u00d6K K\u00d6ZGY\u0170L\u00c9S 2025. szeptember 15-\u00e1n a Ferenczy No\u00e9mi K\u00f6z\u00e9piskolai Le\u00e1nykoll\u00e9gium di\u00e1k\u00f6nkorm\u00e1nyzata megtartotta hagyom\u00e1nyos \u0151szi k\u00f6zgy\u0171l\u00e9s\u00e9t. A di\u00e1k k\u00e9pvisel\u0151k megtartott\u00e1k el\u0151z\u0151 tan\u00e9vre vonatkoz\u00f3 besz\u00e1mol\u00f3jukat: tanulm\u00e1nyi besz\u00e1mol\u00f3k, a koll\u00e9giumi sport- \u00e9s kultur\u00e1lis tev\u00e9kenys\u00e9g\u00e9r\u0151l sz\u00f3l\u00f3 besz\u00e1mol\u00f3k, p\u00e9nz\u00fcgyi besz\u00e1mol\u00f3. Szok\u00e1sos m\u00f3don sor ker\u00fclt a fels\u0151bb \u00e9vfolyamok n\u00e9vad\u00f3 m\u0171sorainak r\u00f6vid bemutat\u00e1s\u00e1ra annak \u00e9rdek\u00e9ben, hogy a [&hellip;]\" \/>\n<meta property=\"og:url\" content=\"https:\/\/ferenczykollegium.hu\/?page_id=458\" \/>\n<meta property=\"og:site_name\" content=\"Ferenczy No\u00e9mi K\u00f6z\u00e9piskolai Le\u00e1nykoll\u00e9gium\" \/>\n<meta property=\"article:publisher\" content=\"https:\/\/www.facebook.com\/ferenczynoemi.kozepiskolaikollegium\" \/>\n<meta property=\"article:modified_time\" content=\"2026-02-05T17:51:54+00:00\" \/>\n<meta property=\"og:image\" content=\"https:\/\/ferenczykollegium.hu\/wp-content\/uploads\/2026\/02\/20260202_184306_FB-scaled.jpg\" \/>\n\t<meta property=\"og:image:width\" content=\"2560\" \/>\n\t<meta property=\"og:image:height\" content=\"1920\" \/>\n\t<meta property=\"og:image:type\" content=\"image\/jpeg\" \/>\n<meta name=\"twitter:card\" content=\"summary_large_image\" \/>\n<meta name=\"twitter:label1\" content=\"Becs\u00fclt olvas\u00e1si id\u0151\" \/>\n\t<meta name=\"twitter:data1\" content=\"3 perc\" \/>\n<script type=\"application\/ld+json\" class=\"yoast-schema-graph\">{\"@context\":\"https:\/\/schema.org\",\"@graph\":[{\"@type\":\"WebPage\",\"@id\":\"https:\/\/ferenczykollegium.hu\/?page_id=458\",\"url\":\"https:\/\/ferenczykollegium.hu\/?page_id=458\",\"name\":\"Di\u00e1k\u00f6nkorm\u00e1nyzat - Ferenczy No\u00e9mi K\u00f6z\u00e9piskolai Le\u00e1nykoll\u00e9gium\",\"isPartOf\":{\"@id\":\"https:\/\/ferenczykollegium.hu\/#website\"},\"primaryImageOfPage\":{\"@id\":\"https:\/\/ferenczykollegium.hu\/?page_id=458#primaryimage\"},\"image\":{\"@id\":\"https:\/\/ferenczykollegium.hu\/?page_id=458#primaryimage\"},\"thumbnailUrl\":\"https:\/\/ferenczykollegium.hu\/wp-content\/uploads\/2026\/02\/20260202_184306_FB-1024x768.jpg\",\"datePublished\":\"2020-01-20T14:58:47+00:00\",\"dateModified\":\"2026-02-05T17:51:54+00:00\",\"inLanguage\":\"hu\",\"potentialAction\":[{\"@type\":\"ReadAction\",\"target\":[\"https:\/\/ferenczykollegium.hu\/?page_id=458\"]}]},{\"@type\":\"ImageObject\",\"inLanguage\":\"hu\",\"@id\":\"https:\/\/ferenczykollegium.hu\/?page_id=458#primaryimage\",\"url\":\"https:\/\/ferenczykollegium.hu\/wp-content\/uploads\/2026\/02\/20260202_184306_FB-scaled.jpg\",\"contentUrl\":\"https:\/\/ferenczykollegium.hu\/wp-content\/uploads\/2026\/02\/20260202_184306_FB-scaled.jpg\",\"width\":2560,\"height\":1920},{\"@type\":\"WebSite\",\"@id\":\"https:\/\/ferenczykollegium.hu\/#website\",\"url\":\"https:\/\/ferenczykollegium.hu\/\",\"name\":\"Ferenczy No\u00e9mi K\u00f6z\u00e9piskolai Le\u00e1nykoll\u00e9gium\",\"description\":\"\",\"potentialAction\":[{\"@type\":\"SearchAction\",\"target\":{\"@type\":\"EntryPoint\",\"urlTemplate\":\"https:\/\/ferenczykollegium.hu\/?s={search_term_string}\"},\"query-input\":{\"@type\":\"PropertyValueSpecification\",\"valueRequired\":true,\"valueName\":\"search_term_string\"}}],\"inLanguage\":\"hu\"}]}<\/script>\n<!-- \/ Yoast SEO plugin. -->","yoast_head_json":{"title":"Di\u00e1k\u00f6nkorm\u00e1nyzat - Ferenczy No\u00e9mi K\u00f6z\u00e9piskolai Le\u00e1nykoll\u00e9gium","robots":{"index":"index","follow":"follow","max-snippet":"max-snippet:-1","max-image-preview":"max-image-preview:large","max-video-preview":"max-video-preview:-1"},"canonical":"https:\/\/ferenczykollegium.hu\/?page_id=458","og_locale":"hu_HU","og_type":"article","og_title":"Di\u00e1k\u00f6nkorm\u00e1nyzat - Ferenczy No\u00e9mi K\u00f6z\u00e9piskolai Le\u00e1nykoll\u00e9gium","og_description":"D\u00f6k k\u00f6zgy\u0171l\u00e9s, a f\u00e9l\u00e9v \u00e9rt\u00e9kel\u00e9se. D\u00d6K K\u00d6ZGY\u0170L\u00c9S 2025. szeptember 15-\u00e1n a Ferenczy No\u00e9mi K\u00f6z\u00e9piskolai Le\u00e1nykoll\u00e9gium di\u00e1k\u00f6nkorm\u00e1nyzata megtartotta hagyom\u00e1nyos \u0151szi k\u00f6zgy\u0171l\u00e9s\u00e9t. A di\u00e1k k\u00e9pvisel\u0151k megtartott\u00e1k el\u0151z\u0151 tan\u00e9vre vonatkoz\u00f3 besz\u00e1mol\u00f3jukat: tanulm\u00e1nyi besz\u00e1mol\u00f3k, a koll\u00e9giumi sport- \u00e9s kultur\u00e1lis tev\u00e9kenys\u00e9g\u00e9r\u0151l sz\u00f3l\u00f3 besz\u00e1mol\u00f3k, p\u00e9nz\u00fcgyi besz\u00e1mol\u00f3. Szok\u00e1sos m\u00f3don sor ker\u00fclt a fels\u0151bb \u00e9vfolyamok n\u00e9vad\u00f3 m\u0171sorainak r\u00f6vid bemutat\u00e1s\u00e1ra annak \u00e9rdek\u00e9ben, hogy a [&hellip;]","og_url":"https:\/\/ferenczykollegium.hu\/?page_id=458","og_site_name":"Ferenczy No\u00e9mi K\u00f6z\u00e9piskolai Le\u00e1nykoll\u00e9gium","article_publisher":"https:\/\/www.facebook.com\/ferenczynoemi.kozepiskolaikollegium","article_modified_time":"2026-02-05T17:51:54+00:00","og_image":[{"width":2560,"height":1920,"url":"https:\/\/ferenczykollegium.hu\/wp-content\/uploads\/2026\/02\/20260202_184306_FB-scaled.jpg","type":"image\/jpeg"}],"twitter_card":"summary_large_image","twitter_misc":{"Becs\u00fclt olvas\u00e1si id\u0151":"3 perc"},"schema":{"@context":"https:\/\/schema.org","@graph":[{"@type":"WebPage","@id":"https:\/\/ferenczykollegium.hu\/?page_id=458","url":"https:\/\/ferenczykollegium.hu\/?page_id=458","name":"Di\u00e1k\u00f6nkorm\u00e1nyzat - Ferenczy No\u00e9mi K\u00f6z\u00e9piskolai Le\u00e1nykoll\u00e9gium","isPartOf":{"@id":"https:\/\/ferenczykollegium.hu\/#website"},"primaryImageOfPage":{"@id":"https:\/\/ferenczykollegium.hu\/?page_id=458#primaryimage"},"image":{"@id":"https:\/\/ferenczykollegium.hu\/?page_id=458#primaryimage"},"thumbnailUrl":"https:\/\/ferenczykollegium.hu\/wp-content\/uploads\/2026\/02\/20260202_184306_FB-1024x768.jpg","datePublished":"2020-01-20T14:58:47+00:00","dateModified":"2026-02-05T17:51:54+00:00","inLanguage":"hu","potentialAction":[{"@type":"ReadAction","target":["https:\/\/ferenczykollegium.hu\/?page_id=458"]}]},{"@type":"ImageObject","inLanguage":"hu","@id":"https:\/\/ferenczykollegium.hu\/?page_id=458#primaryimage","url":"https:\/\/ferenczykollegium.hu\/wp-content\/uploads\/2026\/02\/20260202_184306_FB-scaled.jpg","contentUrl":"https:\/\/ferenczykollegium.hu\/wp-content\/uploads\/2026\/02\/20260202_184306_FB-scaled.jpg","width":2560,"height":1920},{"@type":"WebSite","@id":"https:\/\/ferenczykollegium.hu\/#website","url":"https:\/\/ferenczykollegium.hu\/","name":"Ferenczy No\u00e9mi K\u00f6z\u00e9piskolai Le\u00e1nykoll\u00e9gium","description":"","potentialAction":[{"@type":"SearchAction","target":{"@type":"EntryPoint","urlTemplate":"https:\/\/ferenczykollegium.hu\/?s={search_term_string}"},"query-input":{"@type":"PropertyValueSpecification","valueRequired":true,"valueName":"search_term_string"}}],"inLanguage":"hu"}]}},"_links":{"self":[{"href":"https:\/\/ferenczykollegium.hu\/index.php?rest_route=\/wp\/v2\/pages\/458","targetHints":{"allow":["GET"]}}],"collection":[{"href":"https:\/\/ferenczykollegium.hu\/index.php?rest_route=\/wp\/v2\/pages"}],"about":[{"href":"https:\/\/ferenczykollegium.hu\/index.php?rest_route=\/wp\/v2\/types\/page"}],"author":[{"embeddable":true,"href":"https:\/\/ferenczykollegium.hu\/index.php?rest_route=\/wp\/v2\/users\/1"}],"replies":[{"embeddable":true,"href":"https:\/\/ferenczykollegium.hu\/index.php?rest_route=%2Fwp%2Fv2%2Fcomments&post=458"}],"version-history":[{"count":7,"href":"https:\/\/ferenczykollegium.hu\/index.php?rest_route=\/wp\/v2\/pages\/458\/revisions"}],"predecessor-version":[{"id":2803,"href":"https:\/\/ferenczykollegium.hu\/index.php?rest_route=\/wp\/v2\/pages\/458\/revisions\/2803"}],"wp:attachment":[{"href":"https:\/\/ferenczykollegium.hu\/index.php?rest_route=%2Fwp%2Fv2%2Fmedia&parent=458"}],"curies":[{"name":"wp","href":"https:\/\/api.w.org\/{rel}","templated":true}]}}