{"id":820,"date":"2021-01-13T15:34:44","date_gmt":"2021-01-13T15:34:44","guid":{"rendered":"https:\/\/teszt.ferenczykollegium.hu\/?page_id=820"},"modified":"2021-05-19T11:38:08","modified_gmt":"2021-05-19T11:38:08","slug":"2020-2021-2","status":"publish","type":"page","link":"https:\/\/ferenczykollegium.hu\/?page_id=820","title":{"rendered":"2020-2021"},"content":{"rendered":"\n<p>Covid tan\u00e9v <\/p>\n\n\n\n<figure class=\"wp-block-gallery columns-3 is-cropped wp-block-gallery-1 is-layout-flex wp-block-gallery-is-layout-flex\"><ul class=\"blocks-gallery-grid\"><li class=\"blocks-gallery-item\"><figure><img loading=\"lazy\" decoding=\"async\" width=\"766\" height=\"1024\" src=\"https:\/\/teszt.ferenczykollegium.hu\/wp-content\/uploads\/2021\/05\/IMG_20201207_164453-766x1024.jpg\" alt=\"\" data-id=\"915\" data-link=\"https:\/\/teszt.ferenczykollegium.hu\/?attachment_id=915\" class=\"wp-image-915\" srcset=\"https:\/\/ferenczykollegium.hu\/wp-content\/uploads\/2021\/05\/IMG_20201207_164453-766x1024.jpg 766w, https:\/\/ferenczykollegium.hu\/wp-content\/uploads\/2021\/05\/IMG_20201207_164453-224x300.jpg 224w, https:\/\/ferenczykollegium.hu\/wp-content\/uploads\/2021\/05\/IMG_20201207_164453-768x1027.jpg 768w, https:\/\/ferenczykollegium.hu\/wp-content\/uploads\/2021\/05\/IMG_20201207_164453-1149x1536.jpg 1149w, https:\/\/ferenczykollegium.hu\/wp-content\/uploads\/2021\/05\/IMG_20201207_164453-1532x2048.jpg 1532w, https:\/\/ferenczykollegium.hu\/wp-content\/uploads\/2021\/05\/IMG_20201207_164453-scaled.jpg 1915w\" sizes=\"auto, (max-width: 766px) 100vw, 766px\" \/><\/figure><\/li><li class=\"blocks-gallery-item\"><figure><img loading=\"lazy\" decoding=\"async\" width=\"766\" height=\"1024\" src=\"https:\/\/teszt.ferenczykollegium.hu\/wp-content\/uploads\/2021\/05\/IMG_20210222_171559-766x1024.jpg\" alt=\"\" data-id=\"917\" data-link=\"https:\/\/teszt.ferenczykollegium.hu\/?attachment_id=917\" class=\"wp-image-917\" srcset=\"https:\/\/ferenczykollegium.hu\/wp-content\/uploads\/2021\/05\/IMG_20210222_171559-766x1024.jpg 766w, https:\/\/ferenczykollegium.hu\/wp-content\/uploads\/2021\/05\/IMG_20210222_171559-224x300.jpg 224w, https:\/\/ferenczykollegium.hu\/wp-content\/uploads\/2021\/05\/IMG_20210222_171559-768x1027.jpg 768w, https:\/\/ferenczykollegium.hu\/wp-content\/uploads\/2021\/05\/IMG_20210222_171559-1149x1536.jpg 1149w, https:\/\/ferenczykollegium.hu\/wp-content\/uploads\/2021\/05\/IMG_20210222_171559-1532x2048.jpg 1532w, https:\/\/ferenczykollegium.hu\/wp-content\/uploads\/2021\/05\/IMG_20210222_171559-scaled.jpg 1915w\" sizes=\"auto, (max-width: 766px) 100vw, 766px\" \/><\/figure><\/li><li class=\"blocks-gallery-item\"><figure><img loading=\"lazy\" decoding=\"async\" width=\"1024\" height=\"766\" src=\"https:\/\/teszt.ferenczykollegium.hu\/wp-content\/uploads\/2021\/05\/IMG_20201217_121248-1024x766.jpg\" alt=\"\" data-id=\"923\" data-full-url=\"https:\/\/teszt.ferenczykollegium.hu\/wp-content\/uploads\/2021\/05\/IMG_20201217_121248-scaled.jpg\" data-link=\"https:\/\/teszt.ferenczykollegium.hu\/?attachment_id=923\" class=\"wp-image-923\" srcset=\"https:\/\/ferenczykollegium.hu\/wp-content\/uploads\/2021\/05\/IMG_20201217_121248-1024x766.jpg 1024w, https:\/\/ferenczykollegium.hu\/wp-content\/uploads\/2021\/05\/IMG_20201217_121248-300x224.jpg 300w, https:\/\/ferenczykollegium.hu\/wp-content\/uploads\/2021\/05\/IMG_20201217_121248-768x574.jpg 768w, https:\/\/ferenczykollegium.hu\/wp-content\/uploads\/2021\/05\/IMG_20201217_121248-1536x1149.jpg 1536w, https:\/\/ferenczykollegium.hu\/wp-content\/uploads\/2021\/05\/IMG_20201217_121248-2048x1532.jpg 2048w\" sizes=\"auto, (max-width: 1024px) 100vw, 1024px\" \/><\/figure><\/li><\/ul><\/figure>\n","protected":false},"excerpt":{"rendered":"<p>Covid tan\u00e9v<\/p>\n","protected":false},"author":1,"featured_media":0,"parent":0,"menu_order":0,"comment_status":"closed","ping_status":"closed","template":"","meta":{"ngg_post_thumbnail":0,"_mc_calendar":[],"footnotes":""},"class_list":["post-820","page","type-page","status-publish","hentry"],"yoast_head":"<!-- This site is optimized with the Yoast SEO plugin v27.2 - https:\/\/yoast.com\/product\/yoast-seo-wordpress\/ -->\n<title>2020-2021 - Ferenczy No\u00e9mi K\u00f6z\u00e9piskolai Le\u00e1nykoll\u00e9gium<\/title>\n<meta name=\"robots\" content=\"index, follow, max-snippet:-1, max-image-preview:large, max-video-preview:-1\" \/>\n<link rel=\"canonical\" href=\"https:\/\/ferenczykollegium.hu\/?page_id=820\" \/>\n<meta property=\"og:locale\" content=\"hu_HU\" \/>\n<meta property=\"og:type\" content=\"article\" \/>\n<meta property=\"og:title\" content=\"2020-2021 - Ferenczy No\u00e9mi K\u00f6z\u00e9piskolai Le\u00e1nykoll\u00e9gium\" \/>\n<meta property=\"og:description\" content=\"Covid tan\u00e9v\" \/>\n<meta property=\"og:url\" content=\"https:\/\/ferenczykollegium.hu\/?page_id=820\" \/>\n<meta property=\"og:site_name\" content=\"Ferenczy No\u00e9mi K\u00f6z\u00e9piskolai Le\u00e1nykoll\u00e9gium\" \/>\n<meta property=\"article:publisher\" content=\"https:\/\/www.facebook.com\/ferenczynoemi.kozepiskolaikollegium\" \/>\n<meta property=\"article:modified_time\" content=\"2021-05-19T11:38:08+00:00\" \/>\n<meta property=\"og:image\" content=\"https:\/\/ferenczykollegium.hu\/wp-content\/uploads\/2021\/05\/IMG_20201207_164453-scaled.jpg\" \/>\n\t<meta property=\"og:image:width\" content=\"1915\" \/>\n\t<meta property=\"og:image:height\" content=\"2560\" \/>\n\t<meta property=\"og:image:type\" content=\"image\/jpeg\" \/>\n<meta name=\"twitter:card\" content=\"summary_large_image\" \/>\n<script type=\"application\/ld+json\" class=\"yoast-schema-graph\">{\"@context\":\"https:\/\/schema.org\",\"@graph\":[{\"@type\":\"WebPage\",\"@id\":\"https:\/\/ferenczykollegium.hu\/?page_id=820\",\"url\":\"https:\/\/ferenczykollegium.hu\/?page_id=820\",\"name\":\"2020-2021 - Ferenczy No\u00e9mi K\u00f6z\u00e9piskolai Le\u00e1nykoll\u00e9gium\",\"isPartOf\":{\"@id\":\"https:\/\/ferenczykollegium.hu\/#website\"},\"primaryImageOfPage\":{\"@id\":\"https:\/\/ferenczykollegium.hu\/?page_id=820#primaryimage\"},\"image\":{\"@id\":\"https:\/\/ferenczykollegium.hu\/?page_id=820#primaryimage\"},\"thumbnailUrl\":\"https:\/\/teszt.ferenczykollegium.hu\/wp-content\/uploads\/2021\/05\/IMG_20201207_164453-766x1024.jpg\",\"datePublished\":\"2021-01-13T15:34:44+00:00\",\"dateModified\":\"2021-05-19T11:38:08+00:00\",\"inLanguage\":\"hu\",\"potentialAction\":[{\"@type\":\"ReadAction\",\"target\":[\"https:\/\/ferenczykollegium.hu\/?page_id=820\"]}]},{\"@type\":\"ImageObject\",\"inLanguage\":\"hu\",\"@id\":\"https:\/\/ferenczykollegium.hu\/?page_id=820#primaryimage\",\"url\":\"https:\/\/teszt.ferenczykollegium.hu\/wp-content\/uploads\/2021\/05\/IMG_20201207_164453-766x1024.jpg\",\"contentUrl\":\"https:\/\/teszt.ferenczykollegium.hu\/wp-content\/uploads\/2021\/05\/IMG_20201207_164453-766x1024.jpg\"},{\"@type\":\"WebSite\",\"@id\":\"https:\/\/ferenczykollegium.hu\/#website\",\"url\":\"https:\/\/ferenczykollegium.hu\/\",\"name\":\"Ferenczy No\u00e9mi K\u00f6z\u00e9piskolai Le\u00e1nykoll\u00e9gium\",\"description\":\"\",\"potentialAction\":[{\"@type\":\"SearchAction\",\"target\":{\"@type\":\"EntryPoint\",\"urlTemplate\":\"https:\/\/ferenczykollegium.hu\/?s={search_term_string}\"},\"query-input\":{\"@type\":\"PropertyValueSpecification\",\"valueRequired\":true,\"valueName\":\"search_term_string\"}}],\"inLanguage\":\"hu\"}]}<\/script>\n<!-- \/ Yoast SEO plugin. -->","yoast_head_json":{"title":"2020-2021 - Ferenczy No\u00e9mi K\u00f6z\u00e9piskolai Le\u00e1nykoll\u00e9gium","robots":{"index":"index","follow":"follow","max-snippet":"max-snippet:-1","max-image-preview":"max-image-preview:large","max-video-preview":"max-video-preview:-1"},"canonical":"https:\/\/ferenczykollegium.hu\/?page_id=820","og_locale":"hu_HU","og_type":"article","og_title":"2020-2021 - Ferenczy No\u00e9mi K\u00f6z\u00e9piskolai Le\u00e1nykoll\u00e9gium","og_description":"Covid tan\u00e9v","og_url":"https:\/\/ferenczykollegium.hu\/?page_id=820","og_site_name":"Ferenczy No\u00e9mi K\u00f6z\u00e9piskolai Le\u00e1nykoll\u00e9gium","article_publisher":"https:\/\/www.facebook.com\/ferenczynoemi.kozepiskolaikollegium","article_modified_time":"2021-05-19T11:38:08+00:00","og_image":[{"width":1915,"height":2560,"url":"https:\/\/ferenczykollegium.hu\/wp-content\/uploads\/2021\/05\/IMG_20201207_164453-scaled.jpg","type":"image\/jpeg"}],"twitter_card":"summary_large_image","schema":{"@context":"https:\/\/schema.org","@graph":[{"@type":"WebPage","@id":"https:\/\/ferenczykollegium.hu\/?page_id=820","url":"https:\/\/ferenczykollegium.hu\/?page_id=820","name":"2020-2021 - Ferenczy No\u00e9mi K\u00f6z\u00e9piskolai Le\u00e1nykoll\u00e9gium","isPartOf":{"@id":"https:\/\/ferenczykollegium.hu\/#website"},"primaryImageOfPage":{"@id":"https:\/\/ferenczykollegium.hu\/?page_id=820#primaryimage"},"image":{"@id":"https:\/\/ferenczykollegium.hu\/?page_id=820#primaryimage"},"thumbnailUrl":"https:\/\/teszt.ferenczykollegium.hu\/wp-content\/uploads\/2021\/05\/IMG_20201207_164453-766x1024.jpg","datePublished":"2021-01-13T15:34:44+00:00","dateModified":"2021-05-19T11:38:08+00:00","inLanguage":"hu","potentialAction":[{"@type":"ReadAction","target":["https:\/\/ferenczykollegium.hu\/?page_id=820"]}]},{"@type":"ImageObject","inLanguage":"hu","@id":"https:\/\/ferenczykollegium.hu\/?page_id=820#primaryimage","url":"https:\/\/teszt.ferenczykollegium.hu\/wp-content\/uploads\/2021\/05\/IMG_20201207_164453-766x1024.jpg","contentUrl":"https:\/\/teszt.ferenczykollegium.hu\/wp-content\/uploads\/2021\/05\/IMG_20201207_164453-766x1024.jpg"},{"@type":"WebSite","@id":"https:\/\/ferenczykollegium.hu\/#website","url":"https:\/\/ferenczykollegium.hu\/","name":"Ferenczy No\u00e9mi K\u00f6z\u00e9piskolai Le\u00e1nykoll\u00e9gium","description":"","potentialAction":[{"@type":"SearchAction","target":{"@type":"EntryPoint","urlTemplate":"https:\/\/ferenczykollegium.hu\/?s={search_term_string}"},"query-input":{"@type":"PropertyValueSpecification","valueRequired":true,"valueName":"search_term_string"}}],"inLanguage":"hu"}]}},"_links":{"self":[{"href":"https:\/\/ferenczykollegium.hu\/index.php?rest_route=\/wp\/v2\/pages\/820","targetHints":{"allow":["GET"]}}],"collection":[{"href":"https:\/\/ferenczykollegium.hu\/index.php?rest_route=\/wp\/v2\/pages"}],"about":[{"href":"https:\/\/ferenczykollegium.hu\/index.php?rest_route=\/wp\/v2\/types\/page"}],"author":[{"embeddable":true,"href":"https:\/\/ferenczykollegium.hu\/index.php?rest_route=\/wp\/v2\/users\/1"}],"replies":[{"embeddable":true,"href":"https:\/\/ferenczykollegium.hu\/index.php?rest_route=%2Fwp%2Fv2%2Fcomments&post=820"}],"version-history":[{"count":8,"href":"https:\/\/ferenczykollegium.hu\/index.php?rest_route=\/wp\/v2\/pages\/820\/revisions"}],"predecessor-version":[{"id":924,"href":"https:\/\/ferenczykollegium.hu\/index.php?rest_route=\/wp\/v2\/pages\/820\/revisions\/924"}],"wp:attachment":[{"href":"https:\/\/ferenczykollegium.hu\/index.php?rest_route=%2Fwp%2Fv2%2Fmedia&parent=820"}],"curies":[{"name":"wp","href":"https:\/\/api.w.org\/{rel}","templated":true}]}}